{"id":19751,"date":"2024-06-06T11:00:15","date_gmt":"2024-06-06T11:00:15","guid":{"rendered":"https:\/\/france-gastronomie.shop\/?post_type=product&#038;p=19751"},"modified":"2026-02-12T15:41:11","modified_gmt":"2026-02-12T14:41:11","slug":"gouda-fermier-a-la-truffe","status":"publish","type":"product","link":"https:\/\/france-gastronomie.shop\/fr\/produit\/gouda-fermier-a-la-truffe\/","title":{"rendered":"Gouda fermier <br\/> \u00e0 la truffe"},"content":{"rendered":"<h5>Gouda fermier \u00e0 la truffe<\/h5>\n<p class=\"text\">Fromage tr\u00e8s savoureux, \u00e9labor\u00e9 \u00e0 partir de lait de vache thermis\u00e9. Les miettes de truffe noire que contient la p\u00e2te lui conf\u00e8rent une saveur irr\u00e9sistible. Un fromage destin\u00e9 aux gastronomes.<\/p>\n","protected":false},"excerpt":{"rendered":"<h5>Gouda fermier \u00e0 la truffe<\/h5>\n<p>Gouda fermier avec des miettes de truffe noire.<\/p>\n","protected":false},"featured_media":23951,"comment_status":"closed","ping_status":"closed","template":"","meta":[],"product_brand":[],"product_cat":[628,776,319],"product_tag":[],"class_list":{"0":"post-19751","1":"product","2":"type-product","3":"status-publish","4":"has-post-thumbnail","6":"product_cat-au-lait-de-vaches","7":"product_cat-produit-frais","8":"product_cat-fromages","10":"first","11":"instock","12":"taxable","13":"shipping-taxable","14":"product-type-variable"},"jetpack_sharing_enabled":true,"_links":{"self":[{"href":"https:\/\/france-gastronomie.shop\/fr\/wp-json\/wp\/v2\/product\/19751","targetHints":{"allow":["GET"]}}],"collection":[{"href":"https:\/\/france-gastronomie.shop\/fr\/wp-json\/wp\/v2\/product"}],"about":[{"href":"https:\/\/france-gastronomie.shop\/fr\/wp-json\/wp\/v2\/types\/product"}],"replies":[{"embeddable":true,"href":"https:\/\/france-gastronomie.shop\/fr\/wp-json\/wp\/v2\/comments?post=19751"}],"wp:featuredmedia":[{"embeddable":true,"href":"https:\/\/france-gastronomie.shop\/fr\/wp-json\/wp\/v2\/media\/23951"}],"wp:attachment":[{"href":"https:\/\/france-gastronomie.shop\/fr\/wp-json\/wp\/v2\/media?parent=19751"}],"wp:term":[{"taxonomy":"product_brand","embeddable":true,"href":"https:\/\/france-gastronomie.shop\/fr\/wp-json\/wp\/v2\/product_brand?post=19751"},{"taxonomy":"product_cat","embeddable":true,"href":"https:\/\/france-gastronomie.shop\/fr\/wp-json\/wp\/v2\/product_cat?post=19751"},{"taxonomy":"product_tag","embeddable":true,"href":"https:\/\/france-gastronomie.shop\/fr\/wp-json\/wp\/v2\/product_tag?post=19751"}],"curies":[{"name":"wp","href":"https:\/\/api.w.org\/{rel}","templated":true}]}}