{"id":1858,"date":"2020-08-26T05:00:23","date_gmt":"2020-08-26T05:00:23","guid":{"rendered":"https:\/\/france-gastronomie.shop\/produit\/chateau-barberousse-imperialesaint-emilion\/"},"modified":"2024-10-31T09:55:34","modified_gmt":"2024-10-31T09:55:34","slug":"chateau-barberousse-imperialesaint-emilion","status":"publish","type":"product","link":"https:\/\/france-gastronomie.shop\/fr\/produit\/chateau-barberousse-imperialesaint-emilion\/","title":{"rendered":"AOC Saint-\u00c9milion <br\/> Ch\u00e2teau Barberousse 6L"},"content":{"rendered":"<h5>Ch\u00e2teau Barberousse IMPERIALE<\/h5>\n<h5>AOC Saint-\u00c9milion 6 Litres<\/h5>\n<p>Origine<br \/>\nSt\u00e9phane Puyol produit un Saint-\u00c9milion dans sa plus belle expression. Issu d&rsquo;un subtil assemblage domin\u00e9 par le merlot (80%) et un \u00e9levage de 12 mois en f\u00fbts de ch\u00eane.<\/p>\n<p>C\u00e9pages<br \/>\nMerlot 80%, Cabernet Franc 10%, Cabernet Sauvignon 10%<\/p>\n<p>Degustation<br \/>\nBelle robe couleur pourpre, dense. Au nez se vin r\u00e9v\u00e8le un bouquet de fruits rouges m\u00fbrs accompagn\u00e9s d&rsquo;une note l\u00e9g\u00e8rement vanill\u00e9e. Bouche tr\u00e8s ronde sur des tannins fondus et des notes grill\u00e9es.<\/p>\n<p>Accords mets et vins<br \/>\nLe Ch\u00e2teau Barberousse se mariera \u00e0 la perfection avec un filet mignon de b\u0153uf et une po\u00eal\u00e9e de c\u00e8pes, ou bien un civet de lapin et des pommes de terre saut\u00e9es \u00e0 l\u2019ail et au persil, sur toutes viandes grill\u00e9es ou en sauce.<\/p>\n<p>M\u00e9daille d&rsquo;Or Lyon 2016<\/p>\n","protected":false},"excerpt":{"rendered":"<h5>AOC Saint-\u00c9milion 6 Litres<\/h5>\n<p>Maison Le Star est la concr\u00e9tisation d\u2019un r\u00eave et l\u2019expression d\u2019une passion.<br \/>\nEntour\u00e9 d\u2019une \u00e9quipe de professionnels, \u0153nologues et sommeliers, garants de la qualit\u00e9 des vins que nous produisons et s\u00e9lectionnons, nous offrons aux futurs amateurs et aux connaisseurs du monde entier des vins fran\u00e7ais de qualit\u00e9 au prix juste.<\/p>\n<p>C\u00e9pages: Merlot 80%, Cabernet Franc 10%, Cabernet Sauvignon 10%<\/p>\n","protected":false},"featured_media":2049,"comment_status":"closed","ping_status":"closed","template":"","meta":[],"product_brand":[],"product_cat":[85,251,242,243,272,250,29],"product_tag":[],"class_list":{"0":"post-1858","1":"product","2":"type-product","3":"status-publish","4":"has-post-thumbnail","6":"product_cat-vins","7":"product_cat-grands-vins","8":"product_cat-regions","9":"product_cat-bordeaux","10":"product_cat-saint-emilion","11":"product_cat-couleur","12":"product_cat-vin-rouge","14":"first","15":"outofstock","16":"taxable","17":"shipping-taxable","18":"purchasable","19":"product-type-simple"},"jetpack_sharing_enabled":true,"_links":{"self":[{"href":"https:\/\/france-gastronomie.shop\/fr\/wp-json\/wp\/v2\/product\/1858","targetHints":{"allow":["GET"]}}],"collection":[{"href":"https:\/\/france-gastronomie.shop\/fr\/wp-json\/wp\/v2\/product"}],"about":[{"href":"https:\/\/france-gastronomie.shop\/fr\/wp-json\/wp\/v2\/types\/product"}],"replies":[{"embeddable":true,"href":"https:\/\/france-gastronomie.shop\/fr\/wp-json\/wp\/v2\/comments?post=1858"}],"wp:featuredmedia":[{"embeddable":true,"href":"https:\/\/france-gastronomie.shop\/fr\/wp-json\/wp\/v2\/media\/2049"}],"wp:attachment":[{"href":"https:\/\/france-gastronomie.shop\/fr\/wp-json\/wp\/v2\/media?parent=1858"}],"wp:term":[{"taxonomy":"product_brand","embeddable":true,"href":"https:\/\/france-gastronomie.shop\/fr\/wp-json\/wp\/v2\/product_brand?post=1858"},{"taxonomy":"product_cat","embeddable":true,"href":"https:\/\/france-gastronomie.shop\/fr\/wp-json\/wp\/v2\/product_cat?post=1858"},{"taxonomy":"product_tag","embeddable":true,"href":"https:\/\/france-gastronomie.shop\/fr\/wp-json\/wp\/v2\/product_tag?post=1858"}],"curies":[{"name":"wp","href":"https:\/\/api.w.org\/{rel}","templated":true}]}}