{"id":1857,"date":"2020-08-05T11:22:00","date_gmt":"2020-08-05T11:22:00","guid":{"rendered":"https:\/\/france-gastronomie.shop\/produit\/chateau-picon-la-reserve-bordeaux-superieur\/"},"modified":"2025-12-15T09:50:52","modified_gmt":"2025-12-15T09:50:52","slug":"chateau-picon-la-reserve-bordeaux-superieur__trashed","status":"publish","type":"product","link":"https:\/\/france-gastronomie.shop\/fr\/produit\/chateau-picon-la-reserve-bordeaux-superieur__trashed\/","title":{"rendered":"Ch\u00e2teau Picon MAGNUM <br\/> Bordeaux Sup\u00e9rieur"},"content":{"rendered":"<h5>Ch\u00e2teau Picon MAGNUM La R\u00e9serve<\/h5>\n<p>Magnum 1,5l<\/p>\n<h5>AOC Bordeaux Sup\u00e9rieur<\/h5>\n<p>ORIGINE &#8211; TERROIR<br \/>\nLes premi\u00e8res mentions se rapportant \u00e0 la fondation du vignoble de la Seigneurie de Picon datent de 1070. Pendant 9 si\u00e8cles, le domaine a peu souvent chang\u00e9 de famille poss\u00e9dante, illustrant ainsi une tradition de maintenance du patrimoine foncier. Le vignoble a progressivement \u00e9t\u00e9 replant\u00e9 au fil des ann\u00e9es. La chai a enti\u00e8rement \u00e9t\u00e9 r\u00e9nov\u00e9 et adapt\u00e9 aux techniques modernes de vinification. Le ch\u00e2teau Picon est situ\u00e9 sur la commune d\u2019Eynesse, \u00e0 proximit\u00e9 de la bastide de Sainte -Foy-la-Grande. La majestueuse propri\u00e9t\u00e9 de 81 hectares est nich\u00e9e sur un plateau surplombant la vall\u00e9e de la Dordogne. Elle b\u00e9n\u00e9ficie d\u2019un terroir exceptionnel, fait d\u2019un sol graveleux en surface et argilo-calcaire en profondeur. Les vignes, d\u2019une moyenne d\u2019\u00e2ge de 35 ans, sont essentiellement expos\u00e9es plein sud. Elles sont dispos\u00e9es d\u2019un seul tenant autour du ch\u00e2teau et des chais. Le Ch\u00e2teau Picon est certifi\u00e9 Agriculture Raisonn\u00e9e. Il est engag\u00e9 dans une viticulture durable, respectueuse de l\u2019environnement et port\u00e9e sur la qualit\u00e9.<\/p>\n<p>CEPAGES<br \/>\n60% Merlot, 40% Cabernet Sauvignon<\/p>\n<p>DEGUSTATION<br \/>\nCh\u00e2teau Picon La R\u00e9serve arbore une robe rouge carmin, sombre et profonde. Fin et complexe, le nez d\u00e9voile des senteurs de fruits rouges et de torr\u00e9faction. Le palais est puissant, concentr\u00e9 et \u00e9toff\u00e9. Les ar\u00f4mes de fruits tr\u00e8s m\u00fbrs se m\u00ealent aux notes grill\u00e9es et vanill\u00e9es. A la fois complexe et harmonieux, une r\u00e9f\u00e9rence de l\u2019appellation.<\/p>\n<p>ACCORDS METS &amp; VINS<br \/>\nCh\u00e2teau Picon La R\u00e9serve se mariera \u00e0 merveille avec les mets les plus raffin\u00e9s de la cuisine fran\u00e7aise, tels qu\u2019un r\u00f4ti d\u2019agneau \u00e0 l\u2019ail ou un tournedos rossini. Il trouvera \u00e9galement sa place en association avec des plats du quotidien, comme des tagliatelles \u00e0 la bolognaise ou un gratin de l\u00e9gumes.<\/p>\n<p>18\u00b0C.<\/p>\n<p>RECOMPENSES<br \/>\n2016: M\u00e9daille d\u2019Or \u2013 Concours de Bordeaux 2018<br \/>\nM\u00e9daille d\u2019Or &#8211; CWSA 2018<br \/>\nDouble M\u00e9daille d\u2019Or \u2013 Sakura Awards 2018<br \/>\nM\u00e9daille de Bronze \u2013 Decanter Awards 2018<br \/>\n16\/20 Coup de C\u0153ur \u2013 Bettane&amp;Dessauve<\/p>\n","protected":false},"excerpt":{"rendered":"<h5>Ch\u00e2teau Picon MAGNUM La R\u00e9serve<br \/>\nAOC Bordeaux Sup\u00e9rieur<\/h5>\n<h4><strong>Caisse bois<\/strong><\/h4>\n<h3><strong>1,5L<\/strong><\/h3>\n<p>Maison Le Star est la concr\u00e9tisation d\u2019un r\u00eave et l\u2019expression d\u2019une passion.<br \/>\nEntour\u00e9 d\u2019une \u00e9quipe de professionnels, \u0153nologues et sommeliers, garants de la qualit\u00e9 des vins que nous produisons et s\u00e9lectionnons, nous offrons aux futurs amateurs et aux connaisseurs du monde entier des vins fran\u00e7ais de qualit\u00e9 au prix juste.<\/p>\n<p>CEPAGES<br \/>\n60% Merlot, 40% Cabernet Sauvignon<\/p>\n","protected":false},"featured_media":25989,"comment_status":"closed","ping_status":"closed","template":"","meta":[],"product_brand":[],"product_cat":[85,242,243,265,250,29],"product_tag":[],"class_list":{"0":"post-1857","1":"product","2":"type-product","3":"status-publish","4":"has-post-thumbnail","6":"product_cat-vins","7":"product_cat-regions","8":"product_cat-bordeaux","9":"product_cat-bordeaux-superieur","10":"product_cat-couleur","11":"product_cat-vin-rouge","13":"first","14":"instock","15":"taxable","16":"shipping-taxable","17":"purchasable","18":"product-type-simple"},"jetpack_sharing_enabled":true,"_links":{"self":[{"href":"https:\/\/france-gastronomie.shop\/fr\/wp-json\/wp\/v2\/product\/1857","targetHints":{"allow":["GET"]}}],"collection":[{"href":"https:\/\/france-gastronomie.shop\/fr\/wp-json\/wp\/v2\/product"}],"about":[{"href":"https:\/\/france-gastronomie.shop\/fr\/wp-json\/wp\/v2\/types\/product"}],"replies":[{"embeddable":true,"href":"https:\/\/france-gastronomie.shop\/fr\/wp-json\/wp\/v2\/comments?post=1857"}],"wp:featuredmedia":[{"embeddable":true,"href":"https:\/\/france-gastronomie.shop\/fr\/wp-json\/wp\/v2\/media\/25989"}],"wp:attachment":[{"href":"https:\/\/france-gastronomie.shop\/fr\/wp-json\/wp\/v2\/media?parent=1857"}],"wp:term":[{"taxonomy":"product_brand","embeddable":true,"href":"https:\/\/france-gastronomie.shop\/fr\/wp-json\/wp\/v2\/product_brand?post=1857"},{"taxonomy":"product_cat","embeddable":true,"href":"https:\/\/france-gastronomie.shop\/fr\/wp-json\/wp\/v2\/product_cat?post=1857"},{"taxonomy":"product_tag","embeddable":true,"href":"https:\/\/france-gastronomie.shop\/fr\/wp-json\/wp\/v2\/product_tag?post=1857"}],"curies":[{"name":"wp","href":"https:\/\/api.w.org\/{rel}","templated":true}]}}