{"id":1850,"date":"2020-08-03T11:06:30","date_gmt":"2020-08-03T11:06:30","guid":{"rendered":"https:\/\/france-gastronomie.shop\/produit\/chateau-cazeau-1560\/"},"modified":"2024-11-06T11:26:46","modified_gmt":"2024-11-06T11:26:46","slug":"chateau-cazeau-1560","status":"publish","type":"product","link":"https:\/\/france-gastronomie.shop\/fr\/produit\/chateau-cazeau-1560\/","title":{"rendered":"Ch\u00e2teau Cazeau <br\/> 1560"},"content":{"rendered":"<h5>Ch\u00e2teau Cazeau 1560<\/h5>\n<h5>AOC Vin de Bordeaux<\/h5>\n<p>ORIGINE &#8211; TERROIR<br \/>\nLe Ch\u00e2teau Cazeau jouit d\u2019une magnifique chartreuse girondine dont les origines remontent au 16e si\u00e8cle. Il est id\u00e9alement situ\u00e9 \u00e0 Gornac, sur l\u2019une des voies les plus anciennes de l\u2019Entre-Deux-Mers, \u00e0 seulement quelques kilom\u00e8tres \u00e0 l\u2019est de Sauveterre de Guyenne. Son vignoble de plus de 300 hectares b\u00e9n\u00e9ficie d\u2019une situation exceptionnelle sur des coteaux argilo-calcaires culminant \u00e0 110 m\u00e8tres d\u2019altitude et principalement expos\u00e9s sud. Plant\u00e9es tout au tour du ch\u00e2teau, les vignes sont judicieusement r\u00e9parties entre c\u00e9pages rouges et blancs selon les terroirs. D\u2019une moyenne d\u2019\u00e2ge de 35 ans, elles sont cultiv\u00e9es avec soin, de mani\u00e8re traditionnelle et dans le respect de leur environnement. Le vaste chai dispose de tous les \u00e9quipements modernes (contr\u00f4le des temp\u00e9ratures, pressoir pneumatiques, micro-oxyg\u00e9nation) n\u00e9cessaires pour \u00e9laborer des grands vins. Cette cuv\u00e9e a \u00e9t\u00e9 \u00e9labor\u00e9e en r\u00e9f\u00e9rence \u00e0 la premi\u00e8re mention \u00e9crite du ch\u00e2teau, datant de 1560, et rend hommage aux cinq si\u00e8cles d\u2019histoire viticole du domaine qui ont contribu\u00e9 \u00e0 forger le savoir-faire d\u2019aujourd\u2019hui.<\/p>\n<p>CEPAGES<br \/>\n50% Merlot, 30% Cabernet Franc, 20% Cabernet Sauvignon<\/p>\n<p>DEGUSTATION<br \/>\nPar\u00e9 d\u2019une robe limpide aux reflets rubis, le Ch\u00e2teau Cazeau 1560 d\u00e9voile au nez un bouquet marqu\u00e9 par les fruits noirs, les petits fruits des bois, soulign\u00e9s d\u2019un bois\u00e9 grill\u00e9.<br \/>\nL\u2019attaque est tendre et laisse place \u00e0 une \u00e9l\u00e9gante structure o\u00f9 les notes vanill\u00e9es dominent et s\u2019\u00e9tirent sur une longue finale chaleureuse, aux ar\u00f4mes de confiture de figues.<\/p>\n<p>ACCORDS METS &amp; VINS<br \/>\nLe Ch\u00e2teau Cazeau 1560 s\u2019accordera harmonieusement avec les viandes rouges grill\u00e9es, les volailles r\u00f4ties ou les desserts \u00e0 base de fruits rouges.<br \/>\nServir \u00e0 18\u00b0C.<\/p>\n<p>RECOMPENSES<br \/>\n2016: M\u00e9daille d\u2019Or \u2013 Concours de Lyon 2017<br \/>\n2016: M\u00e9daille d\u2019Or \u2013 Concours Gilbert &amp; Gaillard 2017<br \/>\nM\u00e9daille d\u2019Argent \u2013 Concours de Macon 2017<\/p>\n","protected":false},"excerpt":{"rendered":"<h5>AOC Vin de Bordeaux<\/h5>\n<p>Maison Le Star est la concr\u00e9tisation d\u2019un r\u00eave et l\u2019expression d\u2019une passion.<br \/>\nEntour\u00e9 d\u2019une \u00e9quipe de professionnels, \u0153nologues et sommeliers, garants de la qualit\u00e9 des vins que nous produisons et s\u00e9lectionnons, nous offrons aux futurs amateurs et aux connaisseurs du monde entier des vins fran\u00e7ais de qualit\u00e9 au prix juste.<\/p>\n<p>CEPAGES<br \/>\n50% Merlot, 30% Cabernet Franc, 20% Cabernet Sauvignon<\/p>\n","protected":false},"featured_media":8781,"comment_status":"closed","ping_status":"closed","template":"","meta":[],"product_brand":[],"product_cat":[85,242,243,263,250,29],"product_tag":[],"class_list":{"0":"post-1850","1":"product","2":"type-product","3":"status-publish","4":"has-post-thumbnail","6":"product_cat-vins","7":"product_cat-regions","8":"product_cat-bordeaux","9":"product_cat-vins-de-bordeaux","10":"product_cat-couleur","11":"product_cat-vin-rouge","13":"first","14":"outofstock","15":"taxable","16":"shipping-taxable","17":"purchasable","18":"product-type-simple"},"jetpack_sharing_enabled":true,"_links":{"self":[{"href":"https:\/\/france-gastronomie.shop\/fr\/wp-json\/wp\/v2\/product\/1850","targetHints":{"allow":["GET"]}}],"collection":[{"href":"https:\/\/france-gastronomie.shop\/fr\/wp-json\/wp\/v2\/product"}],"about":[{"href":"https:\/\/france-gastronomie.shop\/fr\/wp-json\/wp\/v2\/types\/product"}],"replies":[{"embeddable":true,"href":"https:\/\/france-gastronomie.shop\/fr\/wp-json\/wp\/v2\/comments?post=1850"}],"wp:featuredmedia":[{"embeddable":true,"href":"https:\/\/france-gastronomie.shop\/fr\/wp-json\/wp\/v2\/media\/8781"}],"wp:attachment":[{"href":"https:\/\/france-gastronomie.shop\/fr\/wp-json\/wp\/v2\/media?parent=1850"}],"wp:term":[{"taxonomy":"product_brand","embeddable":true,"href":"https:\/\/france-gastronomie.shop\/fr\/wp-json\/wp\/v2\/product_brand?post=1850"},{"taxonomy":"product_cat","embeddable":true,"href":"https:\/\/france-gastronomie.shop\/fr\/wp-json\/wp\/v2\/product_cat?post=1850"},{"taxonomy":"product_tag","embeddable":true,"href":"https:\/\/france-gastronomie.shop\/fr\/wp-json\/wp\/v2\/product_tag?post=1850"}],"curies":[{"name":"wp","href":"https:\/\/api.w.org\/{rel}","templated":true}]}}