{"id":1848,"date":"2020-08-21T06:04:57","date_gmt":"2020-08-21T06:04:57","guid":{"rendered":"https:\/\/france-gastronomie.shop\/produit\/chateau-trapaudsaint-emilion-grand-cru\/"},"modified":"2025-04-16T10:33:18","modified_gmt":"2025-04-16T10:33:18","slug":"chateau-trapaudsaint-emilion-grand-cru","status":"publish","type":"product","link":"https:\/\/france-gastronomie.shop\/fr\/produit\/chateau-trapaudsaint-emilion-grand-cru\/","title":{"rendered":"Ch\u00e2teau Trapaud <br\/> St-Emilion Grand Cru"},"content":{"rendered":"<h5>Ch\u00e2teau Trapaud<\/h5>\n<h5>AOC Saint-\u00c9milion Grand Cru BIO<\/h5>\n<p>Origine<br \/>\nLes origines de ce quartier remontent au XVIe si\u00e8cle. Un certain Pierre Trapaud s&rsquo;installe dans la r\u00e9gion de Saint-Emilion pour y exercer la profession de notaire<br \/>\net devient conseiller municipal en 1556. Son nom figure au cadastre \u00e0 cette date. La propri\u00e9t\u00e9 est achet\u00e9e par<br \/>\nPierre Larribi\u00e8re en 1927, le vignoble est agrandi et les chais modernis\u00e9s au fil des g\u00e9n\u00e9rations. En 1999, B\u00e9atrice Larribi\u00e8re, arri\u00e8re-petite-fille de Pierre, reprend l&rsquo;exploitation familiale. Elle s&rsquo;attache \u00e0 poursuivre son d\u00e9veloppement dans le respect des pratiques viticoles et du travail de ses anc\u00eatres. Elle a proc\u00e9d\u00e9 \u00e0 une longue s\u00e9rie d&rsquo;am\u00e9liorations techniques et fonctionnelles. Attentive \u00e0 la terre, au travail des hommes et \u00e0 son environnement, elle prend la d\u00e9cision en 2009 de passer en production biologique. Aujourd&rsquo;hui, la cave g\u00e8re 15 hectares de vignes adjacentes. Les vignes ont une moyenne d&rsquo;\u00e2ge de 45 ans et certaines ont plus de 100 ans. Elles sont plant\u00e9es sur des sols argilo-calcaires et sablo-limoneux. Les premiers donnent des vins plus concentr\u00e9s, les seconds une couleur intense et un style plus l\u00e9ger. Les vignes sont plant\u00e9es principalement de merlot (70 %), ainsi que de cabernet franc (20 %) et de cabernet sauvignon (10 %).              <\/p>\n<p>Fermentation<br \/>\nCulture : syst\u00e8me de double taille, d&rsquo;effeuillage et de r\u00e9colte en vert. Vendanges manuelles et tables de tri.<br \/>\nFermentation traditionnelle en cuves inox thermor\u00e9gul\u00e9es. Mac\u00e9ration de 30 jours.<br \/>\n\u00c9lev\u00e9 pendant 12 mois en f\u00fbts de ch\u00eane fran\u00e7ais (contenant \u00bc de bois neuf).<\/p>\n<p>Vari\u00e9t\u00e9s<br \/>\nMerlot 64%, Cabernet Franc 36%.<\/p>\n<p>D\u00e9gustation<br \/>\nCouleur pourpre fonc\u00e9. Les ar\u00f4mes d\u00e9licats offrent des fruits noirs tels que le cassis et la m\u00fbre, avec des notes de pain et d&rsquo;\u00e9pices.<br \/>\nDes saveurs fra\u00eeches, charnues et \u00e9l\u00e9gantes avec des tanins discrets qui apportent complexit\u00e9 et finesse. Longueur exceptionnelle et structure riche. <\/p>\n<p>Service<br \/>\nCe vin est id\u00e9al avec un faux-filet grill\u00e9, de l&rsquo;agneau en cro\u00fbte d&rsquo;herbes, de la venaison brais\u00e9e ou des fromages,<br \/>\ncomme le Saint-Nectaire.<\/p>\n<p>Temp\u00e9rature<br \/>\n17\u00b0C<br \/>\nP\u00e9riode de consommation id\u00e9ale : de 2016 \u00e0 2019<br \/>\nPossibilit\u00e9 de maturation : jusqu&rsquo;en 2022<\/p>\n<p>R\u00e9compenses<br \/>\nLe Point 15-15.5\/20 \u00ab\u00a0Coup de coeur\u00a0\u00bb<br \/>\nM\u00e9daille d&rsquo;or \u00ab\u00a0Elle \u00e0 table\u00a0\u00bb au concours 2016<br \/>\nM\u00e9daille de bronze Challenge Mill\u00e9simes Bio 2015<br \/>\nM\u00e9daille de bronze Concours des Vignerons Ind\u00e9pendants 2015<\/p>\n","protected":false},"excerpt":{"rendered":"<h5>AOC Saint-\u00c9milion Grand Cru BIO<\/h5>\n<p>Maison Le Star est la r\u00e9alisation d&rsquo;un r\u00eave et l&rsquo;expression d&rsquo;une passion.<br \/>\nEntour\u00e9s d&rsquo;une \u00e9quipe de professionnels, \u0153nologues et sommeliers, garants de la qualit\u00e9 des vins que nous produisons et s\u00e9lectionnons, nous proposons aux futurs amateurs et connaisseurs du monde entier des vins fran\u00e7ais de qualit\u00e9 au juste prix.<\/p>\n<p>Vari\u00e9t\u00e9s<br \/>\nMerlot 64%, Cabernet Franc 36%.<\/p>\n","protected":false},"featured_media":1520,"comment_status":"closed","ping_status":"closed","template":"","meta":[],"product_brand":[],"product_cat":[85,251,242,243,273,250,29,252],"product_tag":[],"class_list":{"0":"post-1848","1":"product","2":"type-product","3":"status-publish","4":"has-post-thumbnail","6":"product_cat-vins","7":"product_cat-grands-vins","8":"product_cat-regions","9":"product_cat-bordeaux","10":"product_cat-saint-emilion-grand-cru","11":"product_cat-couleur","12":"product_cat-vin-rouge","13":"product_cat-bio","15":"first","16":"instock","17":"taxable","18":"shipping-taxable","19":"purchasable","20":"product-type-simple"},"jetpack_sharing_enabled":true,"_links":{"self":[{"href":"https:\/\/france-gastronomie.shop\/fr\/wp-json\/wp\/v2\/product\/1848","targetHints":{"allow":["GET"]}}],"collection":[{"href":"https:\/\/france-gastronomie.shop\/fr\/wp-json\/wp\/v2\/product"}],"about":[{"href":"https:\/\/france-gastronomie.shop\/fr\/wp-json\/wp\/v2\/types\/product"}],"replies":[{"embeddable":true,"href":"https:\/\/france-gastronomie.shop\/fr\/wp-json\/wp\/v2\/comments?post=1848"}],"wp:featuredmedia":[{"embeddable":true,"href":"https:\/\/france-gastronomie.shop\/fr\/wp-json\/wp\/v2\/media\/1520"}],"wp:attachment":[{"href":"https:\/\/france-gastronomie.shop\/fr\/wp-json\/wp\/v2\/media?parent=1848"}],"wp:term":[{"taxonomy":"product_brand","embeddable":true,"href":"https:\/\/france-gastronomie.shop\/fr\/wp-json\/wp\/v2\/product_brand?post=1848"},{"taxonomy":"product_cat","embeddable":true,"href":"https:\/\/france-gastronomie.shop\/fr\/wp-json\/wp\/v2\/product_cat?post=1848"},{"taxonomy":"product_tag","embeddable":true,"href":"https:\/\/france-gastronomie.shop\/fr\/wp-json\/wp\/v2\/product_tag?post=1848"}],"curies":[{"name":"wp","href":"https:\/\/api.w.org\/{rel}","templated":true}]}}