{"id":1826,"date":"2020-08-27T15:59:52","date_gmt":"2020-08-27T15:59:52","guid":{"rendered":"https:\/\/france-gastronomie.shop\/?post_type=product&#038;p=1826"},"modified":"2024-11-04T10:37:37","modified_gmt":"2024-11-04T10:37:37","slug":"le-triporteur-igp-vaucluse","status":"publish","type":"product","link":"https:\/\/france-gastronomie.shop\/fr\/produit\/le-triporteur-igp-vaucluse\/","title":{"rendered":"Bag In Box 3l <br\/> Le Triporteur"},"content":{"rendered":"<h5>Le Triporteur<\/h5>\n<h5>2022<br \/>\nIGP Vaucluse Blanc<\/h5>\n<p>Le Triporteur est une com\u00e9die r\u00e9alis\u00e9e en 1957 par Jacques Pinoteau. Ce film a r\u00e9v\u00e9l\u00e9 Darry Cowl au grand \u00e9cran. Ce com\u00e9dien y joue un r\u00f4le de personnage candide qui fait la route en Triporteur jusqu&rsquo;\u00e0 Nice afin d&rsquo;assister \u00e0 la finale de la coupe de football et y supporter son village. Tout comme le film, ce vin vous invite au bon vivre fran\u00e7ais, \u00e0 la jovialit\u00e9 et au c\u00f4t\u00e9 festif \u00e0 la fran\u00e7aise.<\/p>\n<p>Terroir d&rsquo;origine<br \/>\nArgilo siliceux<\/p>\n<p>C\u00e9pages<br \/>\nGrenache, Bourboulenc, Clairette, Marsanne, Roussane et Sauvignon<\/p>\n<p>Vinification<br \/>\nEgrappage, pressurage, d\u00e9bourbage, fermentation \u00e0 basse temp\u00e9rature 14 \u00e0 16\u00b0 C en cuve inox.<br \/>\nEmbouteill\u00e9 \u00e0 la fin de l&rsquo;hiver afin de conserer un maximum de fra\u00eecheur aromatique.<br \/>\nPas de fermentation malolactique afin d&rsquo;optimiser la fraicheur, l&rsquo;\u00e9quilibre en ma\u00eetrisant l&rsquo;acidit\u00e9.<\/p>\n<p>Vieillissement<br \/>\nMise en bouteille au d\u00e9but du printemps afin de conserver un maximum de fra\u00eecheur et d&rsquo;intensit\u00e9 aromatique<\/p>\n<p>D\u00e9gustation<br \/>\nCe vin blanc a une jolie robe jaune p\u00e2le \u00e0 reflets verts. Il est issu de plusieurs c\u00e9pages dont le Grenache qui apporte le gras et la rondeur en bouche et des notes de fleurs blanches, la Clairette qui am\u00e8ne des ar\u00f4mes floraux et la fraicheur. Marsanne et Roussane apportent des ar\u00f4me de fruits \u00e0 noyaux, le Sauvignon une touche zest\u00e9e et poivr\u00e9e. Le mode de vinification \u00e0 basse temp\u00e9rature favorise une forte intensit\u00e9 aromatique.<\/p>\n<p>Conseils de d\u00e9gustation<br \/>\nA boire d\u00e8s maintenant et peut \u00eatre gard\u00e9e de 2-3 ans. Servir entre 10-12\u00b0C.<\/p>\n<p>Conseils d&rsquo;accompagnement<br \/>\nPlats de crustac\u00e9s et de poissons ou diverses entr\u00e9es. Tr\u00e8s bon avec des fromages de ch\u00e8vre \u00e9galement.<\/p>\n","protected":false},"excerpt":{"rendered":"<h5>2022<br \/>\nIGP Vaucluse<\/h5>\n<p>C\u00e9pages:<br \/>\nGrenache, Bourboulenc, Clairette, Marsanne, Roussane et Sauvignon<\/p>\n","protected":false},"featured_media":9790,"comment_status":"closed","ping_status":"closed","template":"","meta":[],"product_brand":[],"product_cat":[563,85,242,244,281,250,19],"product_tag":[],"class_list":{"0":"post-1826","1":"product","2":"type-product","3":"status-publish","4":"has-post-thumbnail","6":"product_cat-bag-in-box-3l","7":"product_cat-vins","8":"product_cat-regions","9":"product_cat-vallee-du-rhone","10":"product_cat-principaute-dorange-et-vaucluse","11":"product_cat-couleur","12":"product_cat-vin-blanc","14":"first","15":"instock","16":"taxable","17":"shipping-taxable","18":"purchasable","19":"product-type-simple"},"jetpack_sharing_enabled":true,"_links":{"self":[{"href":"https:\/\/france-gastronomie.shop\/fr\/wp-json\/wp\/v2\/product\/1826","targetHints":{"allow":["GET"]}}],"collection":[{"href":"https:\/\/france-gastronomie.shop\/fr\/wp-json\/wp\/v2\/product"}],"about":[{"href":"https:\/\/france-gastronomie.shop\/fr\/wp-json\/wp\/v2\/types\/product"}],"replies":[{"embeddable":true,"href":"https:\/\/france-gastronomie.shop\/fr\/wp-json\/wp\/v2\/comments?post=1826"}],"wp:featuredmedia":[{"embeddable":true,"href":"https:\/\/france-gastronomie.shop\/fr\/wp-json\/wp\/v2\/media\/9790"}],"wp:attachment":[{"href":"https:\/\/france-gastronomie.shop\/fr\/wp-json\/wp\/v2\/media?parent=1826"}],"wp:term":[{"taxonomy":"product_brand","embeddable":true,"href":"https:\/\/france-gastronomie.shop\/fr\/wp-json\/wp\/v2\/product_brand?post=1826"},{"taxonomy":"product_cat","embeddable":true,"href":"https:\/\/france-gastronomie.shop\/fr\/wp-json\/wp\/v2\/product_cat?post=1826"},{"taxonomy":"product_tag","embeddable":true,"href":"https:\/\/france-gastronomie.shop\/fr\/wp-json\/wp\/v2\/product_tag?post=1826"}],"curies":[{"name":"wp","href":"https:\/\/api.w.org\/{rel}","templated":true}]}}