{"id":1815,"date":"2020-08-27T11:02:36","date_gmt":"2020-08-27T11:02:36","guid":{"rendered":"https:\/\/france-gastronomie.shop\/?post_type=product&#038;p=1815"},"modified":"2025-11-27T11:26:02","modified_gmt":"2025-11-27T11:26:02","slug":"domaine-saint-jacquescotes-du-rhone-bio","status":"publish","type":"product","link":"https:\/\/france-gastronomie.shop\/fr\/produit\/domaine-saint-jacquescotes-du-rhone-bio\/","title":{"rendered":"Domaine St-Jacques <br\/> AOC C\u00f4tes du Rh\u00f4ne BIO"},"content":{"rendered":"<h5>Domaine Saint Jacques<\/h5>\n<h5>AOC C\u00f4tes du Rh\u00f4ne BIO<\/h5>\n<p>Terroir d\u2019origine<br \/>\nArgilo calcaire.<\/p>\n<p>Vinification<br \/>\nEgrappage, cuvaison 15 \u00e0 20 jours, remontages et d\u00e9lestages journaliers. Temp\u00e9rature de fermentation 28 \u00e0 30\u00b0C.<\/p>\n<p>Vieillissement<br \/>\n6 mois en cuve<\/p>\n<p>C\u00e9pages<br \/>\nGrenache 65%, Syrah 15 %, Carignan 15%, Mourv\u00e8dre 5%<\/p>\n<p>Notes de d\u00e9gustation de notre \u0153nologue<br \/>\nLa robe est d\u2019un beau rouge intense, aux reflets violets assez prononc\u00e9s. Le nez est puissant avec une dominante<br \/>\nde fruits rouges dont la framboise, la fraise ainsi que des notes \u00e9pic\u00e9es comme le r\u00e9glisse. Bel \u00e9quilibre en bouche<br \/>\navec beaucoup de fraicheur, de la rondeur et des tanins fins et fondus.<\/p>\n<p>Mise en bouteille<br \/>\nA la propri\u00e9t\u00e9<\/p>\n<p>Conseils de d\u00e9gustation<br \/>\nGarde 3-5 ans. 15\u00b0-17\u00b0C.<\/p>\n<p>Conseils d\u2019accompagnement<br \/>\nIl s\u2019accordera avec tous les plats de la cuisine m\u00e9diterran\u00e9enne m\u00eame \u00e9pic\u00e9s ainsi qu\u2019avec des plats en sauce.<\/p>\n<p>Palmar\u00e9s<br \/>\n2014: M\u00e9daille Or\/Gold Medal CGA Paris 2015<br \/>\nM\u00e9daille Or\/Gold Medal Gilbert et Gaillard 2015 Guide 2016 : 84\/100<br \/>\n2013: M\u00e9daille Or\/Gold Medal Gilbert et Gaillard 2015 Guide 2016 : 83\/100<br \/>\n2015: M\u00e9daille Or\/Gold Medal Gilbert et Gaillard 2016 Guide 2017 : 85\/100<br \/>\nM\u00e9daille Or\/Gold Medal Lyon 2016<\/p>\n","protected":false},"excerpt":{"rendered":"<h5>AOC C\u00f4tes du Rh\u00f4ne BIO<\/h5>\n<p>En 1925, un groupe de vignerons convaincu par les valeurs de solidarit\u00e9 et d\u2019entraide s\u2019unit. Onze ans apr\u00e8s, ces vignerons visionnaires participeront \u00e0 la construction de la 1\u00e8re appellation de France : CH\u00c2TEAUNEUF-DU-PAPE.<br \/>\nSoud\u00e9s comme \u00e0 l\u2019origine, les 189 Vignerons du CELLIER DES PRINCES sont aujourd\u2019hui fiers de faire appr\u00e9cier leurs vins sur les cinq continents et de pouvoir transmettre leurs valeurs de convivialit\u00e9 et d\u2019excellence.<\/p>\n<p>C\u00e9pages: Grenache 65%, Syrah 15 %, Carignan 15%, Mourv\u00e8dre 5%<\/p>\n","protected":false},"featured_media":1816,"comment_status":"closed","ping_status":"closed","template":"","meta":[],"product_brand":[],"product_cat":[85,242,244,282,250,29,252],"product_tag":[],"class_list":{"0":"post-1815","1":"product","2":"type-product","3":"status-publish","4":"has-post-thumbnail","6":"product_cat-vins","7":"product_cat-regions","8":"product_cat-vallee-du-rhone","9":"product_cat-cotes-du-rhone","10":"product_cat-couleur","11":"product_cat-vin-rouge","12":"product_cat-bio","14":"first","15":"instock","16":"taxable","17":"shipping-taxable","18":"purchasable","19":"product-type-simple"},"jetpack_sharing_enabled":true,"_links":{"self":[{"href":"https:\/\/france-gastronomie.shop\/fr\/wp-json\/wp\/v2\/product\/1815","targetHints":{"allow":["GET"]}}],"collection":[{"href":"https:\/\/france-gastronomie.shop\/fr\/wp-json\/wp\/v2\/product"}],"about":[{"href":"https:\/\/france-gastronomie.shop\/fr\/wp-json\/wp\/v2\/types\/product"}],"replies":[{"embeddable":true,"href":"https:\/\/france-gastronomie.shop\/fr\/wp-json\/wp\/v2\/comments?post=1815"}],"wp:featuredmedia":[{"embeddable":true,"href":"https:\/\/france-gastronomie.shop\/fr\/wp-json\/wp\/v2\/media\/1816"}],"wp:attachment":[{"href":"https:\/\/france-gastronomie.shop\/fr\/wp-json\/wp\/v2\/media?parent=1815"}],"wp:term":[{"taxonomy":"product_brand","embeddable":true,"href":"https:\/\/france-gastronomie.shop\/fr\/wp-json\/wp\/v2\/product_brand?post=1815"},{"taxonomy":"product_cat","embeddable":true,"href":"https:\/\/france-gastronomie.shop\/fr\/wp-json\/wp\/v2\/product_cat?post=1815"},{"taxonomy":"product_tag","embeddable":true,"href":"https:\/\/france-gastronomie.shop\/fr\/wp-json\/wp\/v2\/product_tag?post=1815"}],"curies":[{"name":"wp","href":"https:\/\/api.w.org\/{rel}","templated":true}]}}