{"id":17103,"date":"2023-12-06T15:55:28","date_gmt":"2023-12-06T15:55:28","guid":{"rendered":"https:\/\/france-gastronomie.shop\/?post_type=product&#038;p=17103"},"modified":"2025-09-30T07:43:37","modified_gmt":"2025-09-30T07:43:37","slug":"cheddar-ail-fines-herbes","status":"publish","type":"product","link":"https:\/\/france-gastronomie.shop\/fr\/produit\/cheddar-ail-fines-herbes\/","title":{"rendered":"Cheddar green <br\/> Ail et Fines Herbes"},"content":{"rendered":"<h5>Cheddar Vert Ail et Fines Herbes<\/h5>\n<ul>\n<li>Poids: 200g<\/li>\n<\/ul>\n","protected":false},"excerpt":{"rendered":"<h5>Cheddar Vert Ail et Fines Herbes<\/h5>\n<p>Cheddar affin\u00e9, assaisonn\u00e9 avec beaucoup d`herbes du jardin et juste la bonne quantit\u00e9 d`ail &#8211; frais, aromatique, d\u00e9licieux!<br \/>\nArrondit les plats de pommes de terre et de p\u00e2tes et a \u00e9galement un go\u00fbt d\u00e9licieux \u00e9miett\u00e9 dans une salade fra\u00eeche. Bien s\u00fbr aussi pur avec du pain frais et un verre de sauvignon blanc.<br \/>\nUn fromage prim\u00e9 et appr\u00e9ci\u00e9 par son immense profondeur de saveur et sa texture onctueuse et cr\u00e9meuse marqu\u00e9e par des ar\u00f4mes de noisette.<br \/>\n<strong>Comme pour tous les fromages, il est important de le consommer \u00e0 temp\u00e9rature ambiante afin de pouvoir appr\u00e9cier toutes ses nuances de saveur.<\/strong><\/p>\n<p>R\u00e9gion: Pays de Galles<\/p>\n<p>Lait de vache pasteuris\u00e9<\/p>\n<p>P\u00e2te press\u00e9 non-cuite<\/p>\n<p>Allerg\u00e8nes : Lait<\/p>\n","protected":false},"featured_media":17104,"comment_status":"open","ping_status":"closed","template":"","meta":[],"product_brand":[],"product_cat":[628,776,319],"product_tag":[],"class_list":{"0":"post-17103","1":"product","2":"type-product","3":"status-publish","4":"has-post-thumbnail","6":"product_cat-au-lait-de-vaches","7":"product_cat-produit-frais","8":"product_cat-fromages","10":"first","11":"outofstock","12":"taxable","13":"shipping-taxable","14":"purchasable","15":"product-type-simple"},"jetpack_sharing_enabled":true,"_links":{"self":[{"href":"https:\/\/france-gastronomie.shop\/fr\/wp-json\/wp\/v2\/product\/17103","targetHints":{"allow":["GET"]}}],"collection":[{"href":"https:\/\/france-gastronomie.shop\/fr\/wp-json\/wp\/v2\/product"}],"about":[{"href":"https:\/\/france-gastronomie.shop\/fr\/wp-json\/wp\/v2\/types\/product"}],"replies":[{"embeddable":true,"href":"https:\/\/france-gastronomie.shop\/fr\/wp-json\/wp\/v2\/comments?post=17103"}],"wp:featuredmedia":[{"embeddable":true,"href":"https:\/\/france-gastronomie.shop\/fr\/wp-json\/wp\/v2\/media\/17104"}],"wp:attachment":[{"href":"https:\/\/france-gastronomie.shop\/fr\/wp-json\/wp\/v2\/media?parent=17103"}],"wp:term":[{"taxonomy":"product_brand","embeddable":true,"href":"https:\/\/france-gastronomie.shop\/fr\/wp-json\/wp\/v2\/product_brand?post=17103"},{"taxonomy":"product_cat","embeddable":true,"href":"https:\/\/france-gastronomie.shop\/fr\/wp-json\/wp\/v2\/product_cat?post=17103"},{"taxonomy":"product_tag","embeddable":true,"href":"https:\/\/france-gastronomie.shop\/fr\/wp-json\/wp\/v2\/product_tag?post=17103"}],"curies":[{"name":"wp","href":"https:\/\/api.w.org\/{rel}","templated":true}]}}