{"id":17097,"date":"2023-12-06T15:53:37","date_gmt":"2023-12-06T15:53:37","guid":{"rendered":"https:\/\/france-gastronomie.shop\/?post_type=product&#038;p=17097"},"modified":"2025-09-30T07:43:31","modified_gmt":"2025-09-30T07:43:31","slug":"cheddar-whisky","status":"publish","type":"product","link":"https:\/\/france-gastronomie.shop\/fr\/produit\/cheddar-whisky\/","title":{"rendered":"Cheddar Amber Mist <br\/> Whisky"},"content":{"rendered":"<h5>Cheddar Orange Brume de Whisky<\/h5>\n<p>Poids: 200g<\/p>\n","protected":false},"excerpt":{"rendered":"<h5>Cheddar Orange Brume de Whisky<\/h5>\n<p>Un cheddar m\u00fbr combin\u00e9 a du whisky \u00e9cossais de tourbe.<br \/>\nUn fromage fort avec du caract\u00e8re, pourtant il est le parfait \u00e9quilibre entre la saveur du whisky et celle du cheddar.<br \/>\n<strong>Comme pour tous les fromages, il est important de le consommer \u00e0 temp\u00e9rature ambiante afin de pouvoir appr\u00e9cier toutes ses nuances de saveur.<\/strong><\/p>\n<p>R\u00e9gion: Pays de Galles<\/p>\n<p>Lait de vache pasteuris\u00e9<\/p>\n<p>P\u00e2te press\u00e9 non-cuite<\/p>\n<p>Allerg\u00e8nes : Lait<\/p>\n","protected":false},"featured_media":17141,"comment_status":"open","ping_status":"closed","template":"","meta":[],"product_brand":[],"product_cat":[628,776,319],"product_tag":[],"class_list":{"0":"post-17097","1":"product","2":"type-product","3":"status-publish","4":"has-post-thumbnail","6":"product_cat-au-lait-de-vaches","7":"product_cat-produit-frais","8":"product_cat-fromages","10":"first","11":"instock","12":"taxable","13":"shipping-taxable","14":"purchasable","15":"product-type-simple"},"jetpack_sharing_enabled":true,"_links":{"self":[{"href":"https:\/\/france-gastronomie.shop\/fr\/wp-json\/wp\/v2\/product\/17097","targetHints":{"allow":["GET"]}}],"collection":[{"href":"https:\/\/france-gastronomie.shop\/fr\/wp-json\/wp\/v2\/product"}],"about":[{"href":"https:\/\/france-gastronomie.shop\/fr\/wp-json\/wp\/v2\/types\/product"}],"replies":[{"embeddable":true,"href":"https:\/\/france-gastronomie.shop\/fr\/wp-json\/wp\/v2\/comments?post=17097"}],"wp:featuredmedia":[{"embeddable":true,"href":"https:\/\/france-gastronomie.shop\/fr\/wp-json\/wp\/v2\/media\/17141"}],"wp:attachment":[{"href":"https:\/\/france-gastronomie.shop\/fr\/wp-json\/wp\/v2\/media?parent=17097"}],"wp:term":[{"taxonomy":"product_brand","embeddable":true,"href":"https:\/\/france-gastronomie.shop\/fr\/wp-json\/wp\/v2\/product_brand?post=17097"},{"taxonomy":"product_cat","embeddable":true,"href":"https:\/\/france-gastronomie.shop\/fr\/wp-json\/wp\/v2\/product_cat?post=17097"},{"taxonomy":"product_tag","embeddable":true,"href":"https:\/\/france-gastronomie.shop\/fr\/wp-json\/wp\/v2\/product_tag?post=17097"}],"curies":[{"name":"wp","href":"https:\/\/api.w.org\/{rel}","templated":true}]}}