{"id":17085,"date":"2023-12-06T15:50:11","date_gmt":"2023-12-06T15:50:11","guid":{"rendered":"https:\/\/france-gastronomie.shop\/?post_type=product&#038;p=17085"},"modified":"2025-09-30T07:43:24","modified_gmt":"2025-09-30T07:43:24","slug":"cheddar-extra-mature","status":"publish","type":"product","link":"https:\/\/france-gastronomie.shop\/fr\/produit\/cheddar-extra-mature\/","title":{"rendered":"Cheddar <br\/> Black Bomber"},"content":{"rendered":"<h5>Cheddar Noir affin\u00e9 18 Mois<\/h5>\n<p>Poids: 200g<\/p>\n","protected":false},"excerpt":{"rendered":"<h5>Cheddar Noir affin\u00e9 18<\/h5>\n<p>Un cheddar vieilli extra long, cr\u00e9meux et onctueux, tr\u00e8s appr\u00e9ci\u00e9 pour son go\u00fbt rond. A d\u00e9guster pur, avec du pain frais et croustillant, avec un peu de relish ou de chutney. Nous recommandons le Cabernet Sauvignon ou le Chardonnay pour cela. Le Little Black Bomber est le fleuron de la soci\u00e9t\u00e9 Snowdonia et aussi notre pr\u00e9f\u00e9r\u00e9. Il a remport\u00e9 plusieurs prix aux International et UK Cheese Awards. Une fois que vous l`aurez essay\u00e9, vous comprendrez imm\u00e9diatement pourquoi.<\/p>\n<p><strong>Comme pour tous les fromages, il est important de le consommer \u00e0 temp\u00e9rature ambiante afin de pouvoir appr\u00e9cier toutes ses nuances de saveur.<\/strong><\/p>\n<p>R\u00e9gion: Pays de Galles<\/p>\n<p>Lait de vache pasteuris\u00e9<\/p>\n<p>P\u00e2te press\u00e9 non-cuite<\/p>\n<p>Allerg\u00e8nes : Lait<\/p>\n","protected":false},"featured_media":17150,"comment_status":"open","ping_status":"closed","template":"","meta":[],"product_brand":[],"product_cat":[628,776,319],"product_tag":[],"class_list":{"0":"post-17085","1":"product","2":"type-product","3":"status-publish","4":"has-post-thumbnail","6":"product_cat-au-lait-de-vaches","7":"product_cat-produit-frais","8":"product_cat-fromages","10":"first","11":"instock","12":"taxable","13":"shipping-taxable","14":"purchasable","15":"product-type-simple"},"jetpack_sharing_enabled":true,"_links":{"self":[{"href":"https:\/\/france-gastronomie.shop\/fr\/wp-json\/wp\/v2\/product\/17085","targetHints":{"allow":["GET"]}}],"collection":[{"href":"https:\/\/france-gastronomie.shop\/fr\/wp-json\/wp\/v2\/product"}],"about":[{"href":"https:\/\/france-gastronomie.shop\/fr\/wp-json\/wp\/v2\/types\/product"}],"replies":[{"embeddable":true,"href":"https:\/\/france-gastronomie.shop\/fr\/wp-json\/wp\/v2\/comments?post=17085"}],"wp:featuredmedia":[{"embeddable":true,"href":"https:\/\/france-gastronomie.shop\/fr\/wp-json\/wp\/v2\/media\/17150"}],"wp:attachment":[{"href":"https:\/\/france-gastronomie.shop\/fr\/wp-json\/wp\/v2\/media?parent=17085"}],"wp:term":[{"taxonomy":"product_brand","embeddable":true,"href":"https:\/\/france-gastronomie.shop\/fr\/wp-json\/wp\/v2\/product_brand?post=17085"},{"taxonomy":"product_cat","embeddable":true,"href":"https:\/\/france-gastronomie.shop\/fr\/wp-json\/wp\/v2\/product_cat?post=17085"},{"taxonomy":"product_tag","embeddable":true,"href":"https:\/\/france-gastronomie.shop\/fr\/wp-json\/wp\/v2\/product_tag?post=17085"}],"curies":[{"name":"wp","href":"https:\/\/api.w.org\/{rel}","templated":true}]}}