{"id":17076,"date":"2023-12-06T15:44:33","date_gmt":"2023-12-06T15:44:33","guid":{"rendered":"https:\/\/france-gastronomie.shop\/?post_type=product&#038;p=17076"},"modified":"2026-02-12T15:29:12","modified_gmt":"2026-02-12T14:29:12","slug":"maroilles-fermier","status":"publish","type":"product","link":"https:\/\/france-gastronomie.shop\/fr\/produit\/maroilles-fermier\/","title":{"rendered":"Maroilles Fermier <br\/> au lait cru"},"content":{"rendered":"<p>Maroilles Fermier au lait cru<br \/>\nPoids: 180\/360\/720 g<\/p>\n","protected":false},"excerpt":{"rendered":"<p>Maroilles Fermier au lait cru<br \/>\nLe bouquet de la cro\u00fbte orange du Maroilles peut \u00eatre trompeur : la saveur du fromage est beaucoup plus douce et plus fine que son odeur.<\/p>\n<p>En bouche, le Maroilles a une texture fondante et un go\u00fbt lact\u00e9 (lait chaud), avec des notes de noisette, le tout l\u00e9g\u00e8rement sal\u00e9. Les l\u00e9g\u00e8res traces d&rsquo;amertume et d&rsquo;acidit\u00e9 que lui conf\u00e8re sa cro\u00fbte lui donnent du relief. M\u00fbri comme il l&rsquo;est ici, sa saveur est plus claire et plus typique qu&rsquo;un jeune Maroilles.<br \/>\n<strong>Comme pour tous les fromages, il est important de le consommer \u00e0 temp\u00e9rature ambiante afin de pouvoir appr\u00e9cier toutes ses nuances de saveur.<\/strong><\/p>\n<p>R\u00e9gion: Nord<br \/>\nLait cru de vache<\/p>\n<p>P\u00e2te molle \u00e0 croute lav\u00e9e<\/p>\n<p>Allerg\u00e8nes : Lait<\/p>\n","protected":false},"featured_media":17160,"comment_status":"open","ping_status":"closed","template":"","meta":[],"product_brand":[],"product_cat":[628,776,319],"product_tag":[],"class_list":{"0":"post-17076","1":"product","2":"type-product","3":"status-publish","4":"has-post-thumbnail","6":"product_cat-au-lait-de-vaches","7":"product_cat-produit-frais","8":"product_cat-fromages","10":"first","11":"instock","12":"taxable","13":"shipping-taxable","14":"purchasable","15":"product-type-variable"},"jetpack_sharing_enabled":true,"_links":{"self":[{"href":"https:\/\/france-gastronomie.shop\/fr\/wp-json\/wp\/v2\/product\/17076","targetHints":{"allow":["GET"]}}],"collection":[{"href":"https:\/\/france-gastronomie.shop\/fr\/wp-json\/wp\/v2\/product"}],"about":[{"href":"https:\/\/france-gastronomie.shop\/fr\/wp-json\/wp\/v2\/types\/product"}],"replies":[{"embeddable":true,"href":"https:\/\/france-gastronomie.shop\/fr\/wp-json\/wp\/v2\/comments?post=17076"}],"wp:featuredmedia":[{"embeddable":true,"href":"https:\/\/france-gastronomie.shop\/fr\/wp-json\/wp\/v2\/media\/17160"}],"wp:attachment":[{"href":"https:\/\/france-gastronomie.shop\/fr\/wp-json\/wp\/v2\/media?parent=17076"}],"wp:term":[{"taxonomy":"product_brand","embeddable":true,"href":"https:\/\/france-gastronomie.shop\/fr\/wp-json\/wp\/v2\/product_brand?post=17076"},{"taxonomy":"product_cat","embeddable":true,"href":"https:\/\/france-gastronomie.shop\/fr\/wp-json\/wp\/v2\/product_cat?post=17076"},{"taxonomy":"product_tag","embeddable":true,"href":"https:\/\/france-gastronomie.shop\/fr\/wp-json\/wp\/v2\/product_tag?post=17076"}],"curies":[{"name":"wp","href":"https:\/\/api.w.org\/{rel}","templated":true}]}}