{"id":17061,"date":"2023-12-06T15:28:10","date_gmt":"2023-12-06T15:28:10","guid":{"rendered":"https:\/\/france-gastronomie.shop\/?post_type=product&#038;p=17061"},"modified":"2026-03-17T13:41:15","modified_gmt":"2026-03-17T12:41:15","slug":"brillat-savarin","status":"publish","type":"product","link":"https:\/\/france-gastronomie.shop\/fr\/produit\/brillat-savarin\/","title":{"rendered":"Brillat Savarin <br\/> fermier"},"content":{"rendered":"<h5>Brillat Savarin<\/h5>\n<p class=\"style13\" align=\"left\">Le lait mis en \u0153uvre est collect\u00e9 chaque jour en Seine et Marne et ne subit aucun traitement thermique*, 2.5 litres sont n\u00e9cessaires pour fabriquer le Brillat Savarin 500gr et 0,5l pour le 100gr.<\/p>\n<p class=\"style13\" align=\"left\">C&rsquo;est un fromage au lait entier enrichi en cr\u00e8me fraiche, cette cr\u00e8me est issue de l&rsquo;\u00e9cr\u00e9mage du lait lors de la fabrication du Brie et du Coulommiers.<\/p>\n<p class=\"style13\" align=\"left\">Sa fabrication est traditionnelle et s&rsquo;\u00e9tale sur plusieurs jours. Le moulage est effectu\u00e9 \u00e0 la louche. La ma\u00eetrise du ressuyage lors de son passage au s\u00e9choir est un point d\u00e9terminant et essentiel pour la bonne suite de l&rsquo;affinage car c&rsquo;est un fromage tr\u00e8s humide. Cette \u00e9tape fait appel au savoir faire de l&rsquo;affineur et \u00e0 des installations appropri\u00e9es.<\/p>\n<p class=\"style13\" align=\"left\">Toute l&rsquo;attention port\u00e9e \u00e0 son \u00e9laboration en fait un fromage gourmand, franc de go\u00fbt, qui ravi aussi bien les jeunes palais que des gastronomes avertis.<\/p>\n","protected":false},"excerpt":{"rendered":"<h5>Brillat Savarin<\/h5>\n<p><span class=\"style14\">Famille:<\/span> fromage triple cr\u00e8me au lait entier cru de vache, \u00e0 p\u00e2te molle \u00e0 cro\u00fbte fleurie.<\/p>\n<p>Fromage \u00e0 la coupe, choisir le poids voulu<\/p>\n","protected":false},"featured_media":17709,"comment_status":"open","ping_status":"closed","template":"","meta":[],"product_brand":[],"product_cat":[628,776,319],"product_tag":[],"class_list":{"0":"post-17061","1":"product","2":"type-product","3":"status-publish","4":"has-post-thumbnail","6":"product_cat-au-lait-de-vaches","7":"product_cat-produit-frais","8":"product_cat-fromages","10":"first","11":"instock","12":"taxable","13":"shipping-taxable","14":"purchasable","15":"product-type-variable"},"jetpack_sharing_enabled":true,"_links":{"self":[{"href":"https:\/\/france-gastronomie.shop\/fr\/wp-json\/wp\/v2\/product\/17061","targetHints":{"allow":["GET"]}}],"collection":[{"href":"https:\/\/france-gastronomie.shop\/fr\/wp-json\/wp\/v2\/product"}],"about":[{"href":"https:\/\/france-gastronomie.shop\/fr\/wp-json\/wp\/v2\/types\/product"}],"replies":[{"embeddable":true,"href":"https:\/\/france-gastronomie.shop\/fr\/wp-json\/wp\/v2\/comments?post=17061"}],"wp:featuredmedia":[{"embeddable":true,"href":"https:\/\/france-gastronomie.shop\/fr\/wp-json\/wp\/v2\/media\/17709"}],"wp:attachment":[{"href":"https:\/\/france-gastronomie.shop\/fr\/wp-json\/wp\/v2\/media?parent=17061"}],"wp:term":[{"taxonomy":"product_brand","embeddable":true,"href":"https:\/\/france-gastronomie.shop\/fr\/wp-json\/wp\/v2\/product_brand?post=17061"},{"taxonomy":"product_cat","embeddable":true,"href":"https:\/\/france-gastronomie.shop\/fr\/wp-json\/wp\/v2\/product_cat?post=17061"},{"taxonomy":"product_tag","embeddable":true,"href":"https:\/\/france-gastronomie.shop\/fr\/wp-json\/wp\/v2\/product_tag?post=17061"}],"curies":[{"name":"wp","href":"https:\/\/api.w.org\/{rel}","templated":true}]}}