{"id":17055,"date":"2023-12-06T15:26:44","date_gmt":"2023-12-06T15:26:44","guid":{"rendered":"https:\/\/france-gastronomie.shop\/?post_type=product&#038;p=17055"},"modified":"2025-12-11T11:23:48","modified_gmt":"2025-12-11T11:23:48","slug":"camembert-jort-pyrograve","status":"publish","type":"product","link":"https:\/\/france-gastronomie.shop\/fr\/produit\/camembert-jort-pyrograve\/","title":{"rendered":"Camembert de Normandie <br\/> AOP JORT"},"content":{"rendered":"<h5>Camembert de Normandie AOP JORT<\/h5>\n<p>Poids: 250g<\/p>\n","protected":false},"excerpt":{"rendered":"<p>Camembert de Normandie AOP JORT<br \/>\nS\u2019inspirant de la tradition normande, le <strong>Camembert de Normandie AOP\u00a0(Appellation d\u2019Origine Prot\u00e9g\u00e9e) JORT<\/strong> est n\u00e9 en 1888 \u00e0 la Fromagerie de Berni\u00e8res d\u2019Ailly, ancien moulin datant du XVIII\u00e8me si\u00e8cle situ\u00e9 au c\u0153ur du Calvados \u00e0 Berni\u00e8res d\u2019Ailly, sur les bords de la Dives.\u00a0Ce fromage est devenu un incontournable de la gastronomie fran\u00e7aise.<\/p>\n<p>Seule la d\u00e9licatesse du moulage traditionnel \u00e0 la main permet de pr\u00e9server toutes les qualit\u00e9s du caill\u00e9 gr\u00e2ce aux 5 passes successives espac\u00e9es chacune de 50 minutes, conform\u00e9ment au cahier des charges de l\u2019appellation du Camembert de Normandie AOP.<\/p>\n<p>Les fromagers JORT perp\u00e9tuent quotidiennement ces gestes historiques et ce savoir-faire transmis avec passion de g\u00e9n\u00e9ration en g\u00e9n\u00e9ration.<\/p>\n<p>Le Camembert de Normandie JORT a obtenu la prestigieuse M\u00e9daille d\u2019Or du Concours G\u00e9n\u00e9ral Agricole lors du Salon de l\u2019Agriculture 2015.<\/p>\n<p>&lt;strong&gt;Comme pour tous les fromages, il est important de le consommer \u00e0 temp\u00e9rature ambiante afin de pouvoir appr\u00e9cier toutes ses nuances de saveur.&lt;\/strong&gt;<\/p>\n<p>&nbsp;<\/p>\n<p>R\u00e9gion: Normandie<\/p>\n<p>Lait cru de vache<\/p>\n<p>P\u00e2te p\u00e2te molle \u00e0 cro\u00fbte fleurie<\/p>\n<p>Allerg\u00e8nes : Lait<\/p>\n","protected":false},"featured_media":17163,"comment_status":"open","ping_status":"closed","template":"","meta":[],"product_brand":[],"product_cat":[628,776,319],"product_tag":[],"class_list":{"0":"post-17055","1":"product","2":"type-product","3":"status-publish","4":"has-post-thumbnail","6":"product_cat-au-lait-de-vaches","7":"product_cat-produit-frais","8":"product_cat-fromages","10":"first","11":"outofstock","12":"taxable","13":"shipping-taxable","14":"purchasable","15":"product-type-simple"},"jetpack_sharing_enabled":true,"_links":{"self":[{"href":"https:\/\/france-gastronomie.shop\/fr\/wp-json\/wp\/v2\/product\/17055","targetHints":{"allow":["GET"]}}],"collection":[{"href":"https:\/\/france-gastronomie.shop\/fr\/wp-json\/wp\/v2\/product"}],"about":[{"href":"https:\/\/france-gastronomie.shop\/fr\/wp-json\/wp\/v2\/types\/product"}],"replies":[{"embeddable":true,"href":"https:\/\/france-gastronomie.shop\/fr\/wp-json\/wp\/v2\/comments?post=17055"}],"wp:featuredmedia":[{"embeddable":true,"href":"https:\/\/france-gastronomie.shop\/fr\/wp-json\/wp\/v2\/media\/17163"}],"wp:attachment":[{"href":"https:\/\/france-gastronomie.shop\/fr\/wp-json\/wp\/v2\/media?parent=17055"}],"wp:term":[{"taxonomy":"product_brand","embeddable":true,"href":"https:\/\/france-gastronomie.shop\/fr\/wp-json\/wp\/v2\/product_brand?post=17055"},{"taxonomy":"product_cat","embeddable":true,"href":"https:\/\/france-gastronomie.shop\/fr\/wp-json\/wp\/v2\/product_cat?post=17055"},{"taxonomy":"product_tag","embeddable":true,"href":"https:\/\/france-gastronomie.shop\/fr\/wp-json\/wp\/v2\/product_tag?post=17055"}],"curies":[{"name":"wp","href":"https:\/\/api.w.org\/{rel}","templated":true}]}}