{"id":17031,"date":"2023-12-06T14:35:04","date_gmt":"2023-12-06T14:35:04","guid":{"rendered":"https:\/\/france-gastronomie.shop\/?post_type=product&#038;p=17031"},"modified":"2026-03-17T13:31:21","modified_gmt":"2026-03-17T12:31:21","slug":"crottin-de-chevre-du-morvan","status":"publish","type":"product","link":"https:\/\/france-gastronomie.shop\/fr\/produit\/crottin-de-chevre-du-morvan\/","title":{"rendered":"Crottin de Ch\u00e8vre <br\/> du Morvan"},"content":{"rendered":"<h5>Crottin de Ch\u00e8vre du Morvan<\/h5>\n<p>Poids: 160g<\/p>\n","protected":false},"excerpt":{"rendered":"<h5>Crottin de Ch\u00e8vre du Morvan<\/h5>\n<p>Ce gros crottin tient son nom de son origine g\u00e9ographique : le parc Naturel du Morvan en Bourgogne.<br \/>\nPeu sal\u00e9 et de texture mousseuse lorsqu\u2019il est semi affin\u00e9, il devient ensuite bien cr\u00e9meux, avec un go\u00fbt de ch\u00e8vre typ\u00e9 et une bonne fra\u00eecheur en bouche.<\/p>\n<p><strong>Comme pour tous les fromages, il est important de le consommer \u00e0 temp\u00e9rature ambiante afin de pouvoir appr\u00e9cier toutes ses nuances de saveur.<\/strong><\/p>\n<p>R\u00e9gion: Bourgogne<br \/>\nLait entier de ch\u00e8vre<\/p>\n<p>P\u00e2te molle \u00e0 croute naturelle<br \/>\nAllerg\u00e8nes : Lait<\/p>\n","protected":false},"featured_media":17171,"comment_status":"open","ping_status":"closed","template":"","meta":[],"product_brand":[],"product_cat":[644,776,319],"product_tag":[],"class_list":{"0":"post-17031","1":"product","2":"type-product","3":"status-publish","4":"has-post-thumbnail","6":"product_cat-au-lait-de-chevre-fr","7":"product_cat-produit-frais","8":"product_cat-fromages","10":"first","11":"instock","12":"taxable","13":"shipping-taxable","14":"purchasable","15":"product-type-simple"},"jetpack_sharing_enabled":true,"_links":{"self":[{"href":"https:\/\/france-gastronomie.shop\/fr\/wp-json\/wp\/v2\/product\/17031","targetHints":{"allow":["GET"]}}],"collection":[{"href":"https:\/\/france-gastronomie.shop\/fr\/wp-json\/wp\/v2\/product"}],"about":[{"href":"https:\/\/france-gastronomie.shop\/fr\/wp-json\/wp\/v2\/types\/product"}],"replies":[{"embeddable":true,"href":"https:\/\/france-gastronomie.shop\/fr\/wp-json\/wp\/v2\/comments?post=17031"}],"wp:featuredmedia":[{"embeddable":true,"href":"https:\/\/france-gastronomie.shop\/fr\/wp-json\/wp\/v2\/media\/17171"}],"wp:attachment":[{"href":"https:\/\/france-gastronomie.shop\/fr\/wp-json\/wp\/v2\/media?parent=17031"}],"wp:term":[{"taxonomy":"product_brand","embeddable":true,"href":"https:\/\/france-gastronomie.shop\/fr\/wp-json\/wp\/v2\/product_brand?post=17031"},{"taxonomy":"product_cat","embeddable":true,"href":"https:\/\/france-gastronomie.shop\/fr\/wp-json\/wp\/v2\/product_cat?post=17031"},{"taxonomy":"product_tag","embeddable":true,"href":"https:\/\/france-gastronomie.shop\/fr\/wp-json\/wp\/v2\/product_tag?post=17031"}],"curies":[{"name":"wp","href":"https:\/\/api.w.org\/{rel}","templated":true}]}}