{"id":17019,"date":"2023-12-06T14:02:25","date_gmt":"2023-12-06T14:02:25","guid":{"rendered":"https:\/\/france-gastronomie.shop\/?post_type=product&#038;p=17019"},"modified":"2025-12-12T19:37:22","modified_gmt":"2025-12-12T19:37:22","slug":"st-felicien-chartrousin","status":"publish","type":"product","link":"https:\/\/france-gastronomie.shop\/fr\/produit\/st-felicien-chartrousin\/","title":{"rendered":"Saint-F\u00e9licien <br\/> Fermier"},"content":{"rendered":"<h5>St F\u00e9licien Fermier<\/h5>\n<p>P\u00e2te molle \u00e0 cro\u00fbte naturelle au lait cru de vache Le saint F\u00e9licien est un proche cousin du Saint Marcellin, produit par la ferme de Manne par Mathieu Ezingeard.<\/p>\n<p>&nbsp;<\/p>\n","protected":false},"excerpt":{"rendered":"<h5>St F\u00e9licien Fermier<\/h5>\n<p>Le fromage St F\u00e9licien et le petit fr\u00e8re du St Marcellin.<br \/>\nFabriqu\u00e9 au pied du Vercors, double-cr\u00e8me, au grand affinage pour un fromage plus fondant et plus typ\u00e9 !<br \/>\nFromage au lait cru de vache.<\/p>\n","protected":false},"featured_media":26015,"comment_status":"open","ping_status":"closed","template":"","meta":[],"product_brand":[],"product_cat":[628,776,319],"product_tag":[],"class_list":{"0":"post-17019","1":"product","2":"type-product","3":"status-publish","4":"has-post-thumbnail","6":"product_cat-au-lait-de-vaches","7":"product_cat-produit-frais","8":"product_cat-fromages","10":"first","11":"outofstock","12":"taxable","13":"shipping-taxable","14":"purchasable","15":"product-type-simple"},"jetpack_sharing_enabled":true,"_links":{"self":[{"href":"https:\/\/france-gastronomie.shop\/fr\/wp-json\/wp\/v2\/product\/17019","targetHints":{"allow":["GET"]}}],"collection":[{"href":"https:\/\/france-gastronomie.shop\/fr\/wp-json\/wp\/v2\/product"}],"about":[{"href":"https:\/\/france-gastronomie.shop\/fr\/wp-json\/wp\/v2\/types\/product"}],"replies":[{"embeddable":true,"href":"https:\/\/france-gastronomie.shop\/fr\/wp-json\/wp\/v2\/comments?post=17019"}],"wp:featuredmedia":[{"embeddable":true,"href":"https:\/\/france-gastronomie.shop\/fr\/wp-json\/wp\/v2\/media\/26015"}],"wp:attachment":[{"href":"https:\/\/france-gastronomie.shop\/fr\/wp-json\/wp\/v2\/media?parent=17019"}],"wp:term":[{"taxonomy":"product_brand","embeddable":true,"href":"https:\/\/france-gastronomie.shop\/fr\/wp-json\/wp\/v2\/product_brand?post=17019"},{"taxonomy":"product_cat","embeddable":true,"href":"https:\/\/france-gastronomie.shop\/fr\/wp-json\/wp\/v2\/product_cat?post=17019"},{"taxonomy":"product_tag","embeddable":true,"href":"https:\/\/france-gastronomie.shop\/fr\/wp-json\/wp\/v2\/product_tag?post=17019"}],"curies":[{"name":"wp","href":"https:\/\/api.w.org\/{rel}","templated":true}]}}