{"id":17001,"date":"2023-12-06T13:53:26","date_gmt":"2023-12-06T13:53:26","guid":{"rendered":"https:\/\/france-gastronomie.shop\/?post_type=product&#038;p=17001"},"modified":"2025-12-11T11:18:26","modified_gmt":"2025-12-11T11:18:26","slug":"cremeux-du-mont-st-michel","status":"publish","type":"product","link":"https:\/\/france-gastronomie.shop\/fr\/produit\/cremeux-du-mont-st-michel\/","title":{"rendered":"Le Cr\u00e9meux du Mont St Michel"},"content":{"rendered":"<h5>Le Cr\u00e9meux du Mont St Michel<\/h5>\n<p>Poids: 220g<\/p>\n","protected":false},"excerpt":{"rendered":"<h5>Le Cr\u00e9meux du Mont St Michel<\/h5>\n<p>Le fromage Cr\u00e9meux du Mont-Saint-Michel est un fromage normand \u00e0 p\u00e2te molle et cro\u00fbte fleurie et au lait cru et entier de vaches de race Normande.<br \/>\nLe Cr\u00e9meux du Mont-Saint-Michel est enrichi de cr\u00e8me qui provient d&rsquo;un fermier local, et si vous avez la patience d&rsquo;attendre son affinage \u00e0 point, il sera savoureusement cr\u00e9meux.<br \/>\n<strong>Comme pour tous les fromages, il est important de le consommer \u00e0 temp\u00e9rature ambiante afin de pouvoir appr\u00e9cier toutes ses nuances de saveur.<\/strong><\/p>\n<p>R\u00e9gion: Normandie<\/p>\n<p>Lait cru de vache<\/p>\n<p>P\u00e2te molle et croute fleurie<\/p>\n<p>Allerg\u00e8nes : Lait<\/p>\n","protected":false},"featured_media":17187,"comment_status":"open","ping_status":"closed","template":"","meta":[],"product_brand":[],"product_cat":[628,776,319],"product_tag":[],"class_list":{"0":"post-17001","1":"product","2":"type-product","3":"status-publish","4":"has-post-thumbnail","6":"product_cat-au-lait-de-vaches","7":"product_cat-produit-frais","8":"product_cat-fromages","10":"first","11":"outofstock","12":"taxable","13":"shipping-taxable","14":"purchasable","15":"product-type-simple"},"jetpack_sharing_enabled":true,"_links":{"self":[{"href":"https:\/\/france-gastronomie.shop\/fr\/wp-json\/wp\/v2\/product\/17001","targetHints":{"allow":["GET"]}}],"collection":[{"href":"https:\/\/france-gastronomie.shop\/fr\/wp-json\/wp\/v2\/product"}],"about":[{"href":"https:\/\/france-gastronomie.shop\/fr\/wp-json\/wp\/v2\/types\/product"}],"replies":[{"embeddable":true,"href":"https:\/\/france-gastronomie.shop\/fr\/wp-json\/wp\/v2\/comments?post=17001"}],"wp:featuredmedia":[{"embeddable":true,"href":"https:\/\/france-gastronomie.shop\/fr\/wp-json\/wp\/v2\/media\/17187"}],"wp:attachment":[{"href":"https:\/\/france-gastronomie.shop\/fr\/wp-json\/wp\/v2\/media?parent=17001"}],"wp:term":[{"taxonomy":"product_brand","embeddable":true,"href":"https:\/\/france-gastronomie.shop\/fr\/wp-json\/wp\/v2\/product_brand?post=17001"},{"taxonomy":"product_cat","embeddable":true,"href":"https:\/\/france-gastronomie.shop\/fr\/wp-json\/wp\/v2\/product_cat?post=17001"},{"taxonomy":"product_tag","embeddable":true,"href":"https:\/\/france-gastronomie.shop\/fr\/wp-json\/wp\/v2\/product_tag?post=17001"}],"curies":[{"name":"wp","href":"https:\/\/api.w.org\/{rel}","templated":true}]}}