{"id":16986,"date":"2023-12-06T13:41:53","date_gmt":"2023-12-06T13:41:53","guid":{"rendered":"https:\/\/france-gastronomie.shop\/?post_type=product&#038;p=16986"},"modified":"2025-12-12T19:28:03","modified_gmt":"2025-12-12T19:28:03","slug":"petit-camembert","status":"publish","type":"product","link":"https:\/\/france-gastronomie.shop\/fr\/produit\/petit-camembert\/","title":{"rendered":"Petit Camembert <br\/> Isigny sur Mer"},"content":{"rendered":"<h5>Petit Camembert<\/h5>\n<p>Petit format mais grand caract\u00e8re pour ce camembert au lait normand non pasteuris\u00e9 issu de fermes s\u00e9lectionn\u00e9es et fabriqu\u00e9 selon la plus pure tradition \u00e0 Isigny-sur-Mer dans le Calvados, Normandie.<\/p>\n","protected":false},"excerpt":{"rendered":"<h5>Petit Camembert d&rsquo;Isigny Sainte Mer<\/h5>\n<p>Petit format mais grand caract\u00e8re pour ce camembert au lait normand non pasteuris\u00e9 issu de fermes s\u00e9lectionn\u00e9es et fabriqu\u00e9 selon la plus pure tradition \u00e0 Isigny-sur-Mer dans le Calvados, Normandie.<\/p>\n","protected":false},"featured_media":26011,"comment_status":"open","ping_status":"closed","template":"","meta":[],"product_brand":[],"product_cat":[628,776,319],"product_tag":[],"class_list":{"0":"post-16986","1":"product","2":"type-product","3":"status-publish","4":"has-post-thumbnail","6":"product_cat-au-lait-de-vaches","7":"product_cat-produit-frais","8":"product_cat-fromages","10":"first","11":"outofstock","12":"taxable","13":"shipping-taxable","14":"purchasable","15":"product-type-simple"},"jetpack_sharing_enabled":true,"_links":{"self":[{"href":"https:\/\/france-gastronomie.shop\/fr\/wp-json\/wp\/v2\/product\/16986","targetHints":{"allow":["GET"]}}],"collection":[{"href":"https:\/\/france-gastronomie.shop\/fr\/wp-json\/wp\/v2\/product"}],"about":[{"href":"https:\/\/france-gastronomie.shop\/fr\/wp-json\/wp\/v2\/types\/product"}],"replies":[{"embeddable":true,"href":"https:\/\/france-gastronomie.shop\/fr\/wp-json\/wp\/v2\/comments?post=16986"}],"wp:featuredmedia":[{"embeddable":true,"href":"https:\/\/france-gastronomie.shop\/fr\/wp-json\/wp\/v2\/media\/26011"}],"wp:attachment":[{"href":"https:\/\/france-gastronomie.shop\/fr\/wp-json\/wp\/v2\/media?parent=16986"}],"wp:term":[{"taxonomy":"product_brand","embeddable":true,"href":"https:\/\/france-gastronomie.shop\/fr\/wp-json\/wp\/v2\/product_brand?post=16986"},{"taxonomy":"product_cat","embeddable":true,"href":"https:\/\/france-gastronomie.shop\/fr\/wp-json\/wp\/v2\/product_cat?post=16986"},{"taxonomy":"product_tag","embeddable":true,"href":"https:\/\/france-gastronomie.shop\/fr\/wp-json\/wp\/v2\/product_tag?post=16986"}],"curies":[{"name":"wp","href":"https:\/\/api.w.org\/{rel}","templated":true}]}}