{"id":16968,"date":"2023-12-06T13:32:29","date_gmt":"2023-12-06T13:32:29","guid":{"rendered":"https:\/\/france-gastronomie.shop\/?post_type=product&#038;p=16968"},"modified":"2025-12-11T11:12:39","modified_gmt":"2025-12-11T11:12:39","slug":"tendre-bleu","status":"publish","type":"product","link":"https:\/\/france-gastronomie.shop\/fr\/produit\/tendre-bleu\/","title":{"rendered":"Tendre Bleu &#8211; Bleu de Bresse"},"content":{"rendered":"<h5>Tendre Bleu &#8211; Bleu de Bresse<\/h5>\n<p>Poids: 250g<\/p>\n","protected":false},"excerpt":{"rendered":"<h5>Tendre Bleu &#8211; Bleu de Bresse<\/h5>\n<p>Sous sa fine cro\u00fbte ivoire se cache un coeur cr\u00e9meux, fondant, parsem\u00e9 d\u2019un beau persillage bleu. Doux et \u00e9quilibr\u00e9, le Tendre bleu oscille d\u00e9licatement entre notes sal\u00e9es et fruit\u00e9es, faisant de ce fromage un symbole de notre r\u00e9gion.<br \/>\n<strong>Comme pour tous les fromages, il est important de le consommer \u00e0 temp\u00e9rature ambiante afin de pouvoir appr\u00e9cier toutes ses nuances de saveur.<\/strong><\/p>\n<p>R\u00e9gion: Bresse<\/p>\n<p>Lait de vache pasteuris\u00e9<\/p>\n<p>P\u00e2te molle persill\u00e9e \u00e0 cro\u00fbte fleurie naturelle<\/p>\n<p>Allerg\u00e8nes : Lait<\/p>\n","protected":false},"featured_media":17202,"comment_status":"open","ping_status":"closed","template":"","meta":[],"product_brand":[],"product_cat":[628,776,319],"product_tag":[],"class_list":{"0":"post-16968","1":"product","2":"type-product","3":"status-publish","4":"has-post-thumbnail","6":"product_cat-au-lait-de-vaches","7":"product_cat-produit-frais","8":"product_cat-fromages","10":"first","11":"outofstock","12":"taxable","13":"shipping-taxable","14":"purchasable","15":"product-type-simple"},"jetpack_sharing_enabled":true,"_links":{"self":[{"href":"https:\/\/france-gastronomie.shop\/fr\/wp-json\/wp\/v2\/product\/16968","targetHints":{"allow":["GET"]}}],"collection":[{"href":"https:\/\/france-gastronomie.shop\/fr\/wp-json\/wp\/v2\/product"}],"about":[{"href":"https:\/\/france-gastronomie.shop\/fr\/wp-json\/wp\/v2\/types\/product"}],"replies":[{"embeddable":true,"href":"https:\/\/france-gastronomie.shop\/fr\/wp-json\/wp\/v2\/comments?post=16968"}],"wp:featuredmedia":[{"embeddable":true,"href":"https:\/\/france-gastronomie.shop\/fr\/wp-json\/wp\/v2\/media\/17202"}],"wp:attachment":[{"href":"https:\/\/france-gastronomie.shop\/fr\/wp-json\/wp\/v2\/media?parent=16968"}],"wp:term":[{"taxonomy":"product_brand","embeddable":true,"href":"https:\/\/france-gastronomie.shop\/fr\/wp-json\/wp\/v2\/product_brand?post=16968"},{"taxonomy":"product_cat","embeddable":true,"href":"https:\/\/france-gastronomie.shop\/fr\/wp-json\/wp\/v2\/product_cat?post=16968"},{"taxonomy":"product_tag","embeddable":true,"href":"https:\/\/france-gastronomie.shop\/fr\/wp-json\/wp\/v2\/product_tag?post=16968"}],"curies":[{"name":"wp","href":"https:\/\/api.w.org\/{rel}","templated":true}]}}