{"id":16950,"date":"2023-12-06T13:16:19","date_gmt":"2023-12-06T13:16:19","guid":{"rendered":"https:\/\/france-gastronomie.shop\/?post_type=product&#038;p=16950"},"modified":"2026-02-12T15:32:07","modified_gmt":"2026-02-12T14:32:07","slug":"reblochon-aop-fruitier","status":"publish","type":"product","link":"https:\/\/france-gastronomie.shop\/fr\/produit\/reblochon-aop-fruitier\/","title":{"rendered":"Reblochon AOP <br\/> Fermier Savoie"},"content":{"rendered":"<h5>Reblochon Fermier AOP<\/h5>\n","protected":false},"excerpt":{"rendered":"<h5>Reblochon Fermier AOP<\/h5>\n<p>Savourez l\u2019un des fromages les plus cr\u00e9meux et les plus embl\u00e9matiques des Pays de Savoie. Fabriqu\u00e9 exclusivement \u00e0 partir de lait cru et entier.<br \/>\nEn bouche, il exprime une saveur douce et subtile, rehauss\u00e9e d\u2019un l\u00e9ger go\u00fbt de noisette.<\/p>\n","protected":false},"featured_media":20530,"comment_status":"open","ping_status":"closed","template":"","meta":[],"product_brand":[],"product_cat":[628,776,319],"product_tag":[],"class_list":{"0":"post-16950","1":"product","2":"type-product","3":"status-publish","4":"has-post-thumbnail","6":"product_cat-au-lait-de-vaches","7":"product_cat-produit-frais","8":"product_cat-fromages","10":"first","11":"instock","12":"taxable","13":"shipping-taxable","14":"purchasable","15":"product-type-variable"},"jetpack_sharing_enabled":true,"_links":{"self":[{"href":"https:\/\/france-gastronomie.shop\/fr\/wp-json\/wp\/v2\/product\/16950","targetHints":{"allow":["GET"]}}],"collection":[{"href":"https:\/\/france-gastronomie.shop\/fr\/wp-json\/wp\/v2\/product"}],"about":[{"href":"https:\/\/france-gastronomie.shop\/fr\/wp-json\/wp\/v2\/types\/product"}],"replies":[{"embeddable":true,"href":"https:\/\/france-gastronomie.shop\/fr\/wp-json\/wp\/v2\/comments?post=16950"}],"wp:featuredmedia":[{"embeddable":true,"href":"https:\/\/france-gastronomie.shop\/fr\/wp-json\/wp\/v2\/media\/20530"}],"wp:attachment":[{"href":"https:\/\/france-gastronomie.shop\/fr\/wp-json\/wp\/v2\/media?parent=16950"}],"wp:term":[{"taxonomy":"product_brand","embeddable":true,"href":"https:\/\/france-gastronomie.shop\/fr\/wp-json\/wp\/v2\/product_brand?post=16950"},{"taxonomy":"product_cat","embeddable":true,"href":"https:\/\/france-gastronomie.shop\/fr\/wp-json\/wp\/v2\/product_cat?post=16950"},{"taxonomy":"product_tag","embeddable":true,"href":"https:\/\/france-gastronomie.shop\/fr\/wp-json\/wp\/v2\/product_tag?post=16950"}],"curies":[{"name":"wp","href":"https:\/\/api.w.org\/{rel}","templated":true}]}}