{"id":16947,"date":"2023-12-06T13:13:44","date_gmt":"2023-12-06T13:13:44","guid":{"rendered":"https:\/\/france-gastronomie.shop\/?post_type=product&#038;p=16947"},"modified":"2025-10-16T07:46:30","modified_gmt":"2025-10-16T07:46:30","slug":"roquefort-tranche","status":"publish","type":"product","link":"https:\/\/france-gastronomie.shop\/fr\/produit\/roquefort-tranche\/","title":{"rendered":"Roquefort Papillon <br\/> rouge"},"content":{"rendered":"<p>Roquefort Papillon rouge<br \/>\nPoids: 125g<\/p>\n","protected":false},"excerpt":{"rendered":"<p>Roquefort Papillon rouge<br \/>\nCe Roquefort PAPILLON se distingue d\u2019abord par sa p\u00e2te blanche et ce bleu intense qui veine g\u00e9n\u00e9reusement ses larges et nombreuses cavit\u00e9s.<br \/>\nEn bouche, sa texture onctueuse et souple, d\u00e9veloppe un fondant d\u00e9licieux qui s\u2019accompagne d\u2019un go\u00fbt typ\u00e9, puissant et long en bouche.<br \/>\n<strong>Comme pour tous les fromages, il est important de le consommer \u00e0 temp\u00e9rature ambiante afin de pouvoir appr\u00e9cier toutes ses nuances de saveur.<\/strong><\/p>\n<p>R\u00e9gion: Aveyron<\/p>\n<p>Lait cru et entier de brebis<\/p>\n<p>P\u00e2te persill\u00e9e<\/p>\n<p>Allerg\u00e8nes : Lait<\/p>\n","protected":false},"featured_media":17175,"comment_status":"open","ping_status":"closed","template":"","meta":[],"product_brand":[],"product_cat":[630,776,319],"product_tag":[],"class_list":{"0":"post-16947","1":"product","2":"type-product","3":"status-publish","4":"has-post-thumbnail","6":"product_cat-au-lait-de-brebis","7":"product_cat-produit-frais","8":"product_cat-fromages","10":"first","11":"outofstock","12":"taxable","13":"shipping-taxable","14":"purchasable","15":"product-type-simple"},"jetpack_sharing_enabled":true,"_links":{"self":[{"href":"https:\/\/france-gastronomie.shop\/fr\/wp-json\/wp\/v2\/product\/16947","targetHints":{"allow":["GET"]}}],"collection":[{"href":"https:\/\/france-gastronomie.shop\/fr\/wp-json\/wp\/v2\/product"}],"about":[{"href":"https:\/\/france-gastronomie.shop\/fr\/wp-json\/wp\/v2\/types\/product"}],"replies":[{"embeddable":true,"href":"https:\/\/france-gastronomie.shop\/fr\/wp-json\/wp\/v2\/comments?post=16947"}],"wp:featuredmedia":[{"embeddable":true,"href":"https:\/\/france-gastronomie.shop\/fr\/wp-json\/wp\/v2\/media\/17175"}],"wp:attachment":[{"href":"https:\/\/france-gastronomie.shop\/fr\/wp-json\/wp\/v2\/media?parent=16947"}],"wp:term":[{"taxonomy":"product_brand","embeddable":true,"href":"https:\/\/france-gastronomie.shop\/fr\/wp-json\/wp\/v2\/product_brand?post=16947"},{"taxonomy":"product_cat","embeddable":true,"href":"https:\/\/france-gastronomie.shop\/fr\/wp-json\/wp\/v2\/product_cat?post=16947"},{"taxonomy":"product_tag","embeddable":true,"href":"https:\/\/france-gastronomie.shop\/fr\/wp-json\/wp\/v2\/product_tag?post=16947"}],"curies":[{"name":"wp","href":"https:\/\/api.w.org\/{rel}","templated":true}]}}