{"id":16944,"date":"2023-12-06T13:05:44","date_gmt":"2023-12-06T13:05:44","guid":{"rendered":"https:\/\/france-gastronomie.shop\/?post_type=product&#038;p=16944"},"modified":"2026-05-06T13:20:39","modified_gmt":"2026-05-06T11:20:39","slug":"le-barisien-nature","status":"publish","type":"product","link":"https:\/\/france-gastronomie.shop\/fr\/produit\/le-barisien-nature\/","title":{"rendered":"Le Barisien <br\/> nature"},"content":{"rendered":"<h5>Le Barisien nature<\/h5>\n<p>&nbsp;<\/p>\n","protected":false},"excerpt":{"rendered":"<h5>Le Barisien nature<\/h5>\n<p>Un fromage triple cr\u00e8me fait de lait de vache cru, apr\u00e8s vieillissement, la cro\u00fbte fleurie blanche appara\u00eet. Il a une saveur douce et beurr\u00e9e avec des<br \/>\nnotes de terre. Il est fabriqu\u00e9 selon la m\u00e9thode traditionnelle de coupe du caill\u00e9 \u00e0 la main.<\/p>\n<p><strong>Comme pour tous les fromages, il est important de le consommer \u00e0 temp\u00e9rature ambiante afin de pouvoir appr\u00e9cier toutes ses nuances de saveur.<\/strong><\/p>\n<p>R\u00e9gion: Centre, Bourgogne<\/p>\n<p>Lait cru de vache<\/p>\n<p>P\u00e2te molle \u00e0 cro\u00fbte fleurie<\/p>\n<p>Allerg\u00e8nes : Lait<\/p>\n","protected":false},"featured_media":17279,"comment_status":"open","ping_status":"closed","template":"","meta":[],"product_brand":[],"product_cat":[628,776,319],"product_tag":[],"class_list":{"0":"post-16944","1":"product","2":"type-product","3":"status-publish","4":"has-post-thumbnail","6":"product_cat-au-lait-de-vaches","7":"product_cat-produit-frais","8":"product_cat-fromages","10":"first","11":"instock","12":"taxable","13":"shipping-taxable","14":"purchasable","15":"product-type-variable"},"jetpack_sharing_enabled":true,"_links":{"self":[{"href":"https:\/\/france-gastronomie.shop\/fr\/wp-json\/wp\/v2\/product\/16944","targetHints":{"allow":["GET"]}}],"collection":[{"href":"https:\/\/france-gastronomie.shop\/fr\/wp-json\/wp\/v2\/product"}],"about":[{"href":"https:\/\/france-gastronomie.shop\/fr\/wp-json\/wp\/v2\/types\/product"}],"replies":[{"embeddable":true,"href":"https:\/\/france-gastronomie.shop\/fr\/wp-json\/wp\/v2\/comments?post=16944"}],"wp:featuredmedia":[{"embeddable":true,"href":"https:\/\/france-gastronomie.shop\/fr\/wp-json\/wp\/v2\/media\/17279"}],"wp:attachment":[{"href":"https:\/\/france-gastronomie.shop\/fr\/wp-json\/wp\/v2\/media?parent=16944"}],"wp:term":[{"taxonomy":"product_brand","embeddable":true,"href":"https:\/\/france-gastronomie.shop\/fr\/wp-json\/wp\/v2\/product_brand?post=16944"},{"taxonomy":"product_cat","embeddable":true,"href":"https:\/\/france-gastronomie.shop\/fr\/wp-json\/wp\/v2\/product_cat?post=16944"},{"taxonomy":"product_tag","embeddable":true,"href":"https:\/\/france-gastronomie.shop\/fr\/wp-json\/wp\/v2\/product_tag?post=16944"}],"curies":[{"name":"wp","href":"https:\/\/api.w.org\/{rel}","templated":true}]}}