{"id":16889,"date":"2023-12-05T15:46:18","date_gmt":"2023-12-05T15:46:18","guid":{"rendered":"https:\/\/france-gastronomie.shop\/?post_type=product&#038;p=16889"},"modified":"2026-02-17T09:57:49","modified_gmt":"2026-02-17T08:57:49","slug":"tomme-chevre-cremeuse","status":"publish","type":"product","link":"https:\/\/france-gastronomie.shop\/fr\/produit\/tomme-chevre-cremeuse\/","title":{"rendered":"Tomme ch\u00e8vre <br\/> cr\u00e9meuse"},"content":{"rendered":"<h5>Tomme ch\u00e8vre cr\u00e9meuse<\/h5>\n","protected":false},"excerpt":{"rendered":"<h5>Tomme ch\u00e8vre cr\u00e9meuse<\/h5>\n<p>C&rsquo;est une tomme atypique, par sa douceur et sa blancheur et son affinage de 4 \u00e0 6 mois.<br \/>\nElle nous ram\u00e8ne une longueur d\u00e9licate de ch\u00e8vre au palais, par sa p\u00e2te cr\u00e9meuse et sa robe noire, l\u00e9g\u00e8rement caram\u00e9lis\u00e9e.<br \/>\n<strong>Comme pour tous les fromages, il est important de le consommer \u00e0 temp\u00e9rature ambiante afin de pouvoir appr\u00e9cier toutes ses nuances de saveur.<\/strong><\/p>\n<p>R\u00e9gion: Cher<\/p>\n<p>Lait de ch\u00e8vre pasteuris\u00e9<\/p>\n<p>P\u00e2te press\u00e9 cuite<\/p>\n<p>Allerg\u00e8nes : Lait<\/p>\n","protected":false},"featured_media":24772,"comment_status":"open","ping_status":"closed","template":"","meta":[],"product_brand":[],"product_cat":[644,776,319],"product_tag":[],"class_list":{"0":"post-16889","1":"product","2":"type-product","3":"status-publish","4":"has-post-thumbnail","6":"product_cat-au-lait-de-chevre-fr","7":"product_cat-produit-frais","8":"product_cat-fromages","10":"first","11":"instock","12":"taxable","13":"shipping-taxable","14":"product-type-variable"},"jetpack_sharing_enabled":true,"_links":{"self":[{"href":"https:\/\/france-gastronomie.shop\/fr\/wp-json\/wp\/v2\/product\/16889","targetHints":{"allow":["GET"]}}],"collection":[{"href":"https:\/\/france-gastronomie.shop\/fr\/wp-json\/wp\/v2\/product"}],"about":[{"href":"https:\/\/france-gastronomie.shop\/fr\/wp-json\/wp\/v2\/types\/product"}],"replies":[{"embeddable":true,"href":"https:\/\/france-gastronomie.shop\/fr\/wp-json\/wp\/v2\/comments?post=16889"}],"wp:featuredmedia":[{"embeddable":true,"href":"https:\/\/france-gastronomie.shop\/fr\/wp-json\/wp\/v2\/media\/24772"}],"wp:attachment":[{"href":"https:\/\/france-gastronomie.shop\/fr\/wp-json\/wp\/v2\/media?parent=16889"}],"wp:term":[{"taxonomy":"product_brand","embeddable":true,"href":"https:\/\/france-gastronomie.shop\/fr\/wp-json\/wp\/v2\/product_brand?post=16889"},{"taxonomy":"product_cat","embeddable":true,"href":"https:\/\/france-gastronomie.shop\/fr\/wp-json\/wp\/v2\/product_cat?post=16889"},{"taxonomy":"product_tag","embeddable":true,"href":"https:\/\/france-gastronomie.shop\/fr\/wp-json\/wp\/v2\/product_tag?post=16889"}],"curies":[{"name":"wp","href":"https:\/\/api.w.org\/{rel}","templated":true}]}}