{"id":1687,"date":"2025-11-23T08:43:46","date_gmt":"2025-11-23T08:43:46","guid":{"rendered":"https:\/\/france-gastronomie.shop\/?post_type=product&#038;p=1687"},"modified":"2025-11-24T15:07:08","modified_gmt":"2025-11-24T15:07:08","slug":"cellier-des-princes-magnumchateauneuf-du-pape","status":"publish","type":"product","link":"https:\/\/france-gastronomie.shop\/fr\/produit\/cellier-des-princes-magnumchateauneuf-du-pape\/","title":{"rendered":"AOC Ch\u00e2teauneuf du Pape <br\/> Cellier des princes 2023"},"content":{"rendered":"<h5>Cellier des princes<\/h5>\n<h5>AOC Ch\u00e2teauneuf du Pape<\/h5>\n<p>Terroir d\u2019origine<br \/>\nArgilo Siliceux et galets roul\u00e9s<\/p>\n<p>Vinification<br \/>\nEgrappage, cuvaison 20 jours, remontages et d\u00e9lestages journaliers.<br \/>\nTemp\u00e9rature 28 \u00e0 30\u00b0C.<\/p>\n<p>Vieillissement<br \/>\n10 \u00e0 12 mois en cuve<\/p>\n<p>C\u00e9pages<br \/>\nGrenache 90%, Mourv\u00e8dre 5 %, Syrah 5 %<\/p>\n<p>Notes de d\u00e9gustation de notre \u0153nologue<br \/>\nRobe rouge tr\u00e8s profonde. Nez puissant et complexe m\u00ealant fruits ouges et fruits noirs bien m\u00fbrs avec des notes \u00e9pic\u00e9es.<br \/>\nIl pr\u00e9sente une belle structure en bouche avec un excellent \u00e9quilibre alcool tanins. Les tanins sont fins et soyeux.<br \/>\nSa charpente lui permettra d\u2019attendre avant d\u2019\u00eatre d\u00e9gust\u00e9.<\/p>\n<p>Mise en bouteille<br \/>\nA la propri\u00e9t\u00e9<\/p>\n<p>Conseils de d\u00e9gustation<br \/>\nGarde : 5 ans. 16\u00b0-18\u00b0C<\/p>\n<p>Conseils d\u2019accompagnement<br \/>\nLe Chateauneuf-du-Pape Cellier des princes s\u2019accordera parfaitement aux viandes r\u00f4ties ou en sauce, aux gibiers et formera un accord parfait avec les fromages.<\/p>\n","protected":false},"excerpt":{"rendered":"<h5>AOC Ch\u00e2teauneuf du Pape<\/h5>\n<p>En 1925, un groupe de vignerons convaincu par les valeurs de solidarit\u00e9 et d\u2019entraide s\u2019unit. Onze ans apr\u00e8s, ces vignerons visionnaires participeront \u00e0 la construction de la 1\u00e8re appellation de France : CH\u00c2TEAUNEUF-DU-PAPE.<br \/>\nSoud\u00e9s comme \u00e0 l\u2019origine, les 189 Vignerons du CELLIER DES PRINCES sont aujourd\u2019hui fiers de faire appr\u00e9cier leurs vins sur les cinq continents et de pouvoir transmettre leurs valeurs de convivialit\u00e9 et d\u2019excellence.<\/p>\n<p>C\u00e9pages: Grenache 90%, Mourv\u00e8dre 5 %, Syrah 5 %<\/p>\n","protected":false},"featured_media":1674,"comment_status":"closed","ping_status":"closed","template":"","meta":[],"product_brand":[],"product_cat":[85,251,242,244,285,250,29],"product_tag":[],"class_list":{"0":"post-1687","1":"product","2":"type-product","3":"status-publish","4":"has-post-thumbnail","6":"product_cat-vins","7":"product_cat-grands-vins","8":"product_cat-regions","9":"product_cat-vallee-du-rhone","10":"product_cat-chateauneuf-du-pape","11":"product_cat-couleur","12":"product_cat-vin-rouge","14":"first","15":"instock","16":"taxable","17":"shipping-taxable","18":"purchasable","19":"product-type-simple"},"jetpack_sharing_enabled":true,"_links":{"self":[{"href":"https:\/\/france-gastronomie.shop\/fr\/wp-json\/wp\/v2\/product\/1687","targetHints":{"allow":["GET"]}}],"collection":[{"href":"https:\/\/france-gastronomie.shop\/fr\/wp-json\/wp\/v2\/product"}],"about":[{"href":"https:\/\/france-gastronomie.shop\/fr\/wp-json\/wp\/v2\/types\/product"}],"replies":[{"embeddable":true,"href":"https:\/\/france-gastronomie.shop\/fr\/wp-json\/wp\/v2\/comments?post=1687"}],"wp:featuredmedia":[{"embeddable":true,"href":"https:\/\/france-gastronomie.shop\/fr\/wp-json\/wp\/v2\/media\/1674"}],"wp:attachment":[{"href":"https:\/\/france-gastronomie.shop\/fr\/wp-json\/wp\/v2\/media?parent=1687"}],"wp:term":[{"taxonomy":"product_brand","embeddable":true,"href":"https:\/\/france-gastronomie.shop\/fr\/wp-json\/wp\/v2\/product_brand?post=1687"},{"taxonomy":"product_cat","embeddable":true,"href":"https:\/\/france-gastronomie.shop\/fr\/wp-json\/wp\/v2\/product_cat?post=1687"},{"taxonomy":"product_tag","embeddable":true,"href":"https:\/\/france-gastronomie.shop\/fr\/wp-json\/wp\/v2\/product_tag?post=1687"}],"curies":[{"name":"wp","href":"https:\/\/api.w.org\/{rel}","templated":true}]}}