{"id":16616,"date":"2023-12-01T11:35:08","date_gmt":"2023-12-01T11:35:08","guid":{"rendered":"https:\/\/france-gastronomie.shop\/?post_type=product&#038;p=16616"},"modified":"2024-11-11T10:42:51","modified_gmt":"2024-11-11T10:42:51","slug":"groseilles-gelee","status":"publish","type":"product","link":"https:\/\/france-gastronomie.shop\/fr\/produit\/groseilles-gelee\/","title":{"rendered":"Groseilles <br\/> Gel\u00e9e"},"content":{"rendered":"<h5>Gel\u00e9e de groseilles BIO<\/h5>\n<h5>BIOLOKLOCK<\/h5>\n<p>Concoct\u00e9e avec des groseilles\u00a0fran\u00e7ais, la gel\u00e9e de cassis ne contient aucun g\u00e9lifiant!<\/p>\n<p>Notre d\u00e9licate gel\u00e9e\u00a0est conditionn\u00e9e dans un bocal en verre recyclable de 180\u00a0 grammes.<br \/>\nCette gel\u00e9e se d\u00e9guste avec autant de plaisir au petit d\u00e9jeuner, sur vos toasts, qu\u2019au moment de vos repas dans vos plats sucr\u00e9s\/sal\u00e9s ou vos desserts.<br \/>\nToutes nos gel\u00e9es sont pr\u00e9par\u00e9es \u00e0 l\u2019ancienne, en petites quantit\u00e9s, par des passionn\u00e9s du BIO, du respect de l\u2019environnement et de la sant\u00e9; un h\u00e9ritage familial transmis de g\u00e9n\u00e9ration en g\u00e9n\u00e9ration avec une profonde conviction.<\/p>\n<p>Bienfaits<br \/>\nLa groseille, gorg\u00e9e de jus poss\u00e8de une petite saveur acidul\u00e9e. Elle est rafra\u00eechissante, d\u00e9salt\u00e9rante et ap\u00e9ritive.<br \/>\nLa groseille contient des fibres,\u00a0 du\u00a0magn\u00e9sium,\u00a0du\u00a0calcium,\u00a0du\u00a0potassium,\u00a0du\u00a0fer,\u00a0 des vitamines&#8230;mais son principal avantage est qu&rsquo;elle est gorg\u00e9e de\u00a0flavono\u00efdes\u00a0excellents pour le renouvellement de la peau.<br \/>\n(Ces vertus que l&rsquo;on attribue \u00e0 chacun de ces fruits sont reconnues depuis des g\u00e9n\u00e9rations mais ne sauraient se substituer \u00e0 un traitement prescrit par un professionnel de la sant\u00e9.)<\/p>\n<p>Composition<br \/>\nGroseilles*, sucre de canne* 45%, eau.<br \/>\nSeuls le jus du fruit, du sucre de canne non raffin\u00e9 et de l&rsquo;eau entrent dans la composition de notre gel\u00e9e particuli\u00e8rement savoureuse.<br \/>\nPas de pectine. Pas de g\u00e9lifiant. Aucun rajout d\u2019aucune sorte. Teneur totale en sucre env. 60g pour 100g.<br \/>\nFabriqu\u00e9 dans un atelier utilisant de la noix.<br \/>\n*Ingr\u00e9dients issus de l\u2019agriculture biologique.<\/p>\n<p>Conservation<br \/>\nA conserver au frais apr\u00e8s ouverture.<\/p>\n","protected":false},"excerpt":{"rendered":"<h5>BIOLOKLOCK<\/h5>\n<p>Bioloklock est une entreprise artisanale qui est le fruit d&rsquo;un tr\u00e8s long engagement familial dans l&rsquo;agriculture biologique depuis le d\u00e9but des ann\u00e9es 1960.<\/p>\n","protected":false},"featured_media":16611,"comment_status":"open","ping_status":"closed","template":"","meta":[],"product_brand":[],"product_cat":[574,31,252],"product_tag":[],"class_list":{"0":"post-16616","1":"product","2":"type-product","3":"status-publish","4":"has-post-thumbnail","6":"product_cat-confitures","7":"product_cat-epicerie","8":"product_cat-bio","10":"first","11":"outofstock","12":"taxable","13":"shipping-taxable","14":"purchasable","15":"product-type-simple"},"jetpack_sharing_enabled":true,"_links":{"self":[{"href":"https:\/\/france-gastronomie.shop\/fr\/wp-json\/wp\/v2\/product\/16616","targetHints":{"allow":["GET"]}}],"collection":[{"href":"https:\/\/france-gastronomie.shop\/fr\/wp-json\/wp\/v2\/product"}],"about":[{"href":"https:\/\/france-gastronomie.shop\/fr\/wp-json\/wp\/v2\/types\/product"}],"replies":[{"embeddable":true,"href":"https:\/\/france-gastronomie.shop\/fr\/wp-json\/wp\/v2\/comments?post=16616"}],"wp:featuredmedia":[{"embeddable":true,"href":"https:\/\/france-gastronomie.shop\/fr\/wp-json\/wp\/v2\/media\/16611"}],"wp:attachment":[{"href":"https:\/\/france-gastronomie.shop\/fr\/wp-json\/wp\/v2\/media?parent=16616"}],"wp:term":[{"taxonomy":"product_brand","embeddable":true,"href":"https:\/\/france-gastronomie.shop\/fr\/wp-json\/wp\/v2\/product_brand?post=16616"},{"taxonomy":"product_cat","embeddable":true,"href":"https:\/\/france-gastronomie.shop\/fr\/wp-json\/wp\/v2\/product_cat?post=16616"},{"taxonomy":"product_tag","embeddable":true,"href":"https:\/\/france-gastronomie.shop\/fr\/wp-json\/wp\/v2\/product_tag?post=16616"}],"curies":[{"name":"wp","href":"https:\/\/api.w.org\/{rel}","templated":true}]}}