{"id":16604,"date":"2023-12-01T10:16:19","date_gmt":"2023-12-01T10:16:19","guid":{"rendered":"https:\/\/france-gastronomie.shop\/?post_type=product&#038;p=16604"},"modified":"2024-11-11T10:42:38","modified_gmt":"2024-11-11T10:42:38","slug":"cassis-gelee","status":"publish","type":"product","link":"https:\/\/france-gastronomie.shop\/fr\/produit\/cassis-gelee\/","title":{"rendered":"Cassis <br\/> Gel\u00e9e"},"content":{"rendered":"<h5>Gel\u00e9e de cassis BIO<\/h5>\n<h5>BIOLOKLOCK<\/h5>\n<p>Concoct\u00e9e avec des cassis fran\u00e7ais, la gel\u00e9e de cassis ne contient aucun g\u00e9lifiant!<\/p>\n<p>Notre d\u00e9licate gel\u00e9e de cassis est conditionn\u00e9e dans un bocal en verre recyclable de 180\u00a0 grammes.<br \/>\nCette gel\u00e9e se d\u00e9guste avec autant de plaisir au petit d\u00e9jeuner, sur vos toasts, qu\u2019au moment de vos repas dans vos plats sucr\u00e9s\/sal\u00e9s ou vos desserts.<br \/>\nToutes nos gel\u00e9es sont pr\u00e9par\u00e9es \u00e0 l\u2019ancienne, en petites quantit\u00e9s, par des passionn\u00e9s du BIO, du respect de l\u2019environnement et de la sant\u00e9; un h\u00e9ritage familial transmis de g\u00e9n\u00e9ration en g\u00e9n\u00e9ration avec une profonde conviction.<\/p>\n<p>Bienfaits<br \/>\nCette gel\u00e9e au go\u00fbt intense et au parfum prononc\u00e9 est irr\u00e9sistible. Vous pouvez la combiner \u00e0 votre guise et r\u00e9aliser ainsi des mets d\u00e9licats tr\u00e8s raffin\u00e9s.<br \/>\nLe cassis est riche en vitamines C et E, en anti-oxydants, en fibres, en min\u00e9raux c\u2019est une mine de bienfaits \u00e0 d\u00e9couvrir ou red\u00e9couvrir.<br \/>\n(Ces vertus que l&rsquo;on attribue \u00e0 chacun de ces fruits sont reconnues depuis des g\u00e9n\u00e9rations mais ne sauraient se substituer \u00e0 un traitement prescrit par un professionnel de la sant\u00e9.)<br \/>\nAu XVIII\u00e8me si\u00e8cle, le cassis \u00e9tait consid\u00e9r\u00e9 comme une v\u00e9ritable panac\u00e9e gu\u00e9rissant hommes et animaux de nombreux maux.<\/p>\n<p>Composition<br \/>\nJus de cassis* 55.5%, sucre de canne blond \u00e9quitable*, eau.<br \/>\nSeuls le jus du fruit, du sucre de canne non raffin\u00e9 et de l&rsquo;eau entrent dans la composition de notre gel\u00e9e particuli\u00e8rement savoureuse.<br \/>\nPas de pectine. Pas de g\u00e9lifiant. Aucun rajout d\u2019aucune sorte. Teneur totale en sucre env. 60g pour 100g.<br \/>\nFabriqu\u00e9 dans un atelier utilisant de la noix.<br \/>\n*Ingr\u00e9dients issus de l\u2019agriculture biologique.<\/p>\n<p>Conservation<br \/>\nA conserver au frais apr\u00e8s ouverture.<\/p>\n<p>Valeurs nutritionnelles<\/p>\n<table width=\"237\">\n<tbody>\n<tr>\n<td width=\"157\">Energie (kcal)<\/td>\n<td width=\"80\">259,9<\/td>\n<\/tr>\n<tr>\n<td>Energie (kJ)<\/td>\n<td>1102,2<\/td>\n<\/tr>\n<tr>\n<td>Mati\u00e8res grasses<\/td>\n<td>0,4g<\/td>\n<\/tr>\n<tr>\n<td>dont acides gras satur\u00e9s<\/td>\n<td>0,1g<\/td>\n<\/tr>\n<tr>\n<td>Glucides<\/td>\n<td>60g<\/td>\n<\/tr>\n<tr>\n<td>dont sucres<\/td>\n<td>57,5g<\/td>\n<\/tr>\n<tr>\n<td>Fibres alimentaires<\/td>\n<td>5,2g<\/td>\n<\/tr>\n<tr>\n<td>Prot\u00e9ines<\/td>\n<td>0,6g<\/td>\n<\/tr>\n<tr>\n<td>Sel<\/td>\n<td>0g<\/td>\n<\/tr>\n<\/tbody>\n<\/table>\n","protected":false},"excerpt":{"rendered":"<h5>BIOLOKLOCK<\/h5>\n<p>Bioloklock est une entreprise artisanale qui est le fruit d&rsquo;un tr\u00e8s long engagement familial dans l&rsquo;agriculture biologique depuis le d\u00e9but des ann\u00e9es 1960.<\/p>\n","protected":false},"featured_media":16608,"comment_status":"open","ping_status":"closed","template":"","meta":[],"product_brand":[],"product_cat":[574,31,252],"product_tag":[],"class_list":{"0":"post-16604","1":"product","2":"type-product","3":"status-publish","4":"has-post-thumbnail","6":"product_cat-confitures","7":"product_cat-epicerie","8":"product_cat-bio","10":"first","11":"outofstock","12":"taxable","13":"shipping-taxable","14":"purchasable","15":"product-type-simple"},"jetpack_sharing_enabled":true,"_links":{"self":[{"href":"https:\/\/france-gastronomie.shop\/fr\/wp-json\/wp\/v2\/product\/16604","targetHints":{"allow":["GET"]}}],"collection":[{"href":"https:\/\/france-gastronomie.shop\/fr\/wp-json\/wp\/v2\/product"}],"about":[{"href":"https:\/\/france-gastronomie.shop\/fr\/wp-json\/wp\/v2\/types\/product"}],"replies":[{"embeddable":true,"href":"https:\/\/france-gastronomie.shop\/fr\/wp-json\/wp\/v2\/comments?post=16604"}],"wp:featuredmedia":[{"embeddable":true,"href":"https:\/\/france-gastronomie.shop\/fr\/wp-json\/wp\/v2\/media\/16608"}],"wp:attachment":[{"href":"https:\/\/france-gastronomie.shop\/fr\/wp-json\/wp\/v2\/media?parent=16604"}],"wp:term":[{"taxonomy":"product_brand","embeddable":true,"href":"https:\/\/france-gastronomie.shop\/fr\/wp-json\/wp\/v2\/product_brand?post=16604"},{"taxonomy":"product_cat","embeddable":true,"href":"https:\/\/france-gastronomie.shop\/fr\/wp-json\/wp\/v2\/product_cat?post=16604"},{"taxonomy":"product_tag","embeddable":true,"href":"https:\/\/france-gastronomie.shop\/fr\/wp-json\/wp\/v2\/product_tag?post=16604"}],"curies":[{"name":"wp","href":"https:\/\/api.w.org\/{rel}","templated":true}]}}