{"id":16598,"date":"2023-11-30T12:30:50","date_gmt":"2023-11-30T12:30:50","guid":{"rendered":"https:\/\/france-gastronomie.shop\/?post_type=product&#038;p=16598"},"modified":"2024-10-31T09:30:18","modified_gmt":"2024-10-31T09:30:18","slug":"cremant-perle-dalsace-arthur-metz","status":"publish","type":"product","link":"https:\/\/france-gastronomie.shop\/fr\/produit\/cremant-perle-dalsace-arthur-metz\/","title":{"rendered":"Cremant Perle d&rsquo;Alsace <br\/> Arthur Metz"},"content":{"rendered":"<h5>Cr\u00e9mant Perle d&rsquo;Alsace<\/h5>\n<h5>AOP Cr\u00e9mant d&rsquo;Alsace<br \/>\nArthur Metz<\/h5>\n<p>Le Cr\u00e9mant Brut Perle d&rsquo;Alsace Arthur Metz se distingue par la grande finesse de ses bulles, qui sauront faire \u00e9clater toutes les saveurs qu&rsquo;il contient. La subtilit\u00e9 de ses ar\u00f4mes vous s\u00e9duira lors de vos partages festifs.<\/p>\n<p>Raisins r\u00e9colt\u00e9s manuellement \u00e0 parfaite maturit\u00e9<br \/>\nVieillissement sur lattes<\/p>\n<p>C\u00e9page<strong><br \/>\n<\/strong>Auxerrois, Pinot Blanc, Pinot Gris, Riesling<\/p>\n<p>D\u00e9gustation<br \/>\nOeil: jaune dor\u00e9, mousse fine et persistante<br \/>\nNez: agr\u00e9able bouquet aux ar\u00f4mes de fruits et de fleurs blanches<br \/>\nBouche: l\u00e9g\u00e8rement fruit\u00e9e, bulles fines et agr\u00e9ables<\/p>\n<p>Accords Mets-Vin<br \/>\nBouch\u00e9es individuelles sal\u00e9es, mignardises, id\u00e9al pour tous types de desserts<\/p>\n<p>Temp\u00e9rature de service: 8-10\u00b0<br \/>\nDegr\u00e9 d&rsquo;alcool: 12\u00b0<br \/>\nSucrosit\u00e9: brut<br \/>\nGarde: 1-3 ans<\/p>\n","protected":false},"excerpt":{"rendered":"<h5>Arthur Metz<\/h5>\n<p>Depuis 1904, nous \u0153uvrons pour vous offrir des cuv\u00e9es de grande qualit\u00e9. Nos gammes, alliant tradition et modernit\u00e9, accessibilit\u00e9 et prestige, offrent un panel de choix pour tous les amateurs de fines bulles.<\/p>\n","protected":false},"featured_media":16599,"comment_status":"open","ping_status":"closed","template":"","meta":[],"product_brand":[],"product_cat":[85,242,246,259,261,250,19],"product_tag":[],"class_list":{"0":"post-16598","1":"product","2":"type-product","3":"status-publish","4":"has-post-thumbnail","6":"product_cat-vins","7":"product_cat-regions","8":"product_cat-alsace","9":"product_cat-petillants","10":"product_cat-cremant","11":"product_cat-couleur","12":"product_cat-vin-blanc","14":"first","15":"instock","16":"taxable","17":"shipping-taxable","18":"purchasable","19":"product-type-simple"},"jetpack_sharing_enabled":true,"_links":{"self":[{"href":"https:\/\/france-gastronomie.shop\/fr\/wp-json\/wp\/v2\/product\/16598","targetHints":{"allow":["GET"]}}],"collection":[{"href":"https:\/\/france-gastronomie.shop\/fr\/wp-json\/wp\/v2\/product"}],"about":[{"href":"https:\/\/france-gastronomie.shop\/fr\/wp-json\/wp\/v2\/types\/product"}],"replies":[{"embeddable":true,"href":"https:\/\/france-gastronomie.shop\/fr\/wp-json\/wp\/v2\/comments?post=16598"}],"wp:featuredmedia":[{"embeddable":true,"href":"https:\/\/france-gastronomie.shop\/fr\/wp-json\/wp\/v2\/media\/16599"}],"wp:attachment":[{"href":"https:\/\/france-gastronomie.shop\/fr\/wp-json\/wp\/v2\/media?parent=16598"}],"wp:term":[{"taxonomy":"product_brand","embeddable":true,"href":"https:\/\/france-gastronomie.shop\/fr\/wp-json\/wp\/v2\/product_brand?post=16598"},{"taxonomy":"product_cat","embeddable":true,"href":"https:\/\/france-gastronomie.shop\/fr\/wp-json\/wp\/v2\/product_cat?post=16598"},{"taxonomy":"product_tag","embeddable":true,"href":"https:\/\/france-gastronomie.shop\/fr\/wp-json\/wp\/v2\/product_tag?post=16598"}],"curies":[{"name":"wp","href":"https:\/\/api.w.org\/{rel}","templated":true}]}}