{"id":16545,"date":"2022-11-09T08:19:35","date_gmt":"2022-11-09T08:19:35","guid":{"rendered":"https:\/\/france-gastronomie.shop\/?post_type=product&#038;p=16545"},"modified":"2025-12-16T16:21:00","modified_gmt":"2025-12-16T16:21:00","slug":"le-star-bubbles-maison-le-star-2","status":"publish","type":"product","link":"https:\/\/france-gastronomie.shop\/fr\/produit\/le-star-bubbles-maison-le-star-2\/","title":{"rendered":"Le Star Bubbles <br\/> Maison le Star"},"content":{"rendered":"<h5>Le Star Bubbles<\/h5>\n<p>TERROIR<br \/>\nLe Star Bubbles Brut ros\u00e9 est issu d\u2019une s\u00e9lection exigeante des plus beaux terroirs de France. Notre \u00e9quipe d\u2019\u0153nologue a sillonn\u00e9 ces terres gorg\u00e9es de lumi\u00e8re et de et expressifs.<\/p>\n<p>C\u00c9PAGE<br \/>\nGrenache, Merlot<\/p>\n<p>VINIFICATION<br \/>\nLa combinaison du savoir-faire traditionnel et des techniques modernes nous guide dans l\u2019\u00e9laboration de ce vin. De la r\u00e9colte des raisins \u00e0 la vinification et sa gaz\u00e9ification, tout est mis en \u0153uvre pour vous garantir un vin frais et qualitatif.<\/p>\n<p>D\u00c9GUSTATION<br \/>\nUn vin fabuleux, frais et fruit\u00e9 aux notes croquantes de fraise et de framboise, qui saura vous accompagner avec style et convivialit\u00e9 en tous lieux et \u00e0 toute heure, en famille ou entre amis.<\/p>\n","protected":false},"excerpt":{"rendered":"<h5>Maison le Star<\/h5>\n<p>Maison Le Star est la concr\u00e9tisation d\u2019un r\u00eave et l\u2019expression d\u2019une passion.<br \/>\nEntour\u00e9 d\u2019une \u00e9quipe de professionnels, \u0153nologues et sommeliers, garants de la qualit\u00e9 des vins que nous produisons et s\u00e9lectionnons, nous offrons aux futurs amateurs et aux connaisseurs du monde entier des vins fran\u00e7ais de qualit\u00e9 au prix juste.<\/p>\n<p><strong>CEPAGES<\/strong><br \/>\nGrenache, Merlot<\/p>\n","protected":false},"featured_media":16552,"comment_status":"open","ping_status":"closed","template":"","meta":[],"product_brand":[],"product_cat":[563,85,242,247,259,250,30],"product_tag":[],"class_list":{"0":"post-16545","1":"product","2":"type-product","3":"status-publish","4":"has-post-thumbnail","6":"product_cat-bag-in-box-3l","7":"product_cat-vins","8":"product_cat-regions","9":"product_cat-autres-regions","10":"product_cat-petillants","11":"product_cat-couleur","12":"product_cat-vin-rose","14":"first","15":"instock","16":"taxable","17":"shipping-taxable","18":"purchasable","19":"product-type-simple"},"jetpack_sharing_enabled":true,"_links":{"self":[{"href":"https:\/\/france-gastronomie.shop\/fr\/wp-json\/wp\/v2\/product\/16545","targetHints":{"allow":["GET"]}}],"collection":[{"href":"https:\/\/france-gastronomie.shop\/fr\/wp-json\/wp\/v2\/product"}],"about":[{"href":"https:\/\/france-gastronomie.shop\/fr\/wp-json\/wp\/v2\/types\/product"}],"replies":[{"embeddable":true,"href":"https:\/\/france-gastronomie.shop\/fr\/wp-json\/wp\/v2\/comments?post=16545"}],"wp:featuredmedia":[{"embeddable":true,"href":"https:\/\/france-gastronomie.shop\/fr\/wp-json\/wp\/v2\/media\/16552"}],"wp:attachment":[{"href":"https:\/\/france-gastronomie.shop\/fr\/wp-json\/wp\/v2\/media?parent=16545"}],"wp:term":[{"taxonomy":"product_brand","embeddable":true,"href":"https:\/\/france-gastronomie.shop\/fr\/wp-json\/wp\/v2\/product_brand?post=16545"},{"taxonomy":"product_cat","embeddable":true,"href":"https:\/\/france-gastronomie.shop\/fr\/wp-json\/wp\/v2\/product_cat?post=16545"},{"taxonomy":"product_tag","embeddable":true,"href":"https:\/\/france-gastronomie.shop\/fr\/wp-json\/wp\/v2\/product_tag?post=16545"}],"curies":[{"name":"wp","href":"https:\/\/api.w.org\/{rel}","templated":true}]}}