{"id":1650,"date":"2020-08-24T05:19:48","date_gmt":"2020-08-24T05:19:48","guid":{"rendered":"https:\/\/france-gastronomie.shop\/produit\/chateau-tanais-olivier-magnumhaut-medoc\/"},"modified":"2024-10-31T09:55:33","modified_gmt":"2024-10-31T09:55:33","slug":"chateau-tanais-olivier-magnumhaut-medoc","status":"publish","type":"product","link":"https:\/\/france-gastronomie.shop\/fr\/produit\/chateau-tanais-olivier-magnumhaut-medoc\/","title":{"rendered":"Ch. Tana\u00efs Olivier <br\/>  Magnum"},"content":{"rendered":"<h5>Ch\u00e2teau Tana\u00efs Olivier MAGNUM<\/h5>\n<h5>AOC Haut-M\u00e9doc<\/h5>\n<p>SUPERFICIE<br \/>\n37 ha<\/p>\n<p>SOLS<br \/>\nCroupe graveleuse<\/p>\n<p>C\u00c9PAGES<br \/>\n54 % Cabernet Sauvignon, 43 % Merlot, 3 % Petit Verdot<\/p>\n<p>\u00c9LEVAGE<br \/>\nTraditionnel en cuve<\/p>\n<p>MATURIT\u00c9<br \/>\n3 &#8211; 7 ans<\/p>\n<p>LA PROPRI\u00c9T\u00c9<br \/>\nLe Ch\u00e2teau Tana\u00efs Olivier est une des autres marques du Ch\u00e2teau Grand Clapeau Olivier, un des rares crus Bourgeois situ\u00e9s \u00e0 lanquefort. Situ\u00e9 \u00e0 3 km du centre de Blanquefort et 15 minutes de la rocade de Bordeaux, la propri\u00e9t\u00e9 comprend plus de 120 hectares, dont 36 hectares de vignes. Le ch\u00e2teau est une magni\ufb01que petite chartreuse construite \u00e0 la \ufb01n du XIXe mais \u00e9di\ufb01\u00e9e dans le style d\u00e9sormais classique en pays bordelais, du XVIIIe. D\u2019un \u00e2ge moyen de 30 ans, le vignoble est situ\u00e9<br \/>\nsur une magni\ufb01que croupe graveleuse typique des terroirs m\u00e9docains et id\u00e9ale pour la maturation des cabernets. On retrouve une culture de la vigne traditionnelle: guyot double; \u00e9pamprage, rognage, vendange verte. Les vendanges sont m\u00e9caniques avec table de tri au chai. Les Vini\ufb01cations sont dans la pure tradition du Haut-M\u00e9doc avec contr\u00f4le des temp\u00e9ratures et cuvaison de 3 semaines sous les conseils d\u2019un \u0153nologue.<\/p>\n<p>LE VIGNERON<br \/>\nLa famille Baudini\u00e8re est propri\u00e9taire depuis 1923. Pierre Baudini\u00e8re en est le g\u00e9rant.<\/p>\n","protected":false},"excerpt":{"rendered":"<h5>AOC Haut-M\u00e9doc<\/h5>\n<p>Le Ch\u00e2teau Tana\u00efs Olivier est une des autres marques du Ch\u00e2teau Grand Clapeau Olivier, un des rares crus Bourgeois<br \/>\nsitu\u00e9s \u00e0 lanquefort.<br \/>\nLes Vini\ufb01cations sont dans la pure tradition du Haut-M\u00e9doc avec contr\u00f4le des temp\u00e9ratures et cuvaison de 3 semaines sous les conseils d\u2019un \u0153nologue.<\/p>\n<p>C\u00e9pages: 54 % Cabernet Sauvignon, 43 % Merlot, 3 % Petit Verdot<\/p>\n","protected":false},"featured_media":1568,"comment_status":"closed","ping_status":"closed","template":"","meta":[],"product_brand":[],"product_cat":[571,85,242,243,267,250,29],"product_tag":[],"class_list":{"0":"post-1650","1":"product","2":"type-product","3":"status-publish","4":"has-post-thumbnail","6":"product_cat-magnum","7":"product_cat-vins","8":"product_cat-regions","9":"product_cat-bordeaux","10":"product_cat-haut-medoc","11":"product_cat-couleur","12":"product_cat-vin-rouge","14":"first","15":"outofstock","16":"taxable","17":"shipping-taxable","18":"purchasable","19":"product-type-simple"},"jetpack_sharing_enabled":true,"_links":{"self":[{"href":"https:\/\/france-gastronomie.shop\/fr\/wp-json\/wp\/v2\/product\/1650","targetHints":{"allow":["GET"]}}],"collection":[{"href":"https:\/\/france-gastronomie.shop\/fr\/wp-json\/wp\/v2\/product"}],"about":[{"href":"https:\/\/france-gastronomie.shop\/fr\/wp-json\/wp\/v2\/types\/product"}],"replies":[{"embeddable":true,"href":"https:\/\/france-gastronomie.shop\/fr\/wp-json\/wp\/v2\/comments?post=1650"}],"wp:featuredmedia":[{"embeddable":true,"href":"https:\/\/france-gastronomie.shop\/fr\/wp-json\/wp\/v2\/media\/1568"}],"wp:attachment":[{"href":"https:\/\/france-gastronomie.shop\/fr\/wp-json\/wp\/v2\/media?parent=1650"}],"wp:term":[{"taxonomy":"product_brand","embeddable":true,"href":"https:\/\/france-gastronomie.shop\/fr\/wp-json\/wp\/v2\/product_brand?post=1650"},{"taxonomy":"product_cat","embeddable":true,"href":"https:\/\/france-gastronomie.shop\/fr\/wp-json\/wp\/v2\/product_cat?post=1650"},{"taxonomy":"product_tag","embeddable":true,"href":"https:\/\/france-gastronomie.shop\/fr\/wp-json\/wp\/v2\/product_tag?post=1650"}],"curies":[{"name":"wp","href":"https:\/\/api.w.org\/{rel}","templated":true}]}}