{"id":1649,"date":"2020-08-05T19:16:17","date_gmt":"2020-08-05T19:16:17","guid":{"rendered":"https:\/\/france-gastronomie.shop\/produit\/m-de-montagne-montagne-saint-emilion\/"},"modified":"2024-10-31T09:32:46","modified_gmt":"2024-10-31T09:32:46","slug":"m-de-montagne-montagne-saint-emilion","status":"publish","type":"product","link":"https:\/\/france-gastronomie.shop\/fr\/produit\/m-de-montagne-montagne-saint-emilion\/","title":{"rendered":"M de Montagne <br\/> Montagne St Emilion"},"content":{"rendered":"<h5>M de Montagne<\/h5>\n<h5>AOC Montagne Saint-\u00c9milion<\/h5>\n<p>ORIGINE &#8211; POSITIONNEMENT<br \/>\nun vin sp\u00e9cialement s\u00e9lectionn\u00e9 par nos \u0153nologues. Non loin du c\u00e9l\u00e8bre village de Saint-Emilion, les raisins de Montagne Saint- Emilion sont produits sur de petites exploitations familiales et offrent un vin rac\u00e9 et g\u00e9n\u00e9reux.<\/p>\n<p>VINIFICATION<br \/>\nTraditionnelle<\/p>\n<p>CEPAGES<br \/>\nMerlot 75%, Cabernet Franc 15%, Cabernet Sauvignon 10%<\/p>\n<p>DEGUSTATION<br \/>\nRobe grenat fonc\u00e9e aux reflets bleut\u00e9s.<br \/>\nJoli bouquet au nez. Les fruits rouges, le grill\u00e9 et les \u00e9pices se succ\u00e8dent avant de fines notes de vanille.<br \/>\nAttaque en bouche ferme et soutenue par des tanins au grain serr\u00e9. Ar\u00f4mes opulents de cassis et de framboise,<br \/>\nde pain grill\u00e9 et de r\u00e9glisse.<\/p>\n<p>ACCORDS METS &amp; VINS<br \/>\nA d\u00e9guster sur une c\u00f4te de b\u0153uf \u00e0 la moelle, un civet de canard aux c\u00e8pes, des petites terrines de l\u00e9gumes.<br \/>\nId\u00e9al sur un fromage de ch\u00e8vre aux figues.<\/p>\n<p>TEMPERATURE DE SERVICE<br \/>\n18\u00b0C, \u00e0 d\u00e9canter.<\/p>\n<p>PALMARES<br \/>\n2012: Cit\u00e9 \u00e0 IWC 2013, Commented \u00e0 DECANTER 2013<br \/>\n2009: M\u00e9daille d\u2019argent au concours des vins bourg Blaye 2010<\/p>\n","protected":false},"excerpt":{"rendered":"<h5>AOC Montagne Saint-\u00c9milion<\/h5>\n<p>Maison Le Star est la concr\u00e9tisation d\u2019un r\u00eave et l\u2019expression d\u2019une passion.<br \/>\nEntour\u00e9 d\u2019une \u00e9quipe de professionnels, \u0153nologues et sommeliers, garants de la qualit\u00e9 des vins que nous produisons et s\u00e9lectionnons, nous offrons aux futurs amateurs et aux connaisseurs du monde entier des vins fran\u00e7ais de qualit\u00e9 au prix juste.<\/p>\n<p>CEPAGES<br \/>\nMerlot 75%, Cabernet Franc 15%, Cabernet Sauvignon 10%<\/p>\n","protected":false},"featured_media":8852,"comment_status":"closed","ping_status":"closed","template":"","meta":[],"product_brand":[],"product_cat":[85,242,243,268,250,29],"product_tag":[],"class_list":{"0":"post-1649","1":"product","2":"type-product","3":"status-publish","4":"has-post-thumbnail","6":"product_cat-vins","7":"product_cat-regions","8":"product_cat-bordeaux","9":"product_cat-montagne-saint-emilion","10":"product_cat-couleur","11":"product_cat-vin-rouge","13":"first","14":"instock","15":"taxable","16":"shipping-taxable","17":"purchasable","18":"product-type-simple"},"jetpack_sharing_enabled":true,"_links":{"self":[{"href":"https:\/\/france-gastronomie.shop\/fr\/wp-json\/wp\/v2\/product\/1649","targetHints":{"allow":["GET"]}}],"collection":[{"href":"https:\/\/france-gastronomie.shop\/fr\/wp-json\/wp\/v2\/product"}],"about":[{"href":"https:\/\/france-gastronomie.shop\/fr\/wp-json\/wp\/v2\/types\/product"}],"replies":[{"embeddable":true,"href":"https:\/\/france-gastronomie.shop\/fr\/wp-json\/wp\/v2\/comments?post=1649"}],"wp:featuredmedia":[{"embeddable":true,"href":"https:\/\/france-gastronomie.shop\/fr\/wp-json\/wp\/v2\/media\/8852"}],"wp:attachment":[{"href":"https:\/\/france-gastronomie.shop\/fr\/wp-json\/wp\/v2\/media?parent=1649"}],"wp:term":[{"taxonomy":"product_brand","embeddable":true,"href":"https:\/\/france-gastronomie.shop\/fr\/wp-json\/wp\/v2\/product_brand?post=1649"},{"taxonomy":"product_cat","embeddable":true,"href":"https:\/\/france-gastronomie.shop\/fr\/wp-json\/wp\/v2\/product_cat?post=1649"},{"taxonomy":"product_tag","embeddable":true,"href":"https:\/\/france-gastronomie.shop\/fr\/wp-json\/wp\/v2\/product_tag?post=1649"}],"curies":[{"name":"wp","href":"https:\/\/api.w.org\/{rel}","templated":true}]}}