{"id":16486,"date":"2023-10-27T06:18:34","date_gmt":"2023-10-27T06:18:34","guid":{"rendered":"https:\/\/france-gastronomie.shop\/?post_type=product&#038;p=16486"},"modified":"2025-09-30T07:42:34","modified_gmt":"2025-09-30T07:42:34","slug":"tomme-type-gouda-au-pesto","status":"publish","type":"product","link":"https:\/\/france-gastronomie.shop\/fr\/produit\/tomme-type-gouda-au-pesto\/","title":{"rendered":"Gouda fermier <br\/> au pesto vert"},"content":{"rendered":"<h5>Gouda fermier au pesto vert<\/h5>\n","protected":false},"excerpt":{"rendered":"<h5>Gouda fermier au pesto vert<\/h5>\n<p>La Villa Verde gouda est un fromage<strong> fermier<\/strong> <strong>cr\u00e9meux<\/strong>, avec du <strong>pesto vert<\/strong> (basilic), des <strong>pignons de pin<\/strong>, du fenugrec et un soup\u00e7on d\u2019ail.<\/p>\n<p>Toujours \u00e0 la recherche de sp\u00e9cialit\u00e9s fromag\u00e8res savoureuse et au go\u00fbt unique, c\u2019est \u00e0\u00a0 Woerden, au c\u0153ur des Pays-Bas, dans l\u2019entreprise familiale <a href=\"https:\/\/www.treurkaas.nl\/fr\/gamme-de-produits\/fromage-aux-herbes\/villa-verde\/\">Treur Kass<\/a>, que La Villa Verde gouda est n\u00e9e<\/p>\n","protected":false},"featured_media":16488,"comment_status":"open","ping_status":"closed","template":"","meta":[],"product_brand":[],"product_cat":[628,776,319],"product_tag":[],"class_list":{"0":"post-16486","1":"product","2":"type-product","3":"status-publish","4":"has-post-thumbnail","6":"product_cat-au-lait-de-vaches","7":"product_cat-produit-frais","8":"product_cat-fromages","10":"first","11":"instock","12":"taxable","13":"shipping-taxable","14":"purchasable","15":"product-type-variable"},"jetpack_sharing_enabled":true,"_links":{"self":[{"href":"https:\/\/france-gastronomie.shop\/fr\/wp-json\/wp\/v2\/product\/16486","targetHints":{"allow":["GET"]}}],"collection":[{"href":"https:\/\/france-gastronomie.shop\/fr\/wp-json\/wp\/v2\/product"}],"about":[{"href":"https:\/\/france-gastronomie.shop\/fr\/wp-json\/wp\/v2\/types\/product"}],"replies":[{"embeddable":true,"href":"https:\/\/france-gastronomie.shop\/fr\/wp-json\/wp\/v2\/comments?post=16486"}],"wp:featuredmedia":[{"embeddable":true,"href":"https:\/\/france-gastronomie.shop\/fr\/wp-json\/wp\/v2\/media\/16488"}],"wp:attachment":[{"href":"https:\/\/france-gastronomie.shop\/fr\/wp-json\/wp\/v2\/media?parent=16486"}],"wp:term":[{"taxonomy":"product_brand","embeddable":true,"href":"https:\/\/france-gastronomie.shop\/fr\/wp-json\/wp\/v2\/product_brand?post=16486"},{"taxonomy":"product_cat","embeddable":true,"href":"https:\/\/france-gastronomie.shop\/fr\/wp-json\/wp\/v2\/product_cat?post=16486"},{"taxonomy":"product_tag","embeddable":true,"href":"https:\/\/france-gastronomie.shop\/fr\/wp-json\/wp\/v2\/product_tag?post=16486"}],"curies":[{"name":"wp","href":"https:\/\/api.w.org\/{rel}","templated":true}]}}