{"id":1640,"date":"2020-08-25T12:13:41","date_gmt":"2020-08-25T12:13:41","guid":{"rendered":"https:\/\/france-gastronomie.shop\/?post_type=product&#038;p=1640"},"modified":"2024-10-31T09:43:20","modified_gmt":"2024-10-31T09:43:20","slug":"excellence-de-belliard-pomerol","status":"publish","type":"product","link":"https:\/\/france-gastronomie.shop\/fr\/produit\/excellence-de-belliard-pomerol\/","title":{"rendered":"AOC Pomerol <br\/> Excellence"},"content":{"rendered":"<h5>Excellence de Belliard<\/h5>\n<h5>AOC Pomerol<\/h5>\n<p>Excellence de Belliard est un vin rare issu des meilleures parcelles de nos terroirs. Ces vignes centenaires s\u2019autor\u00e9gulent naturellement pour offrir une production confidentielle de 1.200 bouteilles par hectare. La r\u00e9colte s\u2019effectue manuellement par un tri s\u00e9lectif des meilleures baies des parcelles afin d\u2019optimiser la qualit\u00e9 du produit. Un soin tout particulier est apport\u00e9 \u00e0 la conduite du vignoble. La culture de la vigne s\u2019effectue \u00e0 l\u2019aide de chevaux de trait afin de ne pas stresser la croissance de la plante. Des algues sont mises sous les ceps de vignes car l\u2019iode, contenue dans celles-ci, brule l\u2019herbe et intervient comme d\u00e9sherbant naturel. Par la suite, en se d\u00e9gradant dans le sol, l\u2019algue apporte de la mati\u00e8re organique \u00e0 la plante sous forme d\u2019engrais naturel, n\u00e9cessaire<br \/>\nau bon d\u00e9veloppement de la vigne. Ce soin minutieux apport\u00e9 \u00e0 la vigne, permet l\u2019\u00e9laboration de vins d\u2019une puissance, d\u2019une concentration, d\u2019une \u00e9l\u00e9gance et d\u2019une complexit\u00e9 rarement \u00e9gal\u00e9s.<br \/>\nComme l\u2019Artiste devant sa toile blanche, la Maison Belliard cr\u00e9\u00e9e chaque ann\u00e9e le Divin Nectar. Le vin a toujours \u00e9t\u00e9 une source d\u2019inspiration cr\u00e9ative pour les Artistes. Le vin donne vie \u00e0 des \u0153uvres empreintes de po\u00e9sie et d\u2019originalit\u00e9. L\u2019Art et le Vin sont les joies sup\u00e9rieures des Hommes. Comme tout Artiste, Xavier Belliard signe sa cr\u00e9ation \u00e0 la pointe de son inspiration. L\u2019Excellence ouvre-t-elle des portes vers d\u2019infinies perspectives ????<\/p>\n<p>C\u00e9page<br \/>\n100 % Merlot<\/p>\n<p>Appellation<br \/>\nLes vignobles sont situ\u00e9s dans le prolongement du plateau de Saint-Emilion pr\u00e8s du Ch\u00e2teau Petrus.<\/p>\n<p>Sol<br \/>\nSeulement deux hectares d&rsquo;argile-sableux avec une forte concentration de fer qui donne aux vins des saveurs et des ar\u00f4mes tr\u00e8s sp\u00e9ciaux.<\/p>\n<p>Vinification<br \/>\nFermentation avec des levures indig\u00e8nes pour exalter les caract\u00e9ristiques du terroir et mac\u00e9ration et fermentation longues d&rsquo;environ six semaines en cuve de ciment.<\/p>\n<p>Elevage<br \/>\n24 mois<\/p>\n<p>Vieillissement<br \/>\n20 ans<\/p>\n<p>Couleur<br \/>\nRouge ruby<\/p>\n<p>Nez<br \/>\nFruits noirs m\u00fbrs, cassis et prune, avec une touche de ch\u00eane<\/p>\n<p>Bouche<br \/>\nRiche et complexe avec un excellent \u00e9quilibre et un tanin \u00e9l\u00e9gant<\/p>\n<p>Service<br \/>\nEntre 16 &amp; 18\u00baC<\/p>\n<p>Accords et mets<br \/>\nViande rouge, volaille et fromage. Poitrine de canard aux pommes caram\u00e9lis\u00e9es<\/p>\n<p>R\u00e9compense<br \/>\nWine Challenge Prowein, Prodexpo Moscow<\/p>\n","protected":false},"excerpt":{"rendered":"<h5>AOC Pomerol<\/h5>\n<p>Comme l\u2019Artiste devant sa toile blanche, la Maison Belliard cr\u00e9\u00e9e chaque ann\u00e9e le Divin Nectar.<br \/>\nLe vin a toujours \u00e9t\u00e9 une source d\u2019inspiration cr\u00e9ative pour les Artistes. Le vin donne vie \u00e0 des \u0153uvres empreintes de po\u00e9sie et d\u2019originalit\u00e9.<br \/>\nL\u2019Art et le Vin sont les joies sup\u00e9rieures des Hommes.<br \/>\nComme tout Artiste, Xavier Belliard signe sa cr\u00e9ation \u00e0 la pointe de son inspiration. L\u2019Excellence ouvre-t-elle des portes vers d\u2019infinies perspectives ????<\/p>\n<p>C\u00e9page:<br \/>\n100 % Merlot<\/p>\n","protected":false},"featured_media":1651,"comment_status":"closed","ping_status":"closed","template":"","meta":[],"product_brand":[],"product_cat":[85,251,242,243,275,250,29],"product_tag":[],"class_list":{"0":"post-1640","1":"product","2":"type-product","3":"status-publish","4":"has-post-thumbnail","6":"product_cat-vins","7":"product_cat-grands-vins","8":"product_cat-regions","9":"product_cat-bordeaux","10":"product_cat-pomerol","11":"product_cat-couleur","12":"product_cat-vin-rouge","14":"first","15":"instock","16":"taxable","17":"shipping-taxable","18":"purchasable","19":"product-type-simple"},"jetpack_sharing_enabled":true,"_links":{"self":[{"href":"https:\/\/france-gastronomie.shop\/fr\/wp-json\/wp\/v2\/product\/1640","targetHints":{"allow":["GET"]}}],"collection":[{"href":"https:\/\/france-gastronomie.shop\/fr\/wp-json\/wp\/v2\/product"}],"about":[{"href":"https:\/\/france-gastronomie.shop\/fr\/wp-json\/wp\/v2\/types\/product"}],"replies":[{"embeddable":true,"href":"https:\/\/france-gastronomie.shop\/fr\/wp-json\/wp\/v2\/comments?post=1640"}],"wp:featuredmedia":[{"embeddable":true,"href":"https:\/\/france-gastronomie.shop\/fr\/wp-json\/wp\/v2\/media\/1651"}],"wp:attachment":[{"href":"https:\/\/france-gastronomie.shop\/fr\/wp-json\/wp\/v2\/media?parent=1640"}],"wp:term":[{"taxonomy":"product_brand","embeddable":true,"href":"https:\/\/france-gastronomie.shop\/fr\/wp-json\/wp\/v2\/product_brand?post=1640"},{"taxonomy":"product_cat","embeddable":true,"href":"https:\/\/france-gastronomie.shop\/fr\/wp-json\/wp\/v2\/product_cat?post=1640"},{"taxonomy":"product_tag","embeddable":true,"href":"https:\/\/france-gastronomie.shop\/fr\/wp-json\/wp\/v2\/product_tag?post=1640"}],"curies":[{"name":"wp","href":"https:\/\/api.w.org\/{rel}","templated":true}]}}