{"id":16380,"date":"2023-10-27T06:07:56","date_gmt":"2023-10-27T06:07:56","guid":{"rendered":"https:\/\/france-gastronomie.shop\/?post_type=product&#038;p=16380"},"modified":"2026-02-13T11:17:28","modified_gmt":"2026-02-13T10:17:28","slug":"gouda-de-chevre","status":"publish","type":"product","link":"https:\/\/france-gastronomie.shop\/fr\/produit\/gouda-de-chevre\/","title":{"rendered":"Gouda <br\/> de ch\u00e8vre"},"content":{"rendered":"<h5>Gouda de ch\u00e8vre<\/h5>\n","protected":false},"excerpt":{"rendered":"<h5>Gouda de ch\u00e8vre<\/h5>\n<p>Un Gouda fabriqu\u00e9 aux Pays-Bas \u00e0 partir de lait de ch\u00e8vre frais \u00e0 100 %.<br \/>\nDe texture cr\u00e9meuse, il offre une saveur sucr\u00e9e, presque caramel au beurre, avec une belle quantit\u00e9 de piquant pour la fra\u00eecheur.<br \/>\nSuggestions de pr\u00e9sentation : Servez-le avec des fruits, sur des salades, avec du pain croustillant.<br \/>\n<strong>Comme pour tous les fromages, il est important de le consommer \u00e0 temp\u00e9rature ambiante afin de pouvoir appr\u00e9cier toutes ses nuances de saveur.<\/strong><\/p>\n<p>R\u00e9gion: Hollande<\/p>\n<p>Lait de ch\u00e8vre pasteuris\u00e9<\/p>\n<p>P\u00e2te press\u00e9e non-cuite<\/p>\n<p>Allerg\u00e8nes : Lait<\/p>\n","protected":false},"featured_media":17295,"comment_status":"open","ping_status":"closed","template":"","meta":[],"product_brand":[],"product_cat":[644,776,319],"product_tag":[],"class_list":{"0":"post-16380","1":"product","2":"type-product","3":"status-publish","4":"has-post-thumbnail","6":"product_cat-au-lait-de-chevre-fr","7":"product_cat-produit-frais","8":"product_cat-fromages","10":"first","11":"instock","12":"taxable","13":"shipping-taxable","14":"product-type-variable"},"jetpack_sharing_enabled":true,"_links":{"self":[{"href":"https:\/\/france-gastronomie.shop\/fr\/wp-json\/wp\/v2\/product\/16380","targetHints":{"allow":["GET"]}}],"collection":[{"href":"https:\/\/france-gastronomie.shop\/fr\/wp-json\/wp\/v2\/product"}],"about":[{"href":"https:\/\/france-gastronomie.shop\/fr\/wp-json\/wp\/v2\/types\/product"}],"replies":[{"embeddable":true,"href":"https:\/\/france-gastronomie.shop\/fr\/wp-json\/wp\/v2\/comments?post=16380"}],"wp:featuredmedia":[{"embeddable":true,"href":"https:\/\/france-gastronomie.shop\/fr\/wp-json\/wp\/v2\/media\/17295"}],"wp:attachment":[{"href":"https:\/\/france-gastronomie.shop\/fr\/wp-json\/wp\/v2\/media?parent=16380"}],"wp:term":[{"taxonomy":"product_brand","embeddable":true,"href":"https:\/\/france-gastronomie.shop\/fr\/wp-json\/wp\/v2\/product_brand?post=16380"},{"taxonomy":"product_cat","embeddable":true,"href":"https:\/\/france-gastronomie.shop\/fr\/wp-json\/wp\/v2\/product_cat?post=16380"},{"taxonomy":"product_tag","embeddable":true,"href":"https:\/\/france-gastronomie.shop\/fr\/wp-json\/wp\/v2\/product_tag?post=16380"}],"curies":[{"name":"wp","href":"https:\/\/api.w.org\/{rel}","templated":true}]}}