{"id":1628,"date":"2020-08-25T10:28:48","date_gmt":"2020-08-25T10:28:48","guid":{"rendered":"https:\/\/france-gastronomie.shop\/?post_type=product&#038;p=1628"},"modified":"2024-10-31T09:43:19","modified_gmt":"2024-10-31T09:43:19","slug":"excellence-de-belliard-pauillac","status":"publish","type":"product","link":"https:\/\/france-gastronomie.shop\/fr\/produit\/excellence-de-belliard-pauillac\/","title":{"rendered":"AOC Pauillac <br\/> Excellence"},"content":{"rendered":"<h5>Excellence de Belliard<\/h5>\n<h5>AOC Pauillac<\/h5>\n<p>Excellence de Belliard est un vin rare issu des meilleures parcelles de nos terroirs. Ces vignes centenaires s\u2019autor\u00e9gulent naturellement pour offrir une production confidentielle de 1.200 bouteilles par hectare. La r\u00e9colte s\u2019effectue manuellement par un tri s\u00e9lectif des meilleures baies des parcelles afin d\u2019optimiser la qualit\u00e9 du produit. Un soin tout particulier est apport\u00e9 \u00e0 la conduite du vignoble. La culture de la vigne s\u2019effectue \u00e0 l\u2019aide de chevaux de trait afin de ne pas stresser la croissance de la plante. Des algues sont mises sous les ceps de vignes car l\u2019iode, contenue dans celles-ci, brule l\u2019herbe et intervient comme d\u00e9sherbant naturel.<br \/>\nPar la suite, en se d\u00e9gradant dans le sol, l\u2019algue apporte de la mati\u00e8re organique \u00e0 la plante sous forme d\u2019engrais naturel, n\u00e9cessaire au bon d\u00e9veloppement de la vigne. Ce soin minutieux apport\u00e9 \u00e0 la vigne, permet l\u2019\u00e9laboration de vins d\u2019une puissance, d\u2019une concentration, d\u2019une \u00e9l\u00e9gance et d\u2019une complexit\u00e9 rarement \u00e9gal\u00e9s.<br \/>\nComme l\u2019Artiste devant sa toile blanche, la Maison Belliard cr\u00e9\u00e9e chaque ann\u00e9e le Divin Nectar. Le vin a toujours \u00e9t\u00e9 une source d\u2019inspiration cr\u00e9ative pour les Artistes. Le vin donne vie \u00e0 des \u0153uvres empreintes de po\u00e9sie et d\u2019originalit\u00e9. L\u2019Art et le Vin sont les joies sup\u00e9rieures des Hommes. Comme tout Artiste, Xavier Belliard signe sa cr\u00e9ation \u00e0 la pointe de son inspiration. L\u2019Excellence ouvre-t-elle des portes vers d\u2019infinies perspectives ????<\/p>\n<p>C\u00e9pages<br \/>\n60% Cabernet Sauvignon, 40% Merlot<\/p>\n<p>Appellation<br \/>\nPauillac<\/p>\n<p>Sol<br \/>\nGravel<\/p>\n<p>Vinification<br \/>\nVinification \u00e0 la m\u00e9docaine traditionnelle, fermentant avec des levures indig\u00e8nes pour exalter les caract\u00e9ristiques du terroir dans des cuves en acier inoxydable \u00e0 temp\u00e9rature contr\u00f4l\u00e9e.<\/p>\n<p>Elevage<br \/>\n24 mois<\/p>\n<p>Vieillissement<br \/>\n20 ans<\/p>\n<p>Couleur<br \/>\nRouge ruby<\/p>\n<p>Nez<br \/>\nFruits noirs m\u00fbrs, cassis, prune de sucre et \u00e9pices avec une touche de ch\u00eane.<\/p>\n<p>Bouche<br \/>\nRiche et complexe avec un excellent \u00e9quilibre et un tanin structur\u00e9.<\/p>\n<p>Service<br \/>\nEntre 16 &amp; 18\u00baC<\/p>\n<p>Accords et mets<br \/>\nToute viande rouge, volaille et fromage. Steak \u00e0 la sauce aux champignons et au vin rouge<\/p>\n","protected":false},"excerpt":{"rendered":"<h5>AOC Pauillac<\/h5>\n<p>Comme l\u2019Artiste devant sa toile blanche, la Maison Belliard cr\u00e9\u00e9e chaque ann\u00e9e le Divin Nectar.<br \/>\nLe vin a toujours \u00e9t\u00e9 une source d\u2019inspiration cr\u00e9ative pour les Artistes. Le vin donne vie \u00e0 des \u0153uvres empreintes de po\u00e9sie et d\u2019originalit\u00e9.<br \/>\nL\u2019Art et le Vin sont les joies sup\u00e9rieures des Hommes.<br \/>\nComme tout Artiste, Xavier Belliard signe sa cr\u00e9ation \u00e0 la pointe de son inspiration. L\u2019Excellence ouvre-t-elle des portes vers d\u2019infinies perspectives ????<\/p>\n<p>C\u00e9pages: 60% Cabernet Sauvignon, 40% Merlot<\/p>\n","protected":false},"featured_media":1629,"comment_status":"closed","ping_status":"closed","template":"","meta":[],"product_brand":[],"product_cat":[85,251,242,243,277,250,29],"product_tag":[],"class_list":{"0":"post-1628","1":"product","2":"type-product","3":"status-publish","4":"has-post-thumbnail","6":"product_cat-vins","7":"product_cat-grands-vins","8":"product_cat-regions","9":"product_cat-bordeaux","10":"product_cat-pauillac","11":"product_cat-couleur","12":"product_cat-vin-rouge","14":"first","15":"instock","16":"taxable","17":"shipping-taxable","18":"purchasable","19":"product-type-simple"},"jetpack_sharing_enabled":true,"_links":{"self":[{"href":"https:\/\/france-gastronomie.shop\/fr\/wp-json\/wp\/v2\/product\/1628","targetHints":{"allow":["GET"]}}],"collection":[{"href":"https:\/\/france-gastronomie.shop\/fr\/wp-json\/wp\/v2\/product"}],"about":[{"href":"https:\/\/france-gastronomie.shop\/fr\/wp-json\/wp\/v2\/types\/product"}],"replies":[{"embeddable":true,"href":"https:\/\/france-gastronomie.shop\/fr\/wp-json\/wp\/v2\/comments?post=1628"}],"wp:featuredmedia":[{"embeddable":true,"href":"https:\/\/france-gastronomie.shop\/fr\/wp-json\/wp\/v2\/media\/1629"}],"wp:attachment":[{"href":"https:\/\/france-gastronomie.shop\/fr\/wp-json\/wp\/v2\/media?parent=1628"}],"wp:term":[{"taxonomy":"product_brand","embeddable":true,"href":"https:\/\/france-gastronomie.shop\/fr\/wp-json\/wp\/v2\/product_brand?post=1628"},{"taxonomy":"product_cat","embeddable":true,"href":"https:\/\/france-gastronomie.shop\/fr\/wp-json\/wp\/v2\/product_cat?post=1628"},{"taxonomy":"product_tag","embeddable":true,"href":"https:\/\/france-gastronomie.shop\/fr\/wp-json\/wp\/v2\/product_tag?post=1628"}],"curies":[{"name":"wp","href":"https:\/\/api.w.org\/{rel}","templated":true}]}}