{"id":16274,"date":"2023-10-27T05:56:01","date_gmt":"2023-10-27T05:56:01","guid":{"rendered":"https:\/\/france-gastronomie.shop\/?post_type=product&#038;p=16274"},"modified":"2026-04-14T14:38:40","modified_gmt":"2026-04-14T12:38:40","slug":"buche-de-chevre","status":"publish","type":"product","link":"https:\/\/france-gastronomie.shop\/fr\/produit\/buche-de-chevre\/","title":{"rendered":"Buche de Ch\u00e8vre <br\/> du Lu\u00e7ay"},"content":{"rendered":"<h5>Buche de Ch\u00e8vre du Lu\u00e7ay<\/h5>\n","protected":false},"excerpt":{"rendered":"<p>Buche de Ch\u00e8vre du Lucay<br \/>\nLa b\u00fbche de Lu\u00e7ay est une pr\u00e9sentation ancestrale des fromages de ch\u00e8vre du Poitou, fabriqu\u00e9e de nos jours \u00e0 grande \u00e9chelle, avec du lait \u00e0 la qualit\u00e9 irr\u00e9prochable. Son go\u00fbt l\u00e9ger \u00e9volue doucement vers un caract\u00e8re plus marqu\u00e9 en fonction de sa maturit\u00e9.<br \/>\n<strong>Comme pour tous les fromages, il est important de le consommer \u00e0 temp\u00e9rature ambiante afin de pouvoir appr\u00e9cier toutes ses nuances de saveur.<\/strong><\/p>\n<p>R\u00e9gion: R\u00e9gion Poitou-Charentes<\/p>\n<p>Lait de ch\u00e8vre pasteuris\u00e9<\/p>\n<p>P\u00e2te molle \u00e0 croute fleurie blanche<\/p>\n<p>La Buche de Ch\u00e8vre peut \u00eatre servie sur des salades, des fruits ou comme vinaigrette pour des quiches et des canap\u00e9s. Il s&rsquo;accorde bien avec un Beaujolais ou un vin rouge.<br \/>\nAllerg\u00e8nes : Lait<\/p>\n","protected":false},"featured_media":17138,"comment_status":"open","ping_status":"closed","template":"","meta":[],"product_brand":[],"product_cat":[644,776,319],"product_tag":[],"class_list":{"0":"post-16274","1":"product","2":"type-product","3":"status-publish","4":"has-post-thumbnail","6":"product_cat-au-lait-de-chevre-fr","7":"product_cat-produit-frais","8":"product_cat-fromages","10":"first","11":"instock","12":"taxable","13":"shipping-taxable","14":"purchasable","15":"product-type-variable"},"jetpack_sharing_enabled":true,"_links":{"self":[{"href":"https:\/\/france-gastronomie.shop\/fr\/wp-json\/wp\/v2\/product\/16274","targetHints":{"allow":["GET"]}}],"collection":[{"href":"https:\/\/france-gastronomie.shop\/fr\/wp-json\/wp\/v2\/product"}],"about":[{"href":"https:\/\/france-gastronomie.shop\/fr\/wp-json\/wp\/v2\/types\/product"}],"replies":[{"embeddable":true,"href":"https:\/\/france-gastronomie.shop\/fr\/wp-json\/wp\/v2\/comments?post=16274"}],"wp:featuredmedia":[{"embeddable":true,"href":"https:\/\/france-gastronomie.shop\/fr\/wp-json\/wp\/v2\/media\/17138"}],"wp:attachment":[{"href":"https:\/\/france-gastronomie.shop\/fr\/wp-json\/wp\/v2\/media?parent=16274"}],"wp:term":[{"taxonomy":"product_brand","embeddable":true,"href":"https:\/\/france-gastronomie.shop\/fr\/wp-json\/wp\/v2\/product_brand?post=16274"},{"taxonomy":"product_cat","embeddable":true,"href":"https:\/\/france-gastronomie.shop\/fr\/wp-json\/wp\/v2\/product_cat?post=16274"},{"taxonomy":"product_tag","embeddable":true,"href":"https:\/\/france-gastronomie.shop\/fr\/wp-json\/wp\/v2\/product_tag?post=16274"}],"curies":[{"name":"wp","href":"https:\/\/api.w.org\/{rel}","templated":true}]}}