{"id":1620,"date":"2020-08-25T10:06:18","date_gmt":"2020-08-25T10:06:18","guid":{"rendered":"https:\/\/france-gastronomie.shop\/?post_type=product&#038;p=1620"},"modified":"2024-10-31T09:43:18","modified_gmt":"2024-10-31T09:43:18","slug":"excellence-de-belliard-pessac-leognan-rouge","status":"publish","type":"product","link":"https:\/\/france-gastronomie.shop\/fr\/produit\/excellence-de-belliard-pessac-leognan-rouge\/","title":{"rendered":"AOC Pessac-L\u00e9ognan <br\/> Excellence"},"content":{"rendered":"<h5>Excellence de Belliard<\/h5>\n<h5>AOC Pessac-L\u00e9ognan Rouge<\/h5>\n<p>Excellence de Belliard est un vin rare issu des meilleures parcelles de nos terroirs. Ces vignes centenaires s\u2019autor\u00e9gulent naturellement pour offrir une production confidentielle de 1.200 bouteilles par hectare. La r\u00e9colte s\u2019effectue manuellement par un tri s\u00e9lectif des meilleures baies des parcelles afin d\u2019optimiser la qualit\u00e9 du produit. Un soin tout particulier est apport\u00e9 \u00e0 la conduite du vignoble. La culture de la vigne s\u2019effectue \u00e0 l\u2019aide de chevaux de trait afin de ne pas stresser la croissance de la plante. Des algues sont mises sous les ceps de vignes car l\u2019iode, contenue dans celles-ci, brule l\u2019herbe et intervient comme d\u00e9sherbant naturel.<br \/>\nPar la suite, en se d\u00e9gradant dans le sol, l\u2019algue apporte de la mati\u00e8re organique \u00e0 la plante sous forme d\u2019engrais naturel, n\u00e9cessaire au bon d\u00e9veloppement de la vigne. Ce soin minutieux apport\u00e9 \u00e0 la vigne, permet l\u2019\u00e9laboration de vins d\u2019une puissance, d\u2019une concentration, d\u2019une \u00e9l\u00e9gance et d\u2019une complexit\u00e9 rarement \u00e9gal\u00e9s.<br \/>\nComme l\u2019Artiste devant sa toile blanche, la Maison Belliard cr\u00e9\u00e9e chaque ann\u00e9e le Divin Nectar. Le vin a toujours \u00e9t\u00e9 une source d\u2019inspiration cr\u00e9ative pour les Artistes. Le vin donne vie \u00e0 des \u0153uvres empreintes de po\u00e9sie et d\u2019originalit\u00e9. L\u2019Art et le Vin sont les joies sup\u00e9rieures des Hommes. Comme tout Artiste, Xavier Belliard signe sa cr\u00e9ation \u00e0 la pointe de son inspiration. L\u2019Excellence ouvre-t-elle des portes vers d\u2019infinies perspectives ????<\/p>\n<p>C\u00e9pages<br \/>\n60% Cabernet Sauvignon, 40% Merlot<\/p>\n<p>Appellation<br \/>\nLes vignobles sont situ\u00e9s aux portes de Bordeaux, pr\u00e8s du Ch\u00e2teau Haut-Brion<\/p>\n<p>Sol<br \/>\n1,5 hectares d&rsquo;argile, de sable et de gravier<\/p>\n<p>Vinification<br \/>\nR\u00e9colte \u00e0 maturit\u00e9 optimale et marquage du vin pendant 4 semaines dans des cuves en acier inoxydable avec contr\u00f4le de la temp\u00e9rature, mac\u00e9ration pr\u00e9liminaire et micro-bullage.<\/p>\n<p>Elevage<br \/>\n24 mois sur ch\u00eane fran\u00e7ais, 100% neuf<\/p>\n<p>Vieillissement<br \/>\n20 ans<\/p>\n<p>Couleur<br \/>\nRuby rouge<\/p>\n<p>Nez<br \/>\nAr\u00f4mes de cassis, confiture de m\u00fbres et caf\u00e9 torr\u00e9fi\u00e9.<\/p>\n<p>Bouche<br \/>\nComplet du corps et structur\u00e9 avec une explosion de baies noires.<\/p>\n<p>Service<br \/>\nEntre 16 &amp; 18\u00baC<\/p>\n<p>Accords et mets<br \/>\nAny red meat, poultry and Cheese<\/p>\n","protected":false},"excerpt":{"rendered":"<h5>AOC Pessac-L\u00e9ognan Rouge<\/h5>\n<p>Comme l\u2019Artiste devant sa toile blanche, la Maison Belliard cr\u00e9\u00e9e chaque ann\u00e9e le Divin Nectar.<br \/>\nLe vin a toujours \u00e9t\u00e9 une source d\u2019inspiration cr\u00e9ative pour les Artistes. Le vin donne vie \u00e0 des \u0153uvres empreintes de po\u00e9sie et d\u2019originalit\u00e9.<br \/>\nL\u2019Art et le Vin sont les joies sup\u00e9rieures des Hommes.<br \/>\nComme tout Artiste, Xavier Belliard signe sa cr\u00e9ation \u00e0 la pointe de son inspiration. L\u2019Excellence ouvre-t-elle des portes vers d\u2019infinies perspectives ????<\/p>\n<p>C\u00e9pages: 60% Cabernet Sauvignon, 40% Merlot<\/p>\n","protected":false},"featured_media":1621,"comment_status":"closed","ping_status":"closed","template":"","meta":[],"product_brand":[],"product_cat":[85,251,242,243,274,250,29],"product_tag":[],"class_list":{"0":"post-1620","1":"product","2":"type-product","3":"status-publish","4":"has-post-thumbnail","6":"product_cat-vins","7":"product_cat-grands-vins","8":"product_cat-regions","9":"product_cat-bordeaux","10":"product_cat-pessac-leognan","11":"product_cat-couleur","12":"product_cat-vin-rouge","14":"first","15":"instock","16":"taxable","17":"shipping-taxable","18":"purchasable","19":"product-type-simple"},"jetpack_sharing_enabled":true,"_links":{"self":[{"href":"https:\/\/france-gastronomie.shop\/fr\/wp-json\/wp\/v2\/product\/1620","targetHints":{"allow":["GET"]}}],"collection":[{"href":"https:\/\/france-gastronomie.shop\/fr\/wp-json\/wp\/v2\/product"}],"about":[{"href":"https:\/\/france-gastronomie.shop\/fr\/wp-json\/wp\/v2\/types\/product"}],"replies":[{"embeddable":true,"href":"https:\/\/france-gastronomie.shop\/fr\/wp-json\/wp\/v2\/comments?post=1620"}],"wp:featuredmedia":[{"embeddable":true,"href":"https:\/\/france-gastronomie.shop\/fr\/wp-json\/wp\/v2\/media\/1621"}],"wp:attachment":[{"href":"https:\/\/france-gastronomie.shop\/fr\/wp-json\/wp\/v2\/media?parent=1620"}],"wp:term":[{"taxonomy":"product_brand","embeddable":true,"href":"https:\/\/france-gastronomie.shop\/fr\/wp-json\/wp\/v2\/product_brand?post=1620"},{"taxonomy":"product_cat","embeddable":true,"href":"https:\/\/france-gastronomie.shop\/fr\/wp-json\/wp\/v2\/product_cat?post=1620"},{"taxonomy":"product_tag","embeddable":true,"href":"https:\/\/france-gastronomie.shop\/fr\/wp-json\/wp\/v2\/product_tag?post=1620"}],"curies":[{"name":"wp","href":"https:\/\/api.w.org\/{rel}","templated":true}]}}