{"id":16172,"date":"2023-10-27T05:42:35","date_gmt":"2023-10-27T05:42:35","guid":{"rendered":"https:\/\/france-gastronomie.shop\/?post_type=product&#038;p=16172"},"modified":"2026-02-17T09:59:49","modified_gmt":"2026-02-17T08:59:49","slug":"tomme-chevre-brebis","status":"publish","type":"product","link":"https:\/\/france-gastronomie.shop\/fr\/produit\/tomme-chevre-brebis\/","title":{"rendered":"Tomme <br\/> Ch\u00e8vre et Brebis"},"content":{"rendered":"<h5>Tomme Ch\u00e8vre et Brebis<\/h5>\n","protected":false},"excerpt":{"rendered":"<h5>Tomme Ch\u00e8vre et Brebis<\/h5>\n<p>Cette tome a \u00e9t\u00e9 fabriqu\u00e9e par des bergers souhaitant valoriser le<b> lait de leurs ch\u00e8vres et brebis<\/b> afin de nourrir leurs familles.<br \/>\nIls eurent alors l&rsquo;id\u00e9e de m\u00e9langer les deux afin de cr\u00e9er un fromage unique ! Une d\u00e9licieuse id\u00e9e&#8230;<\/p>\n<p>Sa p\u00e2te est <b>fondante et son go\u00fbt reste longtemps en bouche<\/b>. Le m\u00e9lange ch\u00e8vre et brebis cr\u00e9e un <b>\u00e9quilibre parfait<\/b> entre douceur et fra\u00eecheur.<\/p>\n","protected":false},"featured_media":20552,"comment_status":"open","ping_status":"closed","template":"","meta":[],"product_brand":[],"product_cat":[630,644,776,319],"product_tag":[],"class_list":{"0":"post-16172","1":"product","2":"type-product","3":"status-publish","4":"has-post-thumbnail","6":"product_cat-au-lait-de-brebis","7":"product_cat-au-lait-de-chevre-fr","8":"product_cat-produit-frais","9":"product_cat-fromages","11":"first","12":"instock","13":"taxable","14":"shipping-taxable","15":"product-type-variable"},"jetpack_sharing_enabled":true,"_links":{"self":[{"href":"https:\/\/france-gastronomie.shop\/fr\/wp-json\/wp\/v2\/product\/16172","targetHints":{"allow":["GET"]}}],"collection":[{"href":"https:\/\/france-gastronomie.shop\/fr\/wp-json\/wp\/v2\/product"}],"about":[{"href":"https:\/\/france-gastronomie.shop\/fr\/wp-json\/wp\/v2\/types\/product"}],"replies":[{"embeddable":true,"href":"https:\/\/france-gastronomie.shop\/fr\/wp-json\/wp\/v2\/comments?post=16172"}],"wp:featuredmedia":[{"embeddable":true,"href":"https:\/\/france-gastronomie.shop\/fr\/wp-json\/wp\/v2\/media\/20552"}],"wp:attachment":[{"href":"https:\/\/france-gastronomie.shop\/fr\/wp-json\/wp\/v2\/media?parent=16172"}],"wp:term":[{"taxonomy":"product_brand","embeddable":true,"href":"https:\/\/france-gastronomie.shop\/fr\/wp-json\/wp\/v2\/product_brand?post=16172"},{"taxonomy":"product_cat","embeddable":true,"href":"https:\/\/france-gastronomie.shop\/fr\/wp-json\/wp\/v2\/product_cat?post=16172"},{"taxonomy":"product_tag","embeddable":true,"href":"https:\/\/france-gastronomie.shop\/fr\/wp-json\/wp\/v2\/product_tag?post=16172"}],"curies":[{"name":"wp","href":"https:\/\/api.w.org\/{rel}","templated":true}]}}