{"id":16117,"date":"2023-10-27T05:35:29","date_gmt":"2023-10-27T05:35:29","guid":{"rendered":"https:\/\/france-gastronomie.shop\/?post_type=product&#038;p=16117"},"modified":"2026-03-17T13:45:55","modified_gmt":"2026-03-17T12:45:55","slug":"tomme-de-rilhac","status":"publish","type":"product","link":"https:\/\/france-gastronomie.shop\/fr\/produit\/tomme-de-rilhac\/","title":{"rendered":"Tomme <br\/> de Rilhac"},"content":{"rendered":"<h5>Tomme de Rilhac<\/h5>\n","protected":false},"excerpt":{"rendered":"<h5>Tomme de Rilhac<\/h5>\n<p>Son go\u00fbt est long et onctueux, sa p\u00e2te est souple et l\u00e9g\u00e8rement ouverte.<br \/>\nPour faire une bonne Tome de Rilhac Crout\u00e9e il faut 1 \u00e0 2 mois d\u2019affinage.<br \/>\nLa Tome de Rilhac est fabriqu\u00e9e uniquement avec un lait poss\u00e9dant la certification \u00ab lait de montagnes \u00bb, c\u2019est-\u00e0-dire qu\u2019il est collect\u00e9 \u00e0 plus de 500 m\u00e8tres d\u2019altitude.<br \/>\n<strong>Comme pour tous les fromages, il est important de le consommer \u00e0 temp\u00e9rature ambiante afin de pouvoir appr\u00e9cier toutes ses nuances de saveur.<\/strong><\/p>\n<p>R\u00e9gion: Corr\u00e8ze<\/p>\n<p>Lait de vache pasteuris\u00e9<\/p>\n<p>P\u00e2te press\u00e9e non-cuite<\/p>\n<p>Allerg\u00e8nes : Lait<\/p>\n","protected":false},"featured_media":17298,"comment_status":"open","ping_status":"closed","template":"","meta":[],"product_brand":[],"product_cat":[628,776,319],"product_tag":[],"class_list":{"0":"post-16117","1":"product","2":"type-product","3":"status-publish","4":"has-post-thumbnail","6":"product_cat-au-lait-de-vaches","7":"product_cat-produit-frais","8":"product_cat-fromages","10":"first","11":"instock","12":"taxable","13":"shipping-taxable","14":"product-type-variable"},"jetpack_sharing_enabled":true,"_links":{"self":[{"href":"https:\/\/france-gastronomie.shop\/fr\/wp-json\/wp\/v2\/product\/16117","targetHints":{"allow":["GET"]}}],"collection":[{"href":"https:\/\/france-gastronomie.shop\/fr\/wp-json\/wp\/v2\/product"}],"about":[{"href":"https:\/\/france-gastronomie.shop\/fr\/wp-json\/wp\/v2\/types\/product"}],"replies":[{"embeddable":true,"href":"https:\/\/france-gastronomie.shop\/fr\/wp-json\/wp\/v2\/comments?post=16117"}],"wp:featuredmedia":[{"embeddable":true,"href":"https:\/\/france-gastronomie.shop\/fr\/wp-json\/wp\/v2\/media\/17298"}],"wp:attachment":[{"href":"https:\/\/france-gastronomie.shop\/fr\/wp-json\/wp\/v2\/media?parent=16117"}],"wp:term":[{"taxonomy":"product_brand","embeddable":true,"href":"https:\/\/france-gastronomie.shop\/fr\/wp-json\/wp\/v2\/product_brand?post=16117"},{"taxonomy":"product_cat","embeddable":true,"href":"https:\/\/france-gastronomie.shop\/fr\/wp-json\/wp\/v2\/product_cat?post=16117"},{"taxonomy":"product_tag","embeddable":true,"href":"https:\/\/france-gastronomie.shop\/fr\/wp-json\/wp\/v2\/product_tag?post=16117"}],"curies":[{"name":"wp","href":"https:\/\/api.w.org\/{rel}","templated":true}]}}