{"id":15910,"date":"2023-10-27T05:07:00","date_gmt":"2023-10-27T05:07:00","guid":{"rendered":"https:\/\/france-gastronomie.shop\/?post_type=product&#038;p=15910"},"modified":"2025-12-11T11:10:36","modified_gmt":"2025-12-11T11:10:36","slug":"ossau-iraty-aop","status":"publish","type":"product","link":"https:\/\/france-gastronomie.shop\/fr\/produit\/ossau-iraty-aop\/","title":{"rendered":"Ossau-Iraty <br\/> Esquirrou AOP"},"content":{"rendered":"<h5>Ossau-Iraty AOP Esquirrou<\/h5>\n","protected":false},"excerpt":{"rendered":"<h5>Ossau-Iraty AOP Esquirrou<\/h5>\n<p>AOP Basque, son go\u00fbt est riche en saveurs florales et en fruits secs. Sa cro\u00fbte \u00e9paisse 100% naturelle qui \u00e9volue au fil des mois, ainsi que sa p\u00e2te blanche lisse et compacte, donnent une consistance ferme en bouche.<br \/>\nL\u2019Esquirrou a \u00e9t\u00e9 \u00e9lu Meilleur Fromage du Monde dans le \u00ab Championship Cheese Contest \u00bb aux Etats-Unis en 2018<\/p>\n","protected":false},"featured_media":23959,"comment_status":"open","ping_status":"closed","template":"","meta":[],"product_brand":[],"product_cat":[630,776,319],"product_tag":[],"class_list":{"0":"post-15910","1":"product","2":"type-product","3":"status-publish","4":"has-post-thumbnail","6":"product_cat-au-lait-de-brebis","7":"product_cat-produit-frais","8":"product_cat-fromages","10":"first","11":"instock","12":"taxable","13":"shipping-taxable","14":"product-type-variable"},"jetpack_sharing_enabled":true,"_links":{"self":[{"href":"https:\/\/france-gastronomie.shop\/fr\/wp-json\/wp\/v2\/product\/15910","targetHints":{"allow":["GET"]}}],"collection":[{"href":"https:\/\/france-gastronomie.shop\/fr\/wp-json\/wp\/v2\/product"}],"about":[{"href":"https:\/\/france-gastronomie.shop\/fr\/wp-json\/wp\/v2\/types\/product"}],"replies":[{"embeddable":true,"href":"https:\/\/france-gastronomie.shop\/fr\/wp-json\/wp\/v2\/comments?post=15910"}],"wp:featuredmedia":[{"embeddable":true,"href":"https:\/\/france-gastronomie.shop\/fr\/wp-json\/wp\/v2\/media\/23959"}],"wp:attachment":[{"href":"https:\/\/france-gastronomie.shop\/fr\/wp-json\/wp\/v2\/media?parent=15910"}],"wp:term":[{"taxonomy":"product_brand","embeddable":true,"href":"https:\/\/france-gastronomie.shop\/fr\/wp-json\/wp\/v2\/product_brand?post=15910"},{"taxonomy":"product_cat","embeddable":true,"href":"https:\/\/france-gastronomie.shop\/fr\/wp-json\/wp\/v2\/product_cat?post=15910"},{"taxonomy":"product_tag","embeddable":true,"href":"https:\/\/france-gastronomie.shop\/fr\/wp-json\/wp\/v2\/product_tag?post=15910"}],"curies":[{"name":"wp","href":"https:\/\/api.w.org\/{rel}","templated":true}]}}