{"id":1589,"date":"2020-08-24T09:35:56","date_gmt":"2020-08-24T09:35:56","guid":{"rendered":"https:\/\/france-gastronomie.shop\/?post_type=product&#038;p=1589"},"modified":"2024-10-31T09:55:33","modified_gmt":"2024-10-31T09:55:33","slug":"chateau-du-seuil-bio-ecocert-magnumgraves-bio","status":"publish","type":"product","link":"https:\/\/france-gastronomie.shop\/fr\/produit\/chateau-du-seuil-bio-ecocert-magnumgraves-bio\/","title":{"rendered":"Ch\u00e2teau du Seuil <br\/> AOC Graves"},"content":{"rendered":"<h5>Ch\u00e2teau du Seuil Bio Ecocert MAGNUM<\/h5>\n<h5>AOC Graves BIO<\/h5>\n<p>C\u00c9PAGES<br \/>\n55% Cabernet Sauvignon, 33% Merlot, 8% Cabernet Franc, Petit Verdot 4%<\/p>\n<p>DEGUSTATION<br \/>\nBelle robe rouge rubis profond, limpide et brillante. Nez gourmand et complexe, doux fruit\u00e9 de baies noires et d\u2019\u00e9pices, rehauss\u00e9 de notes bois\u00e9es d\u00e9j\u00e0 bien int\u00e9gr\u00e9es. Bouche vive, tendue et g\u00e9n\u00e9reuse de fruits noirs (m\u00fbres et cerises) qui \u00e9voluera vers des notes de truffe et de tabac blond. Apr\u00e8s un passage en carafe l\u2019\u00e9volution et la finale se montrent denses et harmonieuses: elles \u00e9veillent les papilles et d\u00e9clenchent des sourires et une bien sinc\u00e8re \u00e9motion.<\/p>\n<p>GARDE<br \/>\n2017 &#8211; 2024<\/p>\n<p>SERVICE<br \/>\n15\u00b0C &#8211; D\u00e9cantation: 1 heure<\/p>\n","protected":false},"excerpt":{"rendered":"<h5>AOC Graves BIO<\/h5>\n<p>Travail des sols, Couvert v\u00e9g\u00e9tal, Favoriser la Biodiversit\u00e9, R\u00e9duction des intrants, R\u00e9duction consommation d&rsquo;\u00e9nergie et d&rsquo;eau<br \/>\nSyst\u00e8me individuel de collecte des effluents viticoles<br \/>\nAgriculture biologique certifi\u00e9s par Ecocert \/ Certification AREA<\/p>\n<p>C\u00e9pages: 55% Cabernet Sauvignon, 33% Merlot, 8% Cabernet Franc, Petit Verdot 4%<\/p>\n","protected":false},"featured_media":1590,"comment_status":"closed","ping_status":"closed","template":"","meta":[],"product_brand":[],"product_cat":[571,85,251,242,243,266,250,29,252],"product_tag":[],"class_list":{"0":"post-1589","1":"product","2":"type-product","3":"status-publish","4":"has-post-thumbnail","6":"product_cat-magnum","7":"product_cat-vins","8":"product_cat-grands-vins","9":"product_cat-regions","10":"product_cat-bordeaux","11":"product_cat-graves","12":"product_cat-couleur","13":"product_cat-vin-rouge","14":"product_cat-bio","16":"first","17":"outofstock","18":"taxable","19":"shipping-taxable","20":"purchasable","21":"product-type-simple"},"jetpack_sharing_enabled":true,"_links":{"self":[{"href":"https:\/\/france-gastronomie.shop\/fr\/wp-json\/wp\/v2\/product\/1589","targetHints":{"allow":["GET"]}}],"collection":[{"href":"https:\/\/france-gastronomie.shop\/fr\/wp-json\/wp\/v2\/product"}],"about":[{"href":"https:\/\/france-gastronomie.shop\/fr\/wp-json\/wp\/v2\/types\/product"}],"replies":[{"embeddable":true,"href":"https:\/\/france-gastronomie.shop\/fr\/wp-json\/wp\/v2\/comments?post=1589"}],"wp:featuredmedia":[{"embeddable":true,"href":"https:\/\/france-gastronomie.shop\/fr\/wp-json\/wp\/v2\/media\/1590"}],"wp:attachment":[{"href":"https:\/\/france-gastronomie.shop\/fr\/wp-json\/wp\/v2\/media?parent=1589"}],"wp:term":[{"taxonomy":"product_brand","embeddable":true,"href":"https:\/\/france-gastronomie.shop\/fr\/wp-json\/wp\/v2\/product_brand?post=1589"},{"taxonomy":"product_cat","embeddable":true,"href":"https:\/\/france-gastronomie.shop\/fr\/wp-json\/wp\/v2\/product_cat?post=1589"},{"taxonomy":"product_tag","embeddable":true,"href":"https:\/\/france-gastronomie.shop\/fr\/wp-json\/wp\/v2\/product_tag?post=1589"}],"curies":[{"name":"wp","href":"https:\/\/api.w.org\/{rel}","templated":true}]}}