{"id":15859,"date":"2023-10-27T05:00:25","date_gmt":"2023-10-27T05:00:25","guid":{"rendered":"https:\/\/france-gastronomie.shop\/?post_type=product&#038;p=15859"},"modified":"2026-04-15T13:16:36","modified_gmt":"2026-04-15T11:16:36","slug":"vache-fermier-du-barretous","status":"publish","type":"product","link":"https:\/\/france-gastronomie.shop\/fr\/produit\/vache-fermier-du-barretous\/","title":{"rendered":"Moelleux du Barretous <br\/> Fermier"},"content":{"rendered":"<h5>Moelleux du Barretous Fermier<\/h5>\n","protected":false},"excerpt":{"rendered":"<h5>Moelleux du Barretous Fermier<\/h5>\n<p>Au nez, ce fromage d\u00e9voile un bouquet d&rsquo;ar\u00f4mes riche et complexe.<br \/>\nEn bouche, c&rsquo;est un fromage fondant au go\u00fbt animal, fruit\u00e9 et parfum\u00e9 avec une note sal\u00e9e en fin de d\u00e9gustation. Il gagnera en caract\u00e8re avec le temps.<\/p>\n<p>Lait cru de vache.<\/p>\n","protected":false},"featured_media":23955,"comment_status":"open","ping_status":"closed","template":"","meta":[],"product_brand":[],"product_cat":[628,776,319],"product_tag":[],"class_list":{"0":"post-15859","1":"product","2":"type-product","3":"status-publish","4":"has-post-thumbnail","6":"product_cat-au-lait-de-vaches","7":"product_cat-produit-frais","8":"product_cat-fromages","10":"first","11":"instock","12":"taxable","13":"shipping-taxable","14":"product-type-variable"},"jetpack_sharing_enabled":true,"_links":{"self":[{"href":"https:\/\/france-gastronomie.shop\/fr\/wp-json\/wp\/v2\/product\/15859","targetHints":{"allow":["GET"]}}],"collection":[{"href":"https:\/\/france-gastronomie.shop\/fr\/wp-json\/wp\/v2\/product"}],"about":[{"href":"https:\/\/france-gastronomie.shop\/fr\/wp-json\/wp\/v2\/types\/product"}],"replies":[{"embeddable":true,"href":"https:\/\/france-gastronomie.shop\/fr\/wp-json\/wp\/v2\/comments?post=15859"}],"wp:featuredmedia":[{"embeddable":true,"href":"https:\/\/france-gastronomie.shop\/fr\/wp-json\/wp\/v2\/media\/23955"}],"wp:attachment":[{"href":"https:\/\/france-gastronomie.shop\/fr\/wp-json\/wp\/v2\/media?parent=15859"}],"wp:term":[{"taxonomy":"product_brand","embeddable":true,"href":"https:\/\/france-gastronomie.shop\/fr\/wp-json\/wp\/v2\/product_brand?post=15859"},{"taxonomy":"product_cat","embeddable":true,"href":"https:\/\/france-gastronomie.shop\/fr\/wp-json\/wp\/v2\/product_cat?post=15859"},{"taxonomy":"product_tag","embeddable":true,"href":"https:\/\/france-gastronomie.shop\/fr\/wp-json\/wp\/v2\/product_tag?post=15859"}],"curies":[{"name":"wp","href":"https:\/\/api.w.org\/{rel}","templated":true}]}}