{"id":15491,"date":"2023-10-26T06:27:21","date_gmt":"2023-10-26T06:27:21","guid":{"rendered":"https:\/\/france-gastronomie.shop\/?post_type=product&#038;p=15491"},"modified":"2025-10-07T09:13:41","modified_gmt":"2025-10-07T09:13:41","slug":"comte-luxe-7-10-mois","status":"publish","type":"product","link":"https:\/\/france-gastronomie.shop\/fr\/produit\/comte-luxe-7-10-mois\/","title":{"rendered":"Comte AOP <br\/> +12 mois"},"content":{"rendered":"<h5>Comte AOP +12 mois<\/h5>\n<p>Le Comt\u00e9 : bon pour la sant\u00e9 !<\/p>\n<ul>\n<li>Pauvre en sel : avec seulement 0,8 g de sel en moyenne pour 100 g de fromage, le Comt\u00e9 fait partie des fromages les moins sal\u00e9s.<\/li>\n<li>Riche en prot\u00e9ines : 25% de la valeur \u00e9nerg\u00e9tique du Comt\u00e9 provient des prot\u00e9ines, nutriment indispensable au maintien de la masse musculaire.<\/li>\n<li>Riche en cuivre, : oligo\u00e9l\u00e9ment bon pour les os, le cartilage, la peau et essentiel au bon fonctionnement du c\u0153ur.<\/li>\n<\/ul>\n","protected":false},"excerpt":{"rendered":"<h5>Comte AOP +12 mois<\/h5>\n<p>Le comt\u00e9 est l&rsquo;un des fromages le plus riche en calcium et prot\u00e9ines. Il est bien pourvu en vitamine A, B12 et D.<br \/>\nLes comt\u00e9s \u00ab vieux \u00bb (plus de 12 mois d&rsquo;affinage) d\u00e9veloppent des saveurs beurr\u00e9es, de noisette et d&rsquo;amande grill\u00e9e.<\/p>\n","protected":false},"featured_media":15492,"comment_status":"open","ping_status":"closed","template":"","meta":[],"product_brand":[],"product_cat":[628,776,319],"product_tag":[],"class_list":{"0":"post-15491","1":"product","2":"type-product","3":"status-publish","4":"has-post-thumbnail","6":"product_cat-au-lait-de-vaches","7":"product_cat-produit-frais","8":"product_cat-fromages","10":"first","11":"instock","12":"taxable","13":"shipping-taxable","14":"product-type-variable"},"jetpack_sharing_enabled":true,"_links":{"self":[{"href":"https:\/\/france-gastronomie.shop\/fr\/wp-json\/wp\/v2\/product\/15491","targetHints":{"allow":["GET"]}}],"collection":[{"href":"https:\/\/france-gastronomie.shop\/fr\/wp-json\/wp\/v2\/product"}],"about":[{"href":"https:\/\/france-gastronomie.shop\/fr\/wp-json\/wp\/v2\/types\/product"}],"replies":[{"embeddable":true,"href":"https:\/\/france-gastronomie.shop\/fr\/wp-json\/wp\/v2\/comments?post=15491"}],"wp:featuredmedia":[{"embeddable":true,"href":"https:\/\/france-gastronomie.shop\/fr\/wp-json\/wp\/v2\/media\/15492"}],"wp:attachment":[{"href":"https:\/\/france-gastronomie.shop\/fr\/wp-json\/wp\/v2\/media?parent=15491"}],"wp:term":[{"taxonomy":"product_brand","embeddable":true,"href":"https:\/\/france-gastronomie.shop\/fr\/wp-json\/wp\/v2\/product_brand?post=15491"},{"taxonomy":"product_cat","embeddable":true,"href":"https:\/\/france-gastronomie.shop\/fr\/wp-json\/wp\/v2\/product_cat?post=15491"},{"taxonomy":"product_tag","embeddable":true,"href":"https:\/\/france-gastronomie.shop\/fr\/wp-json\/wp\/v2\/product_tag?post=15491"}],"curies":[{"name":"wp","href":"https:\/\/api.w.org\/{rel}","templated":true}]}}