{"id":15440,"date":"2023-10-26T06:21:04","date_gmt":"2023-10-26T06:21:04","guid":{"rendered":"https:\/\/france-gastronomie.shop\/?post_type=product&#038;p=15440"},"modified":"2026-02-12T15:38:53","modified_gmt":"2026-02-12T14:38:53","slug":"tomme-de-brebis","status":"publish","type":"product","link":"https:\/\/france-gastronomie.shop\/fr\/produit\/tomme-de-brebis\/","title":{"rendered":"Tomme de Brebis <br\/> Papillon"},"content":{"rendered":"<h5>Tomme de Brebis Papillon<\/h5>\n","protected":false},"excerpt":{"rendered":"<h5>Tomme de Brebis Papillon<\/h5>\n<p><span class=\"HwtZe\" lang=\"fr\"><span class=\"jCAhz ChMk0b\"><span class=\"ryNqvb\">La Tomme de Brebis Papillon est un fromage dont le profil aromatique refl\u00e8te la beaut\u00e9 pastorale des montagnes des Pyr\u00e9n\u00e9es o\u00f9 il est produit.<\/span><\/span> <span class=\"jCAhz ChMk0b\"><span class=\"ryNqvb\">Fabriqu\u00e9 \u00e0 partir de lait de brebis, ce fromage \u00e0 p\u00e2te semi-ferme offre une exp\u00e9rience gustative \u00e0 la fois rustique et raffin\u00e9e.<\/span><\/span> <span class=\"jCAhz ChMk0b\"><span class=\"ryNqvb\">Le profil aromatique est savoureux, avec des notes prononc\u00e9es de lait caram\u00e9lis\u00e9 et de beurre noisette.<\/span><\/span><\/span><\/p>\n","protected":false},"featured_media":20777,"comment_status":"open","ping_status":"closed","template":"","meta":[],"product_brand":[],"product_cat":[630,776,319],"product_tag":[],"class_list":{"0":"post-15440","1":"product","2":"type-product","3":"status-publish","4":"has-post-thumbnail","6":"product_cat-au-lait-de-brebis","7":"product_cat-produit-frais","8":"product_cat-fromages","10":"first","11":"instock","12":"taxable","13":"shipping-taxable","14":"purchasable","15":"product-type-variable"},"jetpack_sharing_enabled":true,"_links":{"self":[{"href":"https:\/\/france-gastronomie.shop\/fr\/wp-json\/wp\/v2\/product\/15440","targetHints":{"allow":["GET"]}}],"collection":[{"href":"https:\/\/france-gastronomie.shop\/fr\/wp-json\/wp\/v2\/product"}],"about":[{"href":"https:\/\/france-gastronomie.shop\/fr\/wp-json\/wp\/v2\/types\/product"}],"replies":[{"embeddable":true,"href":"https:\/\/france-gastronomie.shop\/fr\/wp-json\/wp\/v2\/comments?post=15440"}],"wp:featuredmedia":[{"embeddable":true,"href":"https:\/\/france-gastronomie.shop\/fr\/wp-json\/wp\/v2\/media\/20777"}],"wp:attachment":[{"href":"https:\/\/france-gastronomie.shop\/fr\/wp-json\/wp\/v2\/media?parent=15440"}],"wp:term":[{"taxonomy":"product_brand","embeddable":true,"href":"https:\/\/france-gastronomie.shop\/fr\/wp-json\/wp\/v2\/product_brand?post=15440"},{"taxonomy":"product_cat","embeddable":true,"href":"https:\/\/france-gastronomie.shop\/fr\/wp-json\/wp\/v2\/product_cat?post=15440"},{"taxonomy":"product_tag","embeddable":true,"href":"https:\/\/france-gastronomie.shop\/fr\/wp-json\/wp\/v2\/product_tag?post=15440"}],"curies":[{"name":"wp","href":"https:\/\/api.w.org\/{rel}","templated":true}]}}