{"id":1541,"date":"2020-08-21T09:43:29","date_gmt":"2020-08-21T09:43:29","guid":{"rendered":"https:\/\/france-gastronomie.shop\/?post_type=product&#038;p=1541"},"modified":"2024-10-31T09:55:32","modified_gmt":"2024-10-31T09:55:32","slug":"chateau-jeandemain-magnumfronsac","status":"publish","type":"product","link":"https:\/\/france-gastronomie.shop\/fr\/produit\/chateau-jeandemain-magnumfronsac\/","title":{"rendered":"Ch. Jeandemain <br\/>  Magnum"},"content":{"rendered":"<h5>Ch\u00e2teau Jeandemain La Ch\u00eaneraie MAGNUM<\/h5>\n<h5>AOC Fronsac<\/h5>\n<p>Situation<br \/>\nLe ch\u00e2teau Jeandeman, perch\u00e9 \u00e0 88 m d\u2019altitude sur le point culminant du Fronsadais, domine la vall\u00e9e de l\u2019Isle et de la Dordogne. Il s\u2019allonge sur 33 hectares de vignes, d\u2019un terroir exceptionnellement ensoleill\u00e9.<\/p>\n<p>C\u00e9pages<br \/>\nMerlot 90%, Cabernet Franc 9%, Malbec 1%<\/p>\n<p>Degustation<br \/>\nBouquet harmonieux de fruits noirs, d&rsquo;\u00e9pices douces et de grill\u00e9, fra\u00eecheur et souplesse en bouche<\/p>\n<p>Accords<br \/>\nGigot d\u2019agneau, tournedos belle H\u00e9l\u00e8ne, saut\u00e9 de lapin, gratin de pommes de terre aux c\u00e8pes, mignon de b\u0153uf.<\/p>\n<p>Garde<br \/>\n2018-2020<\/p>\n<p>Service<br \/>\n15\u00b0C &#8211; D\u00e9cantation: 1 heure<\/p>\n","protected":false},"excerpt":{"rendered":"<h5>AOC Fronsac<\/h5>\n<p>400 ans de tradition viticole. L\u2019histoire de la famille Roy Trocard commence en 1628, quand ils ach\u00e8tent leurs premi\u00e8res vignes \u00e0 Libourne. Depuis lors, \u00e0 chaque g\u00e9n\u00e9ration, il y avait un vigneron pour continuer la tradition. Au fil des ans, ils ont construit un vignoble familial de 68 hectares r\u00e9partis sur 3 et 4 propri\u00e9t\u00e9s AOC Bordeaux.<\/p>\n<p>C\u00e9pages: Merlot 90%, Cabernet Franc 9%, Malbec 1%<\/p>\n","protected":false},"featured_media":1542,"comment_status":"closed","ping_status":"closed","template":"","meta":[],"product_brand":[],"product_cat":[571,85,251,242,243,250,29],"product_tag":[],"class_list":{"0":"post-1541","1":"product","2":"type-product","3":"status-publish","4":"has-post-thumbnail","6":"product_cat-magnum","7":"product_cat-vins","8":"product_cat-grands-vins","9":"product_cat-regions","10":"product_cat-bordeaux","11":"product_cat-couleur","12":"product_cat-vin-rouge","14":"first","15":"instock","16":"taxable","17":"shipping-taxable","18":"purchasable","19":"product-type-simple"},"jetpack_sharing_enabled":true,"_links":{"self":[{"href":"https:\/\/france-gastronomie.shop\/fr\/wp-json\/wp\/v2\/product\/1541","targetHints":{"allow":["GET"]}}],"collection":[{"href":"https:\/\/france-gastronomie.shop\/fr\/wp-json\/wp\/v2\/product"}],"about":[{"href":"https:\/\/france-gastronomie.shop\/fr\/wp-json\/wp\/v2\/types\/product"}],"replies":[{"embeddable":true,"href":"https:\/\/france-gastronomie.shop\/fr\/wp-json\/wp\/v2\/comments?post=1541"}],"wp:featuredmedia":[{"embeddable":true,"href":"https:\/\/france-gastronomie.shop\/fr\/wp-json\/wp\/v2\/media\/1542"}],"wp:attachment":[{"href":"https:\/\/france-gastronomie.shop\/fr\/wp-json\/wp\/v2\/media?parent=1541"}],"wp:term":[{"taxonomy":"product_brand","embeddable":true,"href":"https:\/\/france-gastronomie.shop\/fr\/wp-json\/wp\/v2\/product_brand?post=1541"},{"taxonomy":"product_cat","embeddable":true,"href":"https:\/\/france-gastronomie.shop\/fr\/wp-json\/wp\/v2\/product_cat?post=1541"},{"taxonomy":"product_tag","embeddable":true,"href":"https:\/\/france-gastronomie.shop\/fr\/wp-json\/wp\/v2\/product_tag?post=1541"}],"curies":[{"name":"wp","href":"https:\/\/api.w.org\/{rel}","templated":true}]}}