{"id":15281,"date":"2023-10-26T06:00:01","date_gmt":"2023-10-26T06:00:01","guid":{"rendered":"https:\/\/france-gastronomie.shop\/?post_type=product&#038;p=15281"},"modified":"2025-10-07T07:15:22","modified_gmt":"2025-10-07T07:15:22","slug":"morbier-du-jura-100-jours","status":"publish","type":"product","link":"https:\/\/france-gastronomie.shop\/fr\/produit\/morbier-du-jura-100-jours\/","title":{"rendered":"Morbier du Jura <br\/> 100 jours"},"content":{"rendered":"<h5>Morbier du Jura 100 jours<\/h5>\n","protected":false},"excerpt":{"rendered":"<h5>Morbier du Jura 100 jours<\/h5>\n<p>Fromage au lait cru affin\u00e9 minimum 100 jours, aux ar\u00f4mes fruit\u00e9s, texture cr\u00e9meuse.<\/p>\n<p>Sera aussi d\u00e9licieux en raclette.<\/p>\n","protected":false},"featured_media":14556,"comment_status":"open","ping_status":"closed","template":"","meta":[],"product_brand":[],"product_cat":[628,776,319],"product_tag":[],"class_list":{"0":"post-15281","1":"product","2":"type-product","3":"status-publish","4":"has-post-thumbnail","6":"product_cat-au-lait-de-vaches","7":"product_cat-produit-frais","8":"product_cat-fromages","10":"first","11":"instock","12":"taxable","13":"shipping-taxable","14":"product-type-variable"},"jetpack_sharing_enabled":true,"_links":{"self":[{"href":"https:\/\/france-gastronomie.shop\/fr\/wp-json\/wp\/v2\/product\/15281","targetHints":{"allow":["GET"]}}],"collection":[{"href":"https:\/\/france-gastronomie.shop\/fr\/wp-json\/wp\/v2\/product"}],"about":[{"href":"https:\/\/france-gastronomie.shop\/fr\/wp-json\/wp\/v2\/types\/product"}],"replies":[{"embeddable":true,"href":"https:\/\/france-gastronomie.shop\/fr\/wp-json\/wp\/v2\/comments?post=15281"}],"wp:featuredmedia":[{"embeddable":true,"href":"https:\/\/france-gastronomie.shop\/fr\/wp-json\/wp\/v2\/media\/14556"}],"wp:attachment":[{"href":"https:\/\/france-gastronomie.shop\/fr\/wp-json\/wp\/v2\/media?parent=15281"}],"wp:term":[{"taxonomy":"product_brand","embeddable":true,"href":"https:\/\/france-gastronomie.shop\/fr\/wp-json\/wp\/v2\/product_brand?post=15281"},{"taxonomy":"product_cat","embeddable":true,"href":"https:\/\/france-gastronomie.shop\/fr\/wp-json\/wp\/v2\/product_cat?post=15281"},{"taxonomy":"product_tag","embeddable":true,"href":"https:\/\/france-gastronomie.shop\/fr\/wp-json\/wp\/v2\/product_tag?post=15281"}],"curies":[{"name":"wp","href":"https:\/\/api.w.org\/{rel}","templated":true}]}}