{"id":15227,"date":"2023-10-26T05:33:26","date_gmt":"2023-10-26T05:33:26","guid":{"rendered":"https:\/\/france-gastronomie.shop\/?post_type=product&#038;p=15227"},"modified":"2025-10-07T07:14:32","modified_gmt":"2025-10-07T07:14:32","slug":"mimolette-vieille-12-mois","status":"publish","type":"product","link":"https:\/\/france-gastronomie.shop\/fr\/produit\/mimolette-vieille-12-mois\/","title":{"rendered":"Mimolette Vieille <br\/> 12 mois"},"content":{"rendered":"<h5>Mimolette Vieille 12 mois<\/h5>\n","protected":false},"excerpt":{"rendered":"<h5>Mimolette Vieille 12 mois<\/h5>\n<p>Cette Mimolette Vieille r\u00e9pond \u00e0 des crit\u00e8res stricts de fabrication qui lui permettent d\u2019arborer fi\u00e8rement le Label Rouge, gage d\u2019une qualit\u00e9 sup\u00e9rieure et d\u2019un plaisir optimal !<br \/>\nPour profiter au maximum de votre Mimolette Vieille, et de son go\u00fbt affirm\u00e9 \u00e0 la fois typ\u00e9 et fruit\u00e9, laissez-l\u00e0 \u00e0 temp\u00e9rature ambiante au moins 1 heure avant de la d\u00e9guster.<br \/>\n\u00c0 l\u2019ap\u00e9ritif, sa couleur orang\u00e9e sera du plus bel effet, en cubes ou sur des petits canap\u00e9s. Sa p\u00e2te se d\u00e9lite aussi en copeaux qui donneront couleur et saveur \u00e0 une salade compos\u00e9e.<br \/>\nEn cuisine, on l\u2019utilise \u00e9galement r\u00e2p\u00e9e pour rehausser le go\u00fbt des gratins de l\u00e9gumes et des souffl\u00e9s feuillet\u00e9s, quiches ainsi que dans des cakes sal\u00e9s.<\/p>\n<p><strong>Comme pour tous les fromages, il est important de le consommer \u00e0 temp\u00e9rature ambiante afin de pouvoir appr\u00e9cier toutes ses nuances de saveur.<\/strong><\/p>\n<p>R\u00e9gion: Nord, Lille<\/p>\n<p>Lait de vache pasteuris\u00e9<\/p>\n<p>P\u00e2te press\u00e9 non-cuite<\/p>\n<p>Allerg\u00e8nes : Lait<\/p>\n","protected":false},"featured_media":17225,"comment_status":"open","ping_status":"closed","template":"","meta":[],"product_brand":[],"product_cat":[628,776,319],"product_tag":[],"class_list":{"0":"post-15227","1":"product","2":"type-product","3":"status-publish","4":"has-post-thumbnail","6":"product_cat-au-lait-de-vaches","7":"product_cat-produit-frais","8":"product_cat-fromages","10":"first","11":"instock","12":"taxable","13":"shipping-taxable","14":"product-type-variable"},"jetpack_sharing_enabled":true,"_links":{"self":[{"href":"https:\/\/france-gastronomie.shop\/fr\/wp-json\/wp\/v2\/product\/15227","targetHints":{"allow":["GET"]}}],"collection":[{"href":"https:\/\/france-gastronomie.shop\/fr\/wp-json\/wp\/v2\/product"}],"about":[{"href":"https:\/\/france-gastronomie.shop\/fr\/wp-json\/wp\/v2\/types\/product"}],"replies":[{"embeddable":true,"href":"https:\/\/france-gastronomie.shop\/fr\/wp-json\/wp\/v2\/comments?post=15227"}],"wp:featuredmedia":[{"embeddable":true,"href":"https:\/\/france-gastronomie.shop\/fr\/wp-json\/wp\/v2\/media\/17225"}],"wp:attachment":[{"href":"https:\/\/france-gastronomie.shop\/fr\/wp-json\/wp\/v2\/media?parent=15227"}],"wp:term":[{"taxonomy":"product_brand","embeddable":true,"href":"https:\/\/france-gastronomie.shop\/fr\/wp-json\/wp\/v2\/product_brand?post=15227"},{"taxonomy":"product_cat","embeddable":true,"href":"https:\/\/france-gastronomie.shop\/fr\/wp-json\/wp\/v2\/product_cat?post=15227"},{"taxonomy":"product_tag","embeddable":true,"href":"https:\/\/france-gastronomie.shop\/fr\/wp-json\/wp\/v2\/product_tag?post=15227"}],"curies":[{"name":"wp","href":"https:\/\/api.w.org\/{rel}","templated":true}]}}