{"id":14893,"date":"2023-10-25T08:27:23","date_gmt":"2023-10-25T08:27:23","guid":{"rendered":"https:\/\/france-gastronomie.shop\/?post_type=product&#038;p=14893"},"modified":"2025-12-08T13:08:28","modified_gmt":"2025-12-08T13:08:28","slug":"emmental","status":"publish","type":"product","link":"https:\/\/france-gastronomie.shop\/fr\/produit\/emmental\/","title":{"rendered":"Emmental de Savoie <br\/> au lait cru"},"content":{"rendered":"<h5>Emmental de Savoie au lait cru<\/h5>\n<p>&nbsp;<\/p>\n","protected":false},"excerpt":{"rendered":"<h5>Emmental<\/h5>\n<p>L\u2019Emmental est r\u00e9put\u00e9 pour son go\u00fbt d\u00e9licat, l\u00e9g\u00e8rement fruit\u00e9 et beurr\u00e9. Contrairement \u00e0 d\u2019autres fromages plus puissants, il s\u00e9duit par sa douceur, ce qui en fait un fromage universellement appr\u00e9ci\u00e9. Plus l\u2019affinage est long, plus ses ar\u00f4mes deviennent prononc\u00e9s, avec des notes de noisette et parfois de foin sec.<\/p>\n<p>Traditionnellement, l\u2019Emmental est fabriqu\u00e9 \u00e0 partir de lait cru de vaches nourries \u00e0 l\u2019herbe et au foin. Le lait doit \u00eatre d\u2019une qualit\u00e9 irr\u00e9prochable pour assurer la r\u00e9ussite des grandes meules.<\/p>\n","protected":false},"featured_media":25514,"comment_status":"open","ping_status":"closed","template":"","meta":[],"product_brand":[],"product_cat":[628,776,319],"product_tag":[],"class_list":{"0":"post-14893","1":"product","2":"type-product","3":"status-publish","4":"has-post-thumbnail","6":"product_cat-au-lait-de-vaches","7":"product_cat-produit-frais","8":"product_cat-fromages","10":"first","11":"instock","12":"taxable","13":"shipping-taxable","14":"purchasable","15":"product-type-variable"},"jetpack_sharing_enabled":true,"_links":{"self":[{"href":"https:\/\/france-gastronomie.shop\/fr\/wp-json\/wp\/v2\/product\/14893","targetHints":{"allow":["GET"]}}],"collection":[{"href":"https:\/\/france-gastronomie.shop\/fr\/wp-json\/wp\/v2\/product"}],"about":[{"href":"https:\/\/france-gastronomie.shop\/fr\/wp-json\/wp\/v2\/types\/product"}],"replies":[{"embeddable":true,"href":"https:\/\/france-gastronomie.shop\/fr\/wp-json\/wp\/v2\/comments?post=14893"}],"wp:featuredmedia":[{"embeddable":true,"href":"https:\/\/france-gastronomie.shop\/fr\/wp-json\/wp\/v2\/media\/25514"}],"wp:attachment":[{"href":"https:\/\/france-gastronomie.shop\/fr\/wp-json\/wp\/v2\/media?parent=14893"}],"wp:term":[{"taxonomy":"product_brand","embeddable":true,"href":"https:\/\/france-gastronomie.shop\/fr\/wp-json\/wp\/v2\/product_brand?post=14893"},{"taxonomy":"product_cat","embeddable":true,"href":"https:\/\/france-gastronomie.shop\/fr\/wp-json\/wp\/v2\/product_cat?post=14893"},{"taxonomy":"product_tag","embeddable":true,"href":"https:\/\/france-gastronomie.shop\/fr\/wp-json\/wp\/v2\/product_tag?post=14893"}],"curies":[{"name":"wp","href":"https:\/\/api.w.org\/{rel}","templated":true}]}}