{"id":14834,"date":"2023-10-25T07:33:25","date_gmt":"2023-10-25T07:33:25","guid":{"rendered":"https:\/\/france-gastronomie.shop\/?post_type=product&#038;p=14834"},"modified":"2025-12-08T12:08:47","modified_gmt":"2025-12-08T12:08:47","slug":"tomme-savoie-igp","status":"publish","type":"product","link":"https:\/\/france-gastronomie.shop\/fr\/produit\/tomme-savoie-igp\/","title":{"rendered":"Tomme de Savoie <br\/> IGP au lait cru"},"content":{"rendered":"<h5>Tomme Savoie IGP<\/h5>\n","protected":false},"excerpt":{"rendered":"<h5>Tomme Savoie IGP<\/h5>\n<p>Pendant des si\u00e8cles, les familles savoyardes ont fabriqu\u00e9 du beurre \u00e0 partir de la cr\u00e8me du lait et le reste du lait servait \u00e0 la fabrication d\u2019un fromage de petite taille, la Tomme de Savoie.<\/p>\n","protected":false},"featured_media":14835,"comment_status":"open","ping_status":"closed","template":"","meta":[],"product_brand":[],"product_cat":[628,776,319],"product_tag":[],"class_list":{"0":"post-14834","1":"product","2":"type-product","3":"status-publish","4":"has-post-thumbnail","6":"product_cat-au-lait-de-vaches","7":"product_cat-produit-frais","8":"product_cat-fromages","10":"first","11":"instock","12":"taxable","13":"shipping-taxable","14":"purchasable","15":"product-type-variable"},"jetpack_sharing_enabled":true,"_links":{"self":[{"href":"https:\/\/france-gastronomie.shop\/fr\/wp-json\/wp\/v2\/product\/14834","targetHints":{"allow":["GET"]}}],"collection":[{"href":"https:\/\/france-gastronomie.shop\/fr\/wp-json\/wp\/v2\/product"}],"about":[{"href":"https:\/\/france-gastronomie.shop\/fr\/wp-json\/wp\/v2\/types\/product"}],"replies":[{"embeddable":true,"href":"https:\/\/france-gastronomie.shop\/fr\/wp-json\/wp\/v2\/comments?post=14834"}],"wp:featuredmedia":[{"embeddable":true,"href":"https:\/\/france-gastronomie.shop\/fr\/wp-json\/wp\/v2\/media\/14835"}],"wp:attachment":[{"href":"https:\/\/france-gastronomie.shop\/fr\/wp-json\/wp\/v2\/media?parent=14834"}],"wp:term":[{"taxonomy":"product_brand","embeddable":true,"href":"https:\/\/france-gastronomie.shop\/fr\/wp-json\/wp\/v2\/product_brand?post=14834"},{"taxonomy":"product_cat","embeddable":true,"href":"https:\/\/france-gastronomie.shop\/fr\/wp-json\/wp\/v2\/product_cat?post=14834"},{"taxonomy":"product_tag","embeddable":true,"href":"https:\/\/france-gastronomie.shop\/fr\/wp-json\/wp\/v2\/product_tag?post=14834"}],"curies":[{"name":"wp","href":"https:\/\/api.w.org\/{rel}","templated":true}]}}