{"id":14543,"date":"2023-09-18T07:17:26","date_gmt":"2023-09-18T07:17:26","guid":{"rendered":"https:\/\/france-gastronomie.shop\/?post_type=product&#038;p=14543"},"modified":"2025-11-22T11:29:21","modified_gmt":"2025-11-22T11:29:21","slug":"ch-pericou-vin-de-bordeaux","status":"publish","type":"product","link":"https:\/\/france-gastronomie.shop\/fr\/produit\/ch-pericou-vin-de-bordeaux\/","title":{"rendered":"Ch Pericou <br\/> Vin de Bordeaux"},"content":{"rendered":"<h5>Ch\u00e2teau P\u00e9ricou<\/h5>\n<h5>AOC Vin de Bordeaux<\/h5>\n<p>ORIGINE &#8211; TERROIR<br \/>\nLe Ch\u00e2teau P\u00e9ricou a appartenu \u00e0 Yves Courpon, une figure embl\u00e9matique de Cavignac &#8211; village o\u00f9 le domaine est situ\u00e9 &#8211; qui \u00e9tait propri\u00e9taire du c\u00e9l\u00e8bre bistrot parisien \u00ab\u00a0Le Max\u00e9ville\u00a0\u00bb. Tr\u00e8s attach\u00e9 \u00e0 son village et ses racines, il a l\u00e9gu\u00e9 \u00e0 son d\u00e9c\u00e8s une partie de ses biens, dont ce vignoble, \u00e0 la commune de Cavignac.<br \/>\nLe domaine couvre ajourd&rsquo;hui 12 hectares plant\u00e9s sur terroir argilo-calcaire.<\/p>\n<p>VINIFICATION<br \/>\nR\u00e9colte \u00e0 maturit\u00e9 optimale<br \/>\nVinification traditionnelle en cuves b\u00e9ton<br \/>\nElevage en cuves<\/p>\n<p>CEPAGES<br \/>\n80 % Merlot, 15 % Cabernet Franc, 5 % Cabernet Sauvignon<\/p>\n<p>DEGUSTATION<br \/>\nD&rsquo;une belle couleur rubis limpide, le Ch\u00e2teau P\u00e9ricou est un vin bien \u00e9quilibr\u00e9, aux tanins souples et aux d\u00e9licates notes de fruits rouges frais. Un Bordeaux typique de l&rsquo;appellation, authentique et \u00e9l\u00e9gant.<\/p>\n<p>ACCORDS METS &amp; VINS<br \/>\nLe Ch\u00e2teau P\u00e9ricou sera le compagnon id\u00e9al des viandes grill\u00e9es, des plats en sauce et des fromages pas trop affin\u00e9s.<br \/>\nServir entre 16 &#8211; 18 \u00b0C<\/p>\n","protected":false},"excerpt":{"rendered":"<h5>AOC Vin de Bordeaux<\/h5>\n<p>Maison Le Star est la concr\u00e9tisation d\u2019un r\u00eave et l\u2019expression d\u2019une passion.<br \/>\nEntour\u00e9 d\u2019une \u00e9quipe de professionnels, \u0153nologues et sommeliers, garants de la qualit\u00e9 des vins que nous produisons et s\u00e9lectionnons, nous offrons aux futurs amateurs et aux connaisseurs du monde entier des vins fran\u00e7ais de qualit\u00e9 au prix juste.<\/p>\n<p>CEPAGES<br \/>\n80 % Merlot, 15 % Cabernet Franc, 5 % Cabernet Sauvignon<\/p>\n","protected":false},"featured_media":14531,"comment_status":"closed","ping_status":"closed","template":"","meta":[],"product_brand":[],"product_cat":[85,242,243,263,250,29],"product_tag":[],"class_list":{"0":"post-14543","1":"product","2":"type-product","3":"status-publish","4":"has-post-thumbnail","6":"product_cat-vins","7":"product_cat-regions","8":"product_cat-bordeaux","9":"product_cat-vins-de-bordeaux","10":"product_cat-couleur","11":"product_cat-vin-rouge","13":"first","14":"outofstock","15":"taxable","16":"shipping-taxable","17":"purchasable","18":"product-type-simple"},"jetpack_sharing_enabled":true,"_links":{"self":[{"href":"https:\/\/france-gastronomie.shop\/fr\/wp-json\/wp\/v2\/product\/14543","targetHints":{"allow":["GET"]}}],"collection":[{"href":"https:\/\/france-gastronomie.shop\/fr\/wp-json\/wp\/v2\/product"}],"about":[{"href":"https:\/\/france-gastronomie.shop\/fr\/wp-json\/wp\/v2\/types\/product"}],"replies":[{"embeddable":true,"href":"https:\/\/france-gastronomie.shop\/fr\/wp-json\/wp\/v2\/comments?post=14543"}],"wp:featuredmedia":[{"embeddable":true,"href":"https:\/\/france-gastronomie.shop\/fr\/wp-json\/wp\/v2\/media\/14531"}],"wp:attachment":[{"href":"https:\/\/france-gastronomie.shop\/fr\/wp-json\/wp\/v2\/media?parent=14543"}],"wp:term":[{"taxonomy":"product_brand","embeddable":true,"href":"https:\/\/france-gastronomie.shop\/fr\/wp-json\/wp\/v2\/product_brand?post=14543"},{"taxonomy":"product_cat","embeddable":true,"href":"https:\/\/france-gastronomie.shop\/fr\/wp-json\/wp\/v2\/product_cat?post=14543"},{"taxonomy":"product_tag","embeddable":true,"href":"https:\/\/france-gastronomie.shop\/fr\/wp-json\/wp\/v2\/product_tag?post=14543"}],"curies":[{"name":"wp","href":"https:\/\/api.w.org\/{rel}","templated":true}]}}