{"id":14471,"date":"2023-08-21T09:18:05","date_gmt":"2023-08-21T09:18:05","guid":{"rendered":"https:\/\/france-gastronomie.shop\/?post_type=product&#038;p=14471"},"modified":"2024-10-31T09:30:17","modified_gmt":"2024-10-31T09:30:17","slug":"cremant-reserve-de-labbaye-cuvee-arthur-metz","status":"publish","type":"product","link":"https:\/\/france-gastronomie.shop\/fr\/produit\/cremant-reserve-de-labbaye-cuvee-arthur-metz\/","title":{"rendered":"Cr\u00e9mant R\u00e9serve de l&rsquo;Abbaye Cuv\u00e9e <br\/> Arthur Metz"},"content":{"rendered":"<h5 class=\"h1\">Cr\u00e9mant R\u00e9serve de l&rsquo;Abbaye Cuv\u00e9e<\/h5>\n<h5>AOP Cr\u00e9mant d&rsquo;Alsace<br \/>\nArthur Metz<\/h5>\n<p>Cette cuv\u00e9e 1904 c\u00e9l\u00e8bre le commencement de l&rsquo;histoire viticole de la famille Metz. Un Cr\u00e9mant aux bulles fines et aux ar\u00f4mes d\u00e9velopp\u00e9s.<\/p>\n<p>Raisins r\u00e9colt\u00e9s manuellement \u00e0 parfaite maturit\u00e9<br \/>\nM\u00e9thode traditionnelle<br \/>\nVieillissement sur lattes<br \/>\nBulles fines et r\u00e9guli\u00e8res<\/p>\n<p>C\u00e9page<strong><br \/>\n<\/strong>Auxerrois, Pinot Blanc, Pinot Gris, Pinot Noir, Chardonnay<\/p>\n<p>D\u00e9gustation<br \/>\nOeil: jaune clair aux reflets or, mousse fine<br \/>\nNez: d\u00e9licat, floral et aux notes de fruits blancs<br \/>\nBouche: bulles fines et agr\u00e9ables, bouche \u00e9l\u00e9gante, sur une finale fruit\u00e9e<\/p>\n<p>Accords Mets-Vin<br \/>\nBouch\u00e9es individuelles sal\u00e9es, mignardises, poissons blancs (bar, daurade&#8230;), fromages frais (\u00e0 l&rsquo;ail, \u00e0 la ciboulette&#8230;), fromages de ch\u00e8vre affin\u00e9s, salade de fruits d&rsquo;\u00e9t\u00e9<\/p>\n<p>Temp\u00e9rature de service: 8-10\u00b0C<br \/>\nDegr\u00e9 d&rsquo;alcool: 12\u00b0<br \/>\nSucrosit\u00e9: brut<br \/>\nGarde: 1-3 ans<\/p>\n","protected":false},"excerpt":{"rendered":"<h5>Arthur Metz<\/h5>\n<p>Depuis 1904, nous \u0153uvrons pour vous offrir des cuv\u00e9es de grande qualit\u00e9. Nos gammes, alliant tradition et modernit\u00e9, accessibilit\u00e9 et prestige, offrent un panel de choix pour tous les amateurs de fines bulles.<\/p>\n","protected":false},"featured_media":14474,"comment_status":"open","ping_status":"closed","template":"","meta":[],"product_brand":[],"product_cat":[85,251,242,246,259,261,250,19],"product_tag":[],"class_list":{"0":"post-14471","1":"product","2":"type-product","3":"status-publish","4":"has-post-thumbnail","6":"product_cat-vins","7":"product_cat-grands-vins","8":"product_cat-regions","9":"product_cat-alsace","10":"product_cat-petillants","11":"product_cat-cremant","12":"product_cat-couleur","13":"product_cat-vin-blanc","15":"first","16":"instock","17":"taxable","18":"shipping-taxable","19":"purchasable","20":"product-type-simple"},"jetpack_sharing_enabled":true,"_links":{"self":[{"href":"https:\/\/france-gastronomie.shop\/fr\/wp-json\/wp\/v2\/product\/14471","targetHints":{"allow":["GET"]}}],"collection":[{"href":"https:\/\/france-gastronomie.shop\/fr\/wp-json\/wp\/v2\/product"}],"about":[{"href":"https:\/\/france-gastronomie.shop\/fr\/wp-json\/wp\/v2\/types\/product"}],"replies":[{"embeddable":true,"href":"https:\/\/france-gastronomie.shop\/fr\/wp-json\/wp\/v2\/comments?post=14471"}],"wp:featuredmedia":[{"embeddable":true,"href":"https:\/\/france-gastronomie.shop\/fr\/wp-json\/wp\/v2\/media\/14474"}],"wp:attachment":[{"href":"https:\/\/france-gastronomie.shop\/fr\/wp-json\/wp\/v2\/media?parent=14471"}],"wp:term":[{"taxonomy":"product_brand","embeddable":true,"href":"https:\/\/france-gastronomie.shop\/fr\/wp-json\/wp\/v2\/product_brand?post=14471"},{"taxonomy":"product_cat","embeddable":true,"href":"https:\/\/france-gastronomie.shop\/fr\/wp-json\/wp\/v2\/product_cat?post=14471"},{"taxonomy":"product_tag","embeddable":true,"href":"https:\/\/france-gastronomie.shop\/fr\/wp-json\/wp\/v2\/product_tag?post=14471"}],"curies":[{"name":"wp","href":"https:\/\/api.w.org\/{rel}","templated":true}]}}