{"id":14465,"date":"2023-08-21T08:56:37","date_gmt":"2023-08-21T08:56:37","guid":{"rendered":"https:\/\/france-gastronomie.shop\/?post_type=product&#038;p=14465"},"modified":"2025-10-20T09:24:51","modified_gmt":"2025-10-20T09:24:51","slug":"cremant-reserve-de-labbaye-rose-arthur-metz","status":"publish","type":"product","link":"https:\/\/france-gastronomie.shop\/fr\/produit\/cremant-reserve-de-labbaye-rose-arthur-metz\/","title":{"rendered":"Cr\u00e9mant R\u00e9serve de l&rsquo;Abbaye Ros\u00e9 <br\/> Arthur Metz"},"content":{"rendered":"<h5 class=\"h1\">Cr\u00e9mant R\u00e9serve de l&rsquo;Abbaye Ros\u00e9<\/h5>\n<h5>AOP Cr\u00e9mant d&rsquo;Alsace<br \/>\nArthur Metz<\/h5>\n<p>La finesse de ce Cr\u00e9mant est principalement obtenue gr\u00e2ce \u00e0 une s\u00e9lection stricte des raisins. Issu exclusivement du c\u00e9page Pinot Noir, ce Cr\u00e9mant d&rsquo;Alsace est \u00e9labor\u00e9 \u00e0 partir des plus belles r\u00e9coltes de la vendange.<\/p>\n<p>Raisins r\u00e9colt\u00e9s manuellement \u00e0 parfaite maturit\u00e9<br \/>\nM\u00e9thode traditionnelle<br \/>\nVieillissement sur lattes<br \/>\nBulles onctueuses<\/p>\n<p>C\u00e9page<strong><br \/>\n<\/strong>Pinot Noir<\/p>\n<p>D\u00e9gustation<br \/>\nOeil: rose p\u00eache<br \/>\nNez: d\u00e9licat sur des notes de petits fruits rouges<br \/>\nBouche: Rond et gourmand, belle longueur et \u00e9quilibre harmonieux, une finale sur des notes \u00e9pic\u00e9es<\/p>\n<p>Accords Mets-Vin<br \/>\nBouch\u00e9es individuelles sal\u00e9es, blopignon, tapas, l\u00e9gumes grill\u00e9s, couscous, plats \u00e9pic\u00e9s, fromages aromatis\u00e9s, charlotte aux fraises<\/p>\n<p>Temp\u00e9rature de service: 8-10\u00b0C<br \/>\nDegr\u00e9 d&rsquo;alcool: 12\u00b0<br \/>\nSucrosit\u00e9: sec<br \/>\nGarde: 1-3 ans<\/p>\n","protected":false},"excerpt":{"rendered":"<h5>Arthur Metz<\/h5>\n<p>Depuis 1904, nous \u0153uvrons pour vous offrir des cuv\u00e9es de grande qualit\u00e9. Nos gammes, alliant tradition et modernit\u00e9, accessibilit\u00e9 et prestige, offrent un panel de choix pour tous les amateurs de fines bulles.<\/p>\n","protected":false},"featured_media":14468,"comment_status":"open","ping_status":"closed","template":"","meta":[],"product_brand":[],"product_cat":[85,251,242,246,259,261,250,30],"product_tag":[],"class_list":{"0":"post-14465","1":"product","2":"type-product","3":"status-publish","4":"has-post-thumbnail","6":"product_cat-vins","7":"product_cat-grands-vins","8":"product_cat-regions","9":"product_cat-alsace","10":"product_cat-petillants","11":"product_cat-cremant","12":"product_cat-couleur","13":"product_cat-vin-rose","15":"first","16":"outofstock","17":"taxable","18":"shipping-taxable","19":"purchasable","20":"product-type-simple"},"jetpack_sharing_enabled":true,"_links":{"self":[{"href":"https:\/\/france-gastronomie.shop\/fr\/wp-json\/wp\/v2\/product\/14465","targetHints":{"allow":["GET"]}}],"collection":[{"href":"https:\/\/france-gastronomie.shop\/fr\/wp-json\/wp\/v2\/product"}],"about":[{"href":"https:\/\/france-gastronomie.shop\/fr\/wp-json\/wp\/v2\/types\/product"}],"replies":[{"embeddable":true,"href":"https:\/\/france-gastronomie.shop\/fr\/wp-json\/wp\/v2\/comments?post=14465"}],"wp:featuredmedia":[{"embeddable":true,"href":"https:\/\/france-gastronomie.shop\/fr\/wp-json\/wp\/v2\/media\/14468"}],"wp:attachment":[{"href":"https:\/\/france-gastronomie.shop\/fr\/wp-json\/wp\/v2\/media?parent=14465"}],"wp:term":[{"taxonomy":"product_brand","embeddable":true,"href":"https:\/\/france-gastronomie.shop\/fr\/wp-json\/wp\/v2\/product_brand?post=14465"},{"taxonomy":"product_cat","embeddable":true,"href":"https:\/\/france-gastronomie.shop\/fr\/wp-json\/wp\/v2\/product_cat?post=14465"},{"taxonomy":"product_tag","embeddable":true,"href":"https:\/\/france-gastronomie.shop\/fr\/wp-json\/wp\/v2\/product_tag?post=14465"}],"curies":[{"name":"wp","href":"https:\/\/api.w.org\/{rel}","templated":true}]}}